{"id":9665,"date":"2021-10-19T16:57:59","date_gmt":"2021-10-19T14:57:59","guid":{"rendered":"https:\/\/www.biovegan.de\/?page_id=9665"},"modified":"2024-01-03T14:13:43","modified_gmt":"2024-01-03T13:13:43","slug":"rainforest-alliance-zertifiziert","status":"publish","type":"page","link":"https:\/\/www.biovegan.de\/fr\/rainforest-alliance-zertifiziert\/","title":{"rendered":"Rainforest Alliance zertifiziert"},"content":{"rendered":"\t\t<div data-elementor-type=\"wp-page\" data-elementor-id=\"9665\" class=\"elementor elementor-9665 elementor-4905\" data-elementor-post-type=\"page\">\n\t\t\t\t\t\t<section class=\"elementor-section elementor-top-section elementor-element elementor-element-2e7b968 elementor-section-full_width elementor-section-height-default elementor-section-height-default\" data-id=\"2e7b968\" data-element_type=\"section\" data-e-type=\"section\">\n\t\t\t\t\t\t<div class=\"elementor-container elementor-column-gap-default\">\n\t\t\t\t\t<div class=\"elementor-column elementor-col-100 elementor-top-column elementor-element elementor-element-6898b63\" data-id=\"6898b63\" data-element_type=\"column\" data-e-type=\"column\">\n\t\t\t<div class=\"elementor-widget-wrap elementor-element-populated\">\n\t\t\t\t\t\t<div class=\"elementor-element elementor-element-f3d2955 elementor-widget elementor-widget-image\" data-id=\"f3d2955\" data-element_type=\"widget\" data-e-type=\"widget\" data-widget_type=\"image.default\">\n\t\t\t\t<div class=\"elementor-widget-container\">\n\t\t\t\t\t        <div style=\"-webkit-transform: rotate(0deg);\n    \t\t-moz-transform: rotate(0deg);\n    \t\t-o-transform: rotate(0deg);\n    \t\t-ms-transform: rotate(0deg);\n    \t\ttransform: rotate(0deg);\" class=\"elementor-image\">\n                                                <img fetchpriority=\"high\" decoding=\"async\" width=\"2560\" height=\"800\" src=\"https:\/\/www.biovegan.de\/wp-content\/uploads\/2023\/04\/RFA-Header-2560x800px-neu.jpg\" class=\"attachment-full size-full wp-image-34487\" alt=\"\" srcset=\"https:\/\/www.biovegan.de\/wp-content\/uploads\/2023\/04\/RFA-Header-2560x800px-neu.jpg 2560w, https:\/\/www.biovegan.de\/wp-content\/uploads\/2023\/04\/RFA-Header-2560x800px-neu-300x94.jpg 300w, https:\/\/www.biovegan.de\/wp-content\/uploads\/2023\/04\/RFA-Header-2560x800px-neu-1024x320.jpg 1024w, https:\/\/www.biovegan.de\/wp-content\/uploads\/2023\/04\/RFA-Header-2560x800px-neu-768x240.jpg 768w, https:\/\/www.biovegan.de\/wp-content\/uploads\/2023\/04\/RFA-Header-2560x800px-neu-1536x480.jpg 1536w, https:\/\/www.biovegan.de\/wp-content\/uploads\/2023\/04\/RFA-Header-2560x800px-neu-2048x640.jpg 2048w, https:\/\/www.biovegan.de\/wp-content\/uploads\/2023\/04\/RFA-Header-2560x800px-neu-160x50.jpg 160w, https:\/\/www.biovegan.de\/wp-content\/uploads\/2023\/04\/RFA-Header-2560x800px-neu-350x109.jpg 350w, https:\/\/www.biovegan.de\/wp-content\/uploads\/2023\/04\/RFA-Header-2560x800px-neu-177x55.jpg 177w\" sizes=\"(max-width: 2560px) 100vw, 2560px\" \/>                                                            <\/div>\n        \t\t\t\t<\/div>\n\t\t\t\t<\/div>\n\t\t\t\t\t<\/div>\n\t\t<\/div>\n\t\t\t\t\t<\/div>\n\t\t<\/section>\n\t\t\t\t<section class=\"elementor-section elementor-top-section elementor-element elementor-element-4f2676e3 elementor-section-boxed elementor-section-height-default elementor-section-height-default\" data-id=\"4f2676e3\" data-element_type=\"section\" data-e-type=\"section\">\n\t\t\t\t\t\t<div class=\"elementor-container elementor-column-gap-default\">\n\t\t\t\t\t<div class=\"elementor-column elementor-col-100 elementor-top-column elementor-element elementor-element-798fea3a\" data-id=\"798fea3a\" data-element_type=\"column\" data-e-type=\"column\">\n\t\t\t<div class=\"elementor-widget-wrap elementor-element-populated\">\n\t\t\t\t\t\t<div class=\"elementor-element elementor-element-30229118 elementor-widget elementor-widget-heading\" data-id=\"30229118\" data-element_type=\"widget\" data-e-type=\"widget\" data-widget_type=\"heading.default\">\n\t\t\t\t<div class=\"elementor-widget-container\">\n\t\t\t\t\t<h1 class=\"elementor-heading-title elementor-size-xxl\">vanille bourbon \u00e9quitable et durable<\/h1>\t\t\t\t<\/div>\n\t\t\t\t<\/div>\n\t\t\t\t<div class=\"elementor-element elementor-element-0da7692 elementor-widget elementor-widget-heading\" data-id=\"0da7692\" data-element_type=\"widget\" data-e-type=\"widget\" data-widget_type=\"heading.default\">\n\t\t\t\t<div class=\"elementor-widget-container\">\n\t\t\t\t\t<h2 class=\"elementor-heading-title elementor-size-large\">Depuis 2020, la vanille Bourbon BIOVEGAN se distingue par le label le label Rainforest Alliance Certified.<\/h2>\t\t\t\t<\/div>\n\t\t\t\t<\/div>\n\t\t\t\t\t<\/div>\n\t\t<\/div>\n\t\t\t\t\t<\/div>\n\t\t<\/section>\n\t\t\t\t<section class=\"elementor-section elementor-top-section elementor-element elementor-element-745e0c52 elementor-section-boxed elementor-section-height-default elementor-section-height-default\" data-id=\"745e0c52\" data-element_type=\"section\" data-e-type=\"section\">\n\t\t\t\t\t\t<div class=\"elementor-container elementor-column-gap-default\">\n\t\t\t\t\t<div class=\"elementor-column elementor-col-50 elementor-top-column elementor-element elementor-element-3ce8352\" data-id=\"3ce8352\" data-element_type=\"column\" data-e-type=\"column\">\n\t\t\t<div class=\"elementor-widget-wrap elementor-element-populated\">\n\t\t\t\t\t\t<div class=\"elementor-element elementor-element-7cf012cc elementor-widget elementor-widget-image\" data-id=\"7cf012cc\" data-element_type=\"widget\" data-e-type=\"widget\" data-widget_type=\"image.default\">\n\t\t\t\t<div class=\"elementor-widget-container\">\n\t\t\t\t\t        <div style=\"-webkit-transform: rotate(0deg);\n    \t\t-moz-transform: rotate(0deg);\n    \t\t-o-transform: rotate(0deg);\n    \t\t-ms-transform: rotate(0deg);\n    \t\ttransform: rotate(0deg);\" class=\"elementor-image\">\n                                                <img decoding=\"async\" src=\"https:\/\/www.biovegan.de\/wp-content\/uploads\/elementor\/thumbs\/1420061-scaled-qd46yzb1fpjvffs58ovet3t5xs92do9y2dqh13dsmc.jpg\" title=\"_1420061\" alt=\"_1420061\" loading=\"lazy\" \/>                                                            <\/div>\n        \t\t\t\t<\/div>\n\t\t\t\t<\/div>\n\t\t\t\t\t<\/div>\n\t\t<\/div>\n\t\t\t\t<div class=\"elementor-column elementor-col-50 elementor-top-column elementor-element elementor-element-1ffbbc4c\" data-id=\"1ffbbc4c\" data-element_type=\"column\" data-e-type=\"column\">\n\t\t\t<div class=\"elementor-widget-wrap elementor-element-populated\">\n\t\t\t\t\t\t<div class=\"elementor-element elementor-element-723889b elementor-widget elementor-widget-text-editor\" data-id=\"723889b\" data-element_type=\"widget\" data-e-type=\"widget\" data-widget_type=\"text-editor.default\">\n\t\t\t\t<div class=\"elementor-widget-container\">\n\t\t\t\t\t\t\t\t\t<p>L&rsquo;origine et la qualit\u00e9 des mati\u00e8res premi\u00e8res jouent un r\u00f4le central pour nous &#8211; c&rsquo;est \u00e9galement le cas pour notre vanille Bourbon. C&rsquo;est pourquoi, depuis 2020, nous nous approvisionnons exclusivement aupr\u00e8s de cultivateurs certifi\u00e9s par la Rainforest Alliance, afin de soutenir notre engagement en faveur de la protection de l&rsquo;homme et de l&rsquo;environnement.<\/p><p>En collaboration avec les producteurs, les entreprises, les consommateurs et d&rsquo;autres, la Rainforest Alliance s&rsquo;engage pour un avenir meilleur pour l&rsquo;homme et la nature. Cela implique de contribuer \u00e0 la protection de la biodiversit\u00e9 et des ressources naturelles, ainsi qu&rsquo;\u00e0 des syst\u00e8mes efficaces de planification et de gestion des exploitations agricoles. En outre, la certification contribue \u00e0 garantir de meilleures conditions de vie et le bien-\u00eatre humain au niveau local.<\/p>\t\t\t\t\t\t\t\t<\/div>\n\t\t\t\t<\/div>\n\t\t\t\t\t<\/div>\n\t\t<\/div>\n\t\t\t\t\t<\/div>\n\t\t<\/section>\n\t\t\t\t<section class=\"elementor-section elementor-top-section elementor-element elementor-element-7e6ce0b elementor-section-boxed elementor-section-height-default elementor-section-height-default\" data-id=\"7e6ce0b\" data-element_type=\"section\" data-e-type=\"section\">\n\t\t\t\t\t\t<div class=\"elementor-container elementor-column-gap-default\">\n\t\t\t\t\t<div class=\"elementor-column elementor-col-100 elementor-top-column elementor-element elementor-element-c4249cc\" data-id=\"c4249cc\" data-element_type=\"column\" data-e-type=\"column\">\n\t\t\t<div class=\"elementor-widget-wrap elementor-element-populated\">\n\t\t\t\t\t\t<div class=\"elementor-element elementor-element-0dcc105 elementor-widget elementor-widget-text-editor\" data-id=\"0dcc105\" data-element_type=\"widget\" data-e-type=\"widget\" data-widget_type=\"text-editor.default\">\n\t\t\t\t<div class=\"elementor-widget-container\">\n\t\t\t\t\t\t\t\t\t<p>Le sceau RFA est exclusivement utilis\u00e9 par les entreprises agricoles certifi\u00e9es selon la norme de la Rainforest Alliance pour l&rsquo;agriculture durable. Une fois l&rsquo;accord \u00e9crit sign\u00e9, les produits de ces fermes certifi\u00e9es peuvent \u00eatre commercialis\u00e9s ou vendus. La meilleure vanille Bourbon issue d&rsquo;une culture \u00e9quitable et certifi\u00e9e durable n&rsquo;est disponible que chez BIOVEGAN.<\/p>\t\t\t\t\t\t\t\t<\/div>\n\t\t\t\t<\/div>\n\t\t\t\t\t<\/div>\n\t\t<\/div>\n\t\t\t\t\t<\/div>\n\t\t<\/section>\n\t\t\t\t<section class=\"elementor-section elementor-top-section elementor-element elementor-element-9e43aa9 elementor-section-boxed elementor-section-height-default elementor-section-height-default\" data-id=\"9e43aa9\" data-element_type=\"section\" data-e-type=\"section\">\n\t\t\t\t\t\t<div class=\"elementor-container elementor-column-gap-default\">\n\t\t\t\t\t<div class=\"elementor-column elementor-col-100 elementor-top-column elementor-element elementor-element-e3a6bf6\" data-id=\"e3a6bf6\" data-element_type=\"column\" data-e-type=\"column\">\n\t\t\t<div class=\"elementor-widget-wrap elementor-element-populated\">\n\t\t\t\t\t\t<div class=\"elementor-element elementor-element-d4f7ff3 elementor-widget elementor-widget-text-editor\" data-id=\"d4f7ff3\" data-element_type=\"widget\" data-e-type=\"widget\" data-widget_type=\"text-editor.default\">\n\t\t\t\t<div class=\"elementor-widget-container\">\n\t\t\t\t\t\t\t\t\t<p>Le label Rainforest Alliance Certified est de plus en plus connu. Les consommateurs ont ainsi la confirmation que les produits ont \u00e9t\u00e9 cultiv\u00e9s dans des fermes \u00e9cologiquement et socialement responsables. Le label d\u00e9signe les produits qui ont \u00e9t\u00e9 certifi\u00e9s par un organisme accr\u00e9dit\u00e9 conform\u00e9ment aux normes strictes de la Rainforest Alliance en mati\u00e8re d&rsquo;agriculture durable.<\/p><p>En savoir plus sur <a href=\"https:\/\/www.rainforest-alliance.org\/\" target=\"_blank\" rel=\"noopener nofollow\">ra.org<\/a><\/p>\t\t\t\t\t\t\t\t<\/div>\n\t\t\t\t<\/div>\n\t\t\t\t\t<\/div>\n\t\t<\/div>\n\t\t\t\t\t<\/div>\n\t\t<\/section>\n\t\t\t\t<section class=\"elementor-section elementor-top-section elementor-element elementor-element-46b3c3b elementor-section-boxed elementor-section-height-default elementor-section-height-default\" data-id=\"46b3c3b\" data-element_type=\"section\" data-e-type=\"section\">\n\t\t\t\t\t\t<div class=\"elementor-container elementor-column-gap-default\">\n\t\t\t\t\t<div class=\"elementor-column elementor-col-100 elementor-top-column elementor-element elementor-element-cf1b3bc\" data-id=\"cf1b3bc\" data-element_type=\"column\" data-e-type=\"column\">\n\t\t\t<div class=\"elementor-widget-wrap elementor-element-populated\">\n\t\t\t\t\t\t<div class=\"elementor-element elementor-element-272f2fb elementor-widget elementor-widget-image\" data-id=\"272f2fb\" data-element_type=\"widget\" data-e-type=\"widget\" data-widget_type=\"image.default\">\n\t\t\t\t<div class=\"elementor-widget-container\">\n\t\t\t\t\t        <div style=\"-webkit-transform: rotate(0deg);\n    \t\t-moz-transform: rotate(0deg);\n    \t\t-o-transform: rotate(0deg);\n    \t\t-ms-transform: rotate(0deg);\n    \t\ttransform: rotate(0deg);\" class=\"elementor-image\">\n                                                <img decoding=\"async\" width=\"1024\" height=\"521\" src=\"https:\/\/www.biovegan.de\/wp-content\/uploads\/2023\/04\/VanillAMI-Team-1024x521.jpg\" class=\"attachment-large size-large wp-image-34504\" alt=\"\" srcset=\"https:\/\/www.biovegan.de\/wp-content\/uploads\/2023\/04\/VanillAMI-Team-1024x521.jpg 1024w, https:\/\/www.biovegan.de\/wp-content\/uploads\/2023\/04\/VanillAMI-Team-300x153.jpg 300w, https:\/\/www.biovegan.de\/wp-content\/uploads\/2023\/04\/VanillAMI-Team-768x391.jpg 768w, https:\/\/www.biovegan.de\/wp-content\/uploads\/2023\/04\/VanillAMI-Team-1536x781.jpg 1536w, https:\/\/www.biovegan.de\/wp-content\/uploads\/2023\/04\/VanillAMI-Team-2048x1042.jpg 2048w, https:\/\/www.biovegan.de\/wp-content\/uploads\/2023\/04\/VanillAMI-Team-160x81.jpg 160w, https:\/\/www.biovegan.de\/wp-content\/uploads\/2023\/04\/VanillAMI-Team-350x178.jpg 350w, https:\/\/www.biovegan.de\/wp-content\/uploads\/2023\/04\/VanillAMI-Team-177x90.jpg 177w\" sizes=\"(max-width: 1024px) 100vw, 1024px\" \/>                                                            <\/div>\n        \t\t\t\t<\/div>\n\t\t\t\t<\/div>\n\t\t\t\t\t<\/div>\n\t\t<\/div>\n\t\t\t\t\t<\/div>\n\t\t<\/section>\n\t\t\t\t<section class=\"elementor-section elementor-top-section elementor-element elementor-element-431cbe8 elementor-section-boxed elementor-section-height-default elementor-section-height-default\" data-id=\"431cbe8\" data-element_type=\"section\" data-e-type=\"section\">\n\t\t\t\t\t\t<div class=\"elementor-container elementor-column-gap-default\">\n\t\t\t\t\t<div class=\"elementor-column elementor-col-100 elementor-top-column elementor-element elementor-element-57a38e2\" data-id=\"57a38e2\" data-element_type=\"column\" data-e-type=\"column\">\n\t\t\t<div class=\"elementor-widget-wrap elementor-element-populated\">\n\t\t\t\t\t\t<div class=\"elementor-element elementor-element-3d7e885 elementor-widget elementor-widget-text-editor\" data-id=\"3d7e885\" data-element_type=\"widget\" data-e-type=\"widget\" data-widget_type=\"text-editor.default\">\n\t\t\t\t<div class=\"elementor-widget-container\">\n\t\t\t\t\t\t\t\t\t<p style=\"text-align: center;\"><a href=\"https:\/\/www.biovegan.de\/fr\/produits\/vanille-bourbon\/\" target=\"_blank\" rel=\"noopener\">&gt;Vers nos produits vanille<\/a><\/p>\t\t\t\t\t\t\t\t<\/div>\n\t\t\t\t<\/div>\n\t\t\t\t\t<\/div>\n\t\t<\/div>\n\t\t\t\t\t<\/div>\n\t\t<\/section>\n\t\t\t\t<\/div>\n\t\t","protected":false},"excerpt":{"rendered":"<p>vanille bourbon \u00e9quitable et durable Depuis 2020, la vanille Bourbon BIOVEGAN se distingue par le label le label Rainforest Alliance Certified. L&rsquo;origine et la qualit\u00e9 des mati\u00e8res premi\u00e8res jouent un r\u00f4le central pour nous &#8211; c&rsquo;est \u00e9galement le cas pour notre vanille Bourbon. C&rsquo;est pourquoi, depuis 2020, nous nous approvisionnons exclusivement aupr\u00e8s de cultivateurs certifi\u00e9s [&hellip;]<\/p>\n","protected":false},"author":1,"featured_media":0,"parent":0,"menu_order":0,"comment_status":"closed","ping_status":"closed","template":"","meta":{"_acf_changed":false,"footnotes":""},"class_list":["post-9665","page","type-page","status-publish","hentry","wpbf-post"],"acf":[],"_links":{"self":[{"href":"https:\/\/www.biovegan.de\/fr\/wp-json\/wp\/v2\/pages\/9665","targetHints":{"allow":["GET"]}}],"collection":[{"href":"https:\/\/www.biovegan.de\/fr\/wp-json\/wp\/v2\/pages"}],"about":[{"href":"https:\/\/www.biovegan.de\/fr\/wp-json\/wp\/v2\/types\/page"}],"author":[{"embeddable":true,"href":"https:\/\/www.biovegan.de\/fr\/wp-json\/wp\/v2\/users\/1"}],"replies":[{"embeddable":true,"href":"https:\/\/www.biovegan.de\/fr\/wp-json\/wp\/v2\/comments?post=9665"}],"version-history":[{"count":4,"href":"https:\/\/www.biovegan.de\/fr\/wp-json\/wp\/v2\/pages\/9665\/revisions"}],"predecessor-version":[{"id":36691,"href":"https:\/\/www.biovegan.de\/fr\/wp-json\/wp\/v2\/pages\/9665\/revisions\/36691"}],"wp:attachment":[{"href":"https:\/\/www.biovegan.de\/fr\/wp-json\/wp\/v2\/media?parent=9665"}],"curies":[{"name":"wp","href":"https:\/\/api.w.org\/{rel}","templated":true}]}}