{"id":9653,"date":"2021-10-19T14:09:43","date_gmt":"2021-10-19T12:09:43","guid":{"rendered":"https:\/\/www.biovegan.de\/?page_id=9653"},"modified":"2021-10-22T08:14:43","modified_gmt":"2021-10-22T06:14:43","slug":"pate-a-pain","status":"publish","type":"page","link":"https:\/\/www.biovegan.de\/fr\/produits\/pate-a-pain\/","title":{"rendered":"P\u00e2te \u00e0 pain"},"content":{"rendered":"\t\t<div data-elementor-type=\"wp-page\" data-elementor-id=\"9653\" class=\"elementor elementor-9653 elementor-963\" data-elementor-post-type=\"page\">\n\t\t\t\t\t\t<section class=\"elementor-section elementor-top-section elementor-element elementor-element-369f843c elementor-section-boxed elementor-section-height-default elementor-section-height-default\" data-id=\"369f843c\" data-element_type=\"section\" data-e-type=\"section\">\n\t\t\t\t\t\t<div class=\"elementor-container elementor-column-gap-default\">\n\t\t\t\t\t<div class=\"elementor-column elementor-col-100 elementor-top-column elementor-element elementor-element-55a5d2b0\" data-id=\"55a5d2b0\" data-element_type=\"column\" data-e-type=\"column\" data-settings=\"{&quot;background_background&quot;:&quot;classic&quot;}\">\n\t\t\t<div class=\"elementor-widget-wrap elementor-element-populated\">\n\t\t\t\t\t\t<div class=\"elementor-element elementor-element-5e7385f0 elementor-widget elementor-widget-image\" data-id=\"5e7385f0\" data-element_type=\"widget\" data-e-type=\"widget\" data-widget_type=\"image.default\">\n\t\t\t\t<div class=\"elementor-widget-container\">\n\t\t\t\t\t        <div style=\"-webkit-transform: rotate(0deg);\n    \t\t-moz-transform: rotate(0deg);\n    \t\t-o-transform: rotate(0deg);\n    \t\t-ms-transform: rotate(0deg);\n    \t\ttransform: rotate(0deg);\" class=\"elementor-image\">\n                                                <img decoding=\"async\" src=\"https:\/\/www.biovegan.de\/wp-content\/uploads\/elementor\/thumbs\/Herz-pkn8oj3vsx968sq4p6rvxa242mgoo2af23ttvix2og.jpg\" title=\"Herz\" alt=\"Herz\" loading=\"lazy\" \/>                                                            <\/div>\n        \t\t\t\t<\/div>\n\t\t\t\t<\/div>\n\t\t\t\t\t<\/div>\n\t\t<\/div>\n\t\t\t\t\t<\/div>\n\t\t<\/section>\n\t\t\t\t<section class=\"elementor-section elementor-top-section elementor-element elementor-element-3e0e8fb5 elementor-section-boxed elementor-section-height-default elementor-section-height-default\" data-id=\"3e0e8fb5\" data-element_type=\"section\" data-e-type=\"section\">\n\t\t\t\t\t\t<div class=\"elementor-container elementor-column-gap-default\">\n\t\t\t\t\t<div class=\"elementor-column elementor-col-100 elementor-top-column elementor-element elementor-element-6a46788a\" data-id=\"6a46788a\" data-element_type=\"column\" data-e-type=\"column\">\n\t\t\t<div class=\"elementor-widget-wrap elementor-element-populated\">\n\t\t\t\t\t\t<div class=\"elementor-element elementor-element-4359cf0c elementor-widget elementor-widget-heading\" data-id=\"4359cf0c\" data-element_type=\"widget\" data-e-type=\"widget\" data-widget_type=\"heading.default\">\n\t\t\t\t<div class=\"elementor-widget-container\">\n\t\t\t\t\t<h1 class=\"elementor-heading-title elementor-size-default\">P\u00e2te \u00e0 pain<\/h1>\t\t\t\t<\/div>\n\t\t\t\t<\/div>\n\t\t\t\t\t<\/div>\n\t\t<\/div>\n\t\t\t\t\t<\/div>\n\t\t<\/section>\n\t\t\t\t<section class=\"elementor-section elementor-top-section elementor-element elementor-element-52c96b77 elementor-section-boxed elementor-section-height-default elementor-section-height-default\" data-id=\"52c96b77\" data-element_type=\"section\" data-e-type=\"section\">\n\t\t\t\t\t\t<div class=\"elementor-container elementor-column-gap-default\">\n\t\t\t\t\t<div class=\"elementor-column elementor-col-100 elementor-top-column elementor-element elementor-element-639ad97b\" data-id=\"639ad97b\" data-element_type=\"column\" data-e-type=\"column\">\n\t\t\t<div class=\"elementor-widget-wrap elementor-element-populated\">\n\t\t\t\t\t\t<div class=\"elementor-element elementor-element-4c92d0cb elementor-widget elementor-widget-product-list\" data-id=\"4c92d0cb\" data-element_type=\"widget\" data-e-type=\"widget\" data-widget_type=\"product-list.default\">\n\t\t\t\t<div class=\"elementor-widget-container\">\n\t\t\t\t\t<div class=\"pap-posts-loading\" style=\"display: none;\">\n<svg class=\"lds-spinner\" width=\"100px\"  height=\"100px\"  xmlns=\"http:\/\/www.w3.org\/2000\/svg\" xmlns:xlink=\"http:\/\/www.w3.org\/1999\/xlink\" viewBox=\"0 0 100 100\" preserveAspectRatio=\"xMidYMid\" style=\"background: none;\"><g transform=\"rotate(0 50 50)\">\n  <rect x=\"47\" y=\"24\" rx=\"9.4\" ry=\"4.8\" width=\"6\" height=\"12\" fill=\"#EC9137\">\n    <animate attributeName=\"opacity\" values=\"1;0\" keyTimes=\"0;1\" dur=\"1s\" begin=\"-0.9166666666666666s\" repeatCount=\"indefinite\"><\/animate>\n  <\/rect>\n<\/g><g transform=\"rotate(30 50 50)\">\n  <rect x=\"47\" y=\"24\" rx=\"9.4\" ry=\"4.8\" width=\"6\" height=\"12\" fill=\"#EC9137\">\n    <animate attributeName=\"opacity\" values=\"1;0\" keyTimes=\"0;1\" dur=\"1s\" begin=\"-0.8333333333333334s\" repeatCount=\"indefinite\"><\/animate>\n  <\/rect>\n<\/g><g transform=\"rotate(60 50 50)\">\n  <rect x=\"47\" y=\"24\" rx=\"9.4\" ry=\"4.8\" width=\"6\" height=\"12\" fill=\"#EC9137\">\n    <animate attributeName=\"opacity\" values=\"1;0\" keyTimes=\"0;1\" dur=\"1s\" begin=\"-0.75s\" repeatCount=\"indefinite\"><\/animate>\n  <\/rect>\n<\/g><g transform=\"rotate(90 50 50)\">\n  <rect x=\"47\" y=\"24\" rx=\"9.4\" ry=\"4.8\" width=\"6\" height=\"12\" fill=\"#EC9137\">\n    <animate attributeName=\"opacity\" values=\"1;0\" keyTimes=\"0;1\" dur=\"1s\" begin=\"-0.6666666666666666s\" repeatCount=\"indefinite\"><\/animate>\n  <\/rect>\n<\/g><g transform=\"rotate(120 50 50)\">\n  <rect x=\"47\" y=\"24\" rx=\"9.4\" ry=\"4.8\" width=\"6\" height=\"12\" fill=\"#EC9137\">\n    <animate attributeName=\"opacity\" values=\"1;0\" keyTimes=\"0;1\" dur=\"1s\" begin=\"-0.5833333333333334s\" repeatCount=\"indefinite\"><\/animate>\n  <\/rect>\n<\/g><g transform=\"rotate(150 50 50)\">\n  <rect x=\"47\" y=\"24\" rx=\"9.4\" ry=\"4.8\" width=\"6\" height=\"12\" fill=\"#EC9137\">\n    <animate attributeName=\"opacity\" values=\"1;0\" keyTimes=\"0;1\" dur=\"1s\" begin=\"-0.5s\" repeatCount=\"indefinite\"><\/animate>\n  <\/rect>\n<\/g><g transform=\"rotate(180 50 50)\">\n  <rect x=\"47\" y=\"24\" rx=\"9.4\" ry=\"4.8\" width=\"6\" height=\"12\" fill=\"#EC9137\">\n    <animate attributeName=\"opacity\" values=\"1;0\" keyTimes=\"0;1\" dur=\"1s\" begin=\"-0.4166666666666667s\" repeatCount=\"indefinite\"><\/animate>\n  <\/rect>\n<\/g><g transform=\"rotate(210 50 50)\">\n  <rect x=\"47\" y=\"24\" rx=\"9.4\" ry=\"4.8\" width=\"6\" height=\"12\" fill=\"#EC9137\">\n    <animate attributeName=\"opacity\" values=\"1;0\" keyTimes=\"0;1\" dur=\"1s\" begin=\"-0.3333333333333333s\" repeatCount=\"indefinite\"><\/animate>\n  <\/rect>\n<\/g><g transform=\"rotate(240 50 50)\">\n  <rect x=\"47\" y=\"24\" rx=\"9.4\" ry=\"4.8\" width=\"6\" height=\"12\" fill=\"#EC9137\">\n    <animate attributeName=\"opacity\" values=\"1;0\" keyTimes=\"0;1\" dur=\"1s\" begin=\"-0.25s\" repeatCount=\"indefinite\"><\/animate>\n  <\/rect>\n<\/g><g transform=\"rotate(270 50 50)\">\n  <rect x=\"47\" y=\"24\" rx=\"9.4\" ry=\"4.8\" width=\"6\" height=\"12\" fill=\"#EC9137\">\n    <animate attributeName=\"opacity\" values=\"1;0\" keyTimes=\"0;1\" dur=\"1s\" begin=\"-0.16666666666666666s\" repeatCount=\"indefinite\"><\/animate>\n  <\/rect>\n<\/g><g transform=\"rotate(300 50 50)\">\n  <rect x=\"47\" y=\"24\" rx=\"9.4\" ry=\"4.8\" width=\"6\" height=\"12\" fill=\"#EC9137\">\n    <animate attributeName=\"opacity\" values=\"1;0\" keyTimes=\"0;1\" dur=\"1s\" begin=\"-0.08333333333333333s\" repeatCount=\"indefinite\"><\/animate>\n  <\/rect>\n<\/g><g transform=\"rotate(330 50 50)\">\n  <rect x=\"47\" y=\"24\" rx=\"9.4\" ry=\"4.8\" width=\"6\" height=\"12\" fill=\"#EC9137\">\n    <animate attributeName=\"opacity\" values=\"1;0\" keyTimes=\"0;1\" dur=\"1s\" begin=\"0s\" repeatCount=\"indefinite\"><\/animate>\n  <\/rect>\n<\/g><\/svg>\n<\/div><div class=\"product-list-result\"><\/div>\t\t\t\t<\/div>\n\t\t\t\t<\/div>\n\t\t\t\t\t<\/div>\n\t\t<\/div>\n\t\t\t\t\t<\/div>\n\t\t<\/section>\n\t\t\t\t<\/div>\n\t\t","protected":false},"excerpt":{"rendered":"<p>P\u00e2te \u00e0 pain Backferment, BIO Dinkel Sauerteig Extrakt, BIO Dinkel Sauerteig fl\u00fcssig, BIO Quinoa Sauerteig Extrakt, BIO Roggen Sauerteig Extrakt, BIO Roggen Sauerteig fl\u00fcssig, Bioland, BIO<\/p>\n","protected":false},"author":1,"featured_media":0,"parent":9582,"menu_order":0,"comment_status":"closed","ping_status":"closed","template":"","meta":{"_acf_changed":false,"footnotes":""},"class_list":["post-9653","page","type-page","status-publish","hentry","wpbf-post"],"acf":[],"_links":{"self":[{"href":"https:\/\/www.biovegan.de\/fr\/wp-json\/wp\/v2\/pages\/9653","targetHints":{"allow":["GET"]}}],"collection":[{"href":"https:\/\/www.biovegan.de\/fr\/wp-json\/wp\/v2\/pages"}],"about":[{"href":"https:\/\/www.biovegan.de\/fr\/wp-json\/wp\/v2\/types\/page"}],"author":[{"embeddable":true,"href":"https:\/\/www.biovegan.de\/fr\/wp-json\/wp\/v2\/users\/1"}],"replies":[{"embeddable":true,"href":"https:\/\/www.biovegan.de\/fr\/wp-json\/wp\/v2\/comments?post=9653"}],"version-history":[{"count":0,"href":"https:\/\/www.biovegan.de\/fr\/wp-json\/wp\/v2\/pages\/9653\/revisions"}],"up":[{"embeddable":true,"href":"https:\/\/www.biovegan.de\/fr\/wp-json\/wp\/v2\/pages\/9582"}],"wp:attachment":[{"href":"https:\/\/www.biovegan.de\/fr\/wp-json\/wp\/v2\/media?parent=9653"}],"curies":[{"name":"wp","href":"https:\/\/api.w.org\/{rel}","templated":true}]}}