{"id":9651,"date":"2021-10-19T14:09:16","date_gmt":"2021-10-19T12:09:16","guid":{"rendered":"https:\/\/www.biovegan.de\/?page_id=9651"},"modified":"2022-09-23T08:21:59","modified_gmt":"2022-09-23T06:21:59","slug":"vanille-bourbon","status":"publish","type":"page","link":"https:\/\/www.biovegan.de\/fr\/produits\/vanille-bourbon\/","title":{"rendered":"Vanille Bourbon"},"content":{"rendered":"\t\t<div data-elementor-type=\"wp-page\" data-elementor-id=\"9651\" class=\"elementor elementor-9651 elementor-4858\" data-elementor-post-type=\"page\">\n\t\t\t\t\t\t<section class=\"elementor-section elementor-top-section elementor-element elementor-element-665c021d elementor-section-boxed elementor-section-height-default elementor-section-height-default\" data-id=\"665c021d\" data-element_type=\"section\" data-e-type=\"section\">\n\t\t\t\t\t\t<div class=\"elementor-container elementor-column-gap-default\">\n\t\t\t\t\t<div class=\"elementor-column elementor-col-100 elementor-top-column elementor-element elementor-element-302516a4\" data-id=\"302516a4\" data-element_type=\"column\" data-e-type=\"column\" data-settings=\"{&quot;background_background&quot;:&quot;classic&quot;}\">\n\t\t\t<div class=\"elementor-widget-wrap elementor-element-populated\">\n\t\t\t\t\t\t<div class=\"elementor-element elementor-element-2f08425 elementor-widget elementor-widget-image\" data-id=\"2f08425\" data-element_type=\"widget\" data-e-type=\"widget\" data-widget_type=\"image.default\">\n\t\t\t\t<div class=\"elementor-widget-container\">\n\t\t\t\t\t        <div style=\"-webkit-transform: rotate(0deg);\n    \t\t-moz-transform: rotate(0deg);\n    \t\t-o-transform: rotate(0deg);\n    \t\t-ms-transform: rotate(0deg);\n    \t\ttransform: rotate(0deg);\" class=\"elementor-image\">\n                                                <img decoding=\"async\" src=\"https:\/\/www.biovegan.de\/wp-content\/uploads\/elementor\/thumbs\/Herz-pkn8oj3vsx968sq4p6rvxa242mgoo2af23ttvix2og.jpg\" title=\"Herz\" alt=\"Herz\" loading=\"lazy\" \/>                                                            <\/div>\n        \t\t\t\t<\/div>\n\t\t\t\t<\/div>\n\t\t\t\t\t<\/div>\n\t\t<\/div>\n\t\t\t\t\t<\/div>\n\t\t<\/section>\n\t\t\t\t<section class=\"elementor-section elementor-top-section elementor-element elementor-element-7eac5d7b elementor-section-boxed elementor-section-height-default elementor-section-height-default\" data-id=\"7eac5d7b\" data-element_type=\"section\" data-e-type=\"section\">\n\t\t\t\t\t\t<div class=\"elementor-container elementor-column-gap-default\">\n\t\t\t\t\t<div class=\"elementor-column elementor-col-100 elementor-top-column elementor-element elementor-element-6d1ba968\" data-id=\"6d1ba968\" data-element_type=\"column\" data-e-type=\"column\">\n\t\t\t<div class=\"elementor-widget-wrap elementor-element-populated\">\n\t\t\t\t\t\t<div class=\"elementor-element elementor-element-505af379 elementor-widget elementor-widget-heading\" data-id=\"505af379\" data-element_type=\"widget\" data-e-type=\"widget\" data-widget_type=\"heading.default\">\n\t\t\t\t<div class=\"elementor-widget-container\">\n\t\t\t\t\t<h1 class=\"elementor-heading-title elementor-size-default\">Vanille Bourbon<\/h1>\t\t\t\t<\/div>\n\t\t\t\t<\/div>\n\t\t\t\t\t<\/div>\n\t\t<\/div>\n\t\t\t\t\t<\/div>\n\t\t<\/section>\n\t\t\t\t<section class=\"elementor-section elementor-top-section elementor-element elementor-element-494de56 elementor-section-boxed elementor-section-height-default elementor-section-height-default\" data-id=\"494de56\" data-element_type=\"section\" data-e-type=\"section\">\n\t\t\t\t\t\t<div class=\"elementor-container elementor-column-gap-default\">\n\t\t\t\t\t<div class=\"elementor-column elementor-col-100 elementor-top-column elementor-element elementor-element-f7987f2\" data-id=\"f7987f2\" data-element_type=\"column\" data-e-type=\"column\">\n\t\t\t<div class=\"elementor-widget-wrap elementor-element-populated\">\n\t\t\t\t\t\t<div class=\"elementor-element elementor-element-37c41a8 elementor-widget elementor-widget-text-editor\" data-id=\"37c41a8\" data-element_type=\"widget\" data-e-type=\"widget\" data-widget_type=\"text-editor.default\">\n\t\t\t\t<div class=\"elementor-widget-container\">\n\t\t\t\t\t\t\t\t\t<p style=\"text-align: center;\">Notre <strong>vanille Bourbon<\/strong> est <strong>particuli\u00e8rement aromatique<\/strong> et conf\u00e8re \u00e0 tes plats, p\u00e2tisseries et desserts une note de vanille unique. Outre le plaisir et <strong>la qualit\u00e9 bio<\/strong> sup\u00e9rieure, l&rsquo;origine de la vanille est \u00e9galement une priorit\u00e9 absolue pour Biovegan. C&rsquo;est pourquoi nous achetons notre vanille Bourbon <strong>\u00e9quitable et durable<\/strong> exclusivement via notre <strong>coop\u00e9rative VanillAMI<\/strong>, qui garantit un engagement social et \u00e9cologique \u00e0 Madagascar. De plus, depuis 2020, notre vanille Bourbon est la premi\u00e8re vanille certifi\u00e9e Rainforest Alliance.<\/p>\t\t\t\t\t\t\t\t<\/div>\n\t\t\t\t<\/div>\n\t\t\t\t\t<\/div>\n\t\t<\/div>\n\t\t\t\t\t<\/div>\n\t\t<\/section>\n\t\t\t\t<section class=\"elementor-section elementor-top-section elementor-element elementor-element-616f7724 elementor-section-boxed elementor-section-height-default elementor-section-height-default\" data-id=\"616f7724\" data-element_type=\"section\" data-e-type=\"section\">\n\t\t\t\t\t\t<div class=\"elementor-container elementor-column-gap-default\">\n\t\t\t\t\t<div class=\"elementor-column elementor-col-100 elementor-top-column elementor-element elementor-element-11293a92\" data-id=\"11293a92\" data-element_type=\"column\" data-e-type=\"column\">\n\t\t\t<div class=\"elementor-widget-wrap elementor-element-populated\">\n\t\t\t\t\t\t<div class=\"elementor-element elementor-element-2dd96167 elementor-widget elementor-widget-product-list\" data-id=\"2dd96167\" data-element_type=\"widget\" data-e-type=\"widget\" data-widget_type=\"product-list.default\">\n\t\t\t\t<div class=\"elementor-widget-container\">\n\t\t\t\t\t<div class=\"pap-posts-loading\" style=\"display: none;\">\n<svg class=\"lds-spinner\" width=\"100px\"  height=\"100px\"  xmlns=\"http:\/\/www.w3.org\/2000\/svg\" xmlns:xlink=\"http:\/\/www.w3.org\/1999\/xlink\" viewBox=\"0 0 100 100\" preserveAspectRatio=\"xMidYMid\" style=\"background: none;\"><g transform=\"rotate(0 50 50)\">\n  <rect x=\"47\" y=\"24\" rx=\"9.4\" ry=\"4.8\" width=\"6\" height=\"12\" fill=\"#EC9137\">\n    <animate attributeName=\"opacity\" values=\"1;0\" keyTimes=\"0;1\" dur=\"1s\" begin=\"-0.9166666666666666s\" repeatCount=\"indefinite\"><\/animate>\n  <\/rect>\n<\/g><g transform=\"rotate(30 50 50)\">\n  <rect x=\"47\" y=\"24\" rx=\"9.4\" ry=\"4.8\" width=\"6\" height=\"12\" fill=\"#EC9137\">\n    <animate attributeName=\"opacity\" values=\"1;0\" keyTimes=\"0;1\" dur=\"1s\" begin=\"-0.8333333333333334s\" repeatCount=\"indefinite\"><\/animate>\n  <\/rect>\n<\/g><g transform=\"rotate(60 50 50)\">\n  <rect x=\"47\" y=\"24\" rx=\"9.4\" ry=\"4.8\" width=\"6\" height=\"12\" fill=\"#EC9137\">\n    <animate attributeName=\"opacity\" values=\"1;0\" keyTimes=\"0;1\" dur=\"1s\" begin=\"-0.75s\" repeatCount=\"indefinite\"><\/animate>\n  <\/rect>\n<\/g><g transform=\"rotate(90 50 50)\">\n  <rect x=\"47\" y=\"24\" rx=\"9.4\" ry=\"4.8\" width=\"6\" height=\"12\" fill=\"#EC9137\">\n    <animate attributeName=\"opacity\" values=\"1;0\" keyTimes=\"0;1\" dur=\"1s\" begin=\"-0.6666666666666666s\" repeatCount=\"indefinite\"><\/animate>\n  <\/rect>\n<\/g><g transform=\"rotate(120 50 50)\">\n  <rect x=\"47\" y=\"24\" rx=\"9.4\" ry=\"4.8\" width=\"6\" height=\"12\" fill=\"#EC9137\">\n    <animate attributeName=\"opacity\" values=\"1;0\" keyTimes=\"0;1\" dur=\"1s\" begin=\"-0.5833333333333334s\" repeatCount=\"indefinite\"><\/animate>\n  <\/rect>\n<\/g><g transform=\"rotate(150 50 50)\">\n  <rect x=\"47\" y=\"24\" rx=\"9.4\" ry=\"4.8\" width=\"6\" height=\"12\" fill=\"#EC9137\">\n    <animate attributeName=\"opacity\" values=\"1;0\" keyTimes=\"0;1\" dur=\"1s\" begin=\"-0.5s\" repeatCount=\"indefinite\"><\/animate>\n  <\/rect>\n<\/g><g transform=\"rotate(180 50 50)\">\n  <rect x=\"47\" y=\"24\" rx=\"9.4\" ry=\"4.8\" width=\"6\" height=\"12\" fill=\"#EC9137\">\n    <animate attributeName=\"opacity\" values=\"1;0\" keyTimes=\"0;1\" dur=\"1s\" begin=\"-0.4166666666666667s\" repeatCount=\"indefinite\"><\/animate>\n  <\/rect>\n<\/g><g transform=\"rotate(210 50 50)\">\n  <rect x=\"47\" y=\"24\" rx=\"9.4\" ry=\"4.8\" width=\"6\" height=\"12\" fill=\"#EC9137\">\n    <animate attributeName=\"opacity\" values=\"1;0\" keyTimes=\"0;1\" dur=\"1s\" begin=\"-0.3333333333333333s\" repeatCount=\"indefinite\"><\/animate>\n  <\/rect>\n<\/g><g transform=\"rotate(240 50 50)\">\n  <rect x=\"47\" y=\"24\" rx=\"9.4\" ry=\"4.8\" width=\"6\" height=\"12\" fill=\"#EC9137\">\n    <animate attributeName=\"opacity\" values=\"1;0\" keyTimes=\"0;1\" dur=\"1s\" begin=\"-0.25s\" repeatCount=\"indefinite\"><\/animate>\n  <\/rect>\n<\/g><g transform=\"rotate(270 50 50)\">\n  <rect x=\"47\" y=\"24\" rx=\"9.4\" ry=\"4.8\" width=\"6\" height=\"12\" fill=\"#EC9137\">\n    <animate attributeName=\"opacity\" values=\"1;0\" keyTimes=\"0;1\" dur=\"1s\" begin=\"-0.16666666666666666s\" repeatCount=\"indefinite\"><\/animate>\n  <\/rect>\n<\/g><g transform=\"rotate(300 50 50)\">\n  <rect x=\"47\" y=\"24\" rx=\"9.4\" ry=\"4.8\" width=\"6\" height=\"12\" fill=\"#EC9137\">\n    <animate attributeName=\"opacity\" values=\"1;0\" keyTimes=\"0;1\" dur=\"1s\" begin=\"-0.08333333333333333s\" repeatCount=\"indefinite\"><\/animate>\n  <\/rect>\n<\/g><g transform=\"rotate(330 50 50)\">\n  <rect x=\"47\" y=\"24\" rx=\"9.4\" ry=\"4.8\" width=\"6\" height=\"12\" fill=\"#EC9137\">\n    <animate attributeName=\"opacity\" values=\"1;0\" keyTimes=\"0;1\" dur=\"1s\" begin=\"0s\" repeatCount=\"indefinite\"><\/animate>\n  <\/rect>\n<\/g><\/svg>\n<\/div><div class=\"product-list-result\"><div class=\"product-list-item\"><a href=\"https:\/\/www.biovegan.de\/fr\/produit\/gousse-de-vanille-bourbon\/\" class=\"pp-posts-result-link\"><div class=\"thumbnail\"><img fetchpriority=\"high\" decoding=\"async\" width=\"571\" height=\"2560\" src=\"https:\/\/www.biovegan.de\/wp-content\/uploads\/2020\/02\/Meine_Vanille_Schoten-Verpackung_RZ_2024-scaled.jpg\" class=\"attachment-post-thumbnail size-post-thumbnail wp-post-image\" alt=\"\" srcset=\"https:\/\/www.biovegan.de\/wp-content\/uploads\/2020\/02\/Meine_Vanille_Schoten-Verpackung_RZ_2024-scaled.jpg 571w, https:\/\/www.biovegan.de\/wp-content\/uploads\/2020\/02\/Meine_Vanille_Schoten-Verpackung_RZ_2024-67x300.jpg 67w, https:\/\/www.biovegan.de\/wp-content\/uploads\/2020\/02\/Meine_Vanille_Schoten-Verpackung_RZ_2024-457x2048.jpg 457w, https:\/\/www.biovegan.de\/wp-content\/uploads\/2020\/02\/Meine_Vanille_Schoten-Verpackung_RZ_2024-50x225.jpg 50w, https:\/\/www.biovegan.de\/wp-content\/uploads\/2020\/02\/Meine_Vanille_Schoten-Verpackung_RZ_2024-59x265.jpg 59w, https:\/\/www.biovegan.de\/wp-content\/uploads\/2020\/02\/Meine_Vanille_Schoten-Verpackung_RZ_2024-56x250.jpg 56w\" sizes=\"(max-width: 571px) 100vw, 571px\" \/><\/div>    <div class=\"title\">Gousse de vanille Bourbon    <\/div><\/a><\/div><div class=\"product-list-item\"><a href=\"https:\/\/www.biovegan.de\/fr\/produit\/sucre-vanille\/\" class=\"pp-posts-result-link\"><div class=\"thumbnail\"><img decoding=\"async\" width=\"1007\" height=\"1448\" src=\"https:\/\/www.biovegan.de\/wp-content\/uploads\/2020\/02\/BV_Vanillezucker_2023_Vorderseite.jpg\" class=\"attachment-post-thumbnail size-post-thumbnail wp-post-image\" alt=\"\" srcset=\"https:\/\/www.biovegan.de\/wp-content\/uploads\/2020\/02\/BV_Vanillezucker_2023_Vorderseite.jpg 1007w, https:\/\/www.biovegan.de\/wp-content\/uploads\/2020\/02\/BV_Vanillezucker_2023_Vorderseite-209x300.jpg 209w, https:\/\/www.biovegan.de\/wp-content\/uploads\/2020\/02\/BV_Vanillezucker_2023_Vorderseite-712x1024.jpg 712w, https:\/\/www.biovegan.de\/wp-content\/uploads\/2020\/02\/BV_Vanillezucker_2023_Vorderseite-768x1104.jpg 768w, https:\/\/www.biovegan.de\/wp-content\/uploads\/2020\/02\/BV_Vanillezucker_2023_Vorderseite-156x225.jpg 156w, https:\/\/www.biovegan.de\/wp-content\/uploads\/2020\/02\/BV_Vanillezucker_2023_Vorderseite-184x265.jpg 184w, https:\/\/www.biovegan.de\/wp-content\/uploads\/2020\/02\/BV_Vanillezucker_2023_Vorderseite-174x250.jpg 174w\" sizes=\"(max-width: 1007px) 100vw, 1007px\" \/><\/div>    <div class=\"title\">Sucre vanill\u00e9    <\/div><\/a><\/div><div class=\"product-list-item\"><a href=\"https:\/\/www.biovegan.de\/fr\/produit\/vanille-moulue\/\" class=\"pp-posts-result-link\"><div class=\"thumbnail\"><img decoding=\"async\" width=\"920\" height=\"1660\" src=\"https:\/\/www.biovegan.de\/wp-content\/uploads\/2020\/02\/BV_Meine_Vanille_gemahlen_100_Vorderseite.jpg\" class=\"attachment-post-thumbnail size-post-thumbnail wp-post-image\" alt=\"\" srcset=\"https:\/\/www.biovegan.de\/wp-content\/uploads\/2020\/02\/BV_Meine_Vanille_gemahlen_100_Vorderseite.jpg 920w, https:\/\/www.biovegan.de\/wp-content\/uploads\/2020\/02\/BV_Meine_Vanille_gemahlen_100_Vorderseite-166x300.jpg 166w, https:\/\/www.biovegan.de\/wp-content\/uploads\/2020\/02\/BV_Meine_Vanille_gemahlen_100_Vorderseite-568x1024.jpg 568w, https:\/\/www.biovegan.de\/wp-content\/uploads\/2020\/02\/BV_Meine_Vanille_gemahlen_100_Vorderseite-768x1386.jpg 768w, https:\/\/www.biovegan.de\/wp-content\/uploads\/2020\/02\/BV_Meine_Vanille_gemahlen_100_Vorderseite-851x1536.jpg 851w, https:\/\/www.biovegan.de\/wp-content\/uploads\/2020\/02\/BV_Meine_Vanille_gemahlen_100_Vorderseite-125x225.jpg 125w, https:\/\/www.biovegan.de\/wp-content\/uploads\/2020\/02\/BV_Meine_Vanille_gemahlen_100_Vorderseite-147x265.jpg 147w, https:\/\/www.biovegan.de\/wp-content\/uploads\/2020\/02\/BV_Meine_Vanille_gemahlen_100_Vorderseite-139x250.jpg 139w\" sizes=\"(max-width: 920px) 100vw, 920px\" \/><\/div>    <div class=\"title\">Vanille bourbon moulue    <\/div><\/a><\/div><\/div>\t\t\t\t<\/div>\n\t\t\t\t<\/div>\n\t\t\t\t\t<\/div>\n\t\t<\/div>\n\t\t\t\t\t<\/div>\n\t\t<\/section>\n\t\t\t\t<\/div>\n\t\t","protected":false},"excerpt":{"rendered":"<p>Vanille Bourbon Notre vanille Bourbon est particuli\u00e8rement aromatique et conf\u00e8re \u00e0 tes plats, p\u00e2tisseries et desserts une note de vanille unique. Outre le plaisir et la qualit\u00e9 bio sup\u00e9rieure, l&rsquo;origine de la vanille est \u00e9galement une priorit\u00e9 absolue pour Biovegan. C&rsquo;est pourquoi nous achetons notre vanille Bourbon \u00e9quitable et durable exclusivement via notre coop\u00e9rative VanillAMI, [&hellip;]<\/p>\n","protected":false},"author":1,"featured_media":0,"parent":9582,"menu_order":0,"comment_status":"closed","ping_status":"closed","template":"","meta":{"_acf_changed":false,"footnotes":""},"class_list":["post-9651","page","type-page","status-publish","hentry","wpbf-post"],"acf":[],"_links":{"self":[{"href":"https:\/\/www.biovegan.de\/fr\/wp-json\/wp\/v2\/pages\/9651","targetHints":{"allow":["GET"]}}],"collection":[{"href":"https:\/\/www.biovegan.de\/fr\/wp-json\/wp\/v2\/pages"}],"about":[{"href":"https:\/\/www.biovegan.de\/fr\/wp-json\/wp\/v2\/types\/page"}],"author":[{"embeddable":true,"href":"https:\/\/www.biovegan.de\/fr\/wp-json\/wp\/v2\/users\/1"}],"replies":[{"embeddable":true,"href":"https:\/\/www.biovegan.de\/fr\/wp-json\/wp\/v2\/comments?post=9651"}],"version-history":[{"count":0,"href":"https:\/\/www.biovegan.de\/fr\/wp-json\/wp\/v2\/pages\/9651\/revisions"}],"up":[{"embeddable":true,"href":"https:\/\/www.biovegan.de\/fr\/wp-json\/wp\/v2\/pages\/9582"}],"wp:attachment":[{"href":"https:\/\/www.biovegan.de\/fr\/wp-json\/wp\/v2\/media?parent=9651"}],"curies":[{"name":"wp","href":"https:\/\/api.w.org\/{rel}","templated":true}]}}