{"id":9612,"date":"2021-10-19T11:02:11","date_gmt":"2021-10-19T09:02:11","guid":{"rendered":"https:\/\/www.biovegan.de\/?page_id=9612"},"modified":"2023-01-12T13:57:35","modified_gmt":"2023-01-12T12:57:35","slug":"ingredients-pour-la-patisserie","status":"publish","type":"page","link":"https:\/\/www.biovegan.de\/fr\/produits\/ingredients-pour-la-patisserie\/","title":{"rendered":"Ingr\u00e9dients pour la p\u00e2tisserie"},"content":{"rendered":"\t\t<div data-elementor-type=\"wp-page\" data-elementor-id=\"9612\" class=\"elementor elementor-9612 elementor-965\" data-elementor-post-type=\"page\">\n\t\t\t\t\t\t<section class=\"elementor-section elementor-top-section elementor-element elementor-element-1dcb3b08 elementor-section-boxed elementor-section-height-default elementor-section-height-default\" data-id=\"1dcb3b08\" data-element_type=\"section\" data-e-type=\"section\">\n\t\t\t\t\t\t<div class=\"elementor-container elementor-column-gap-default\">\n\t\t\t\t\t<div class=\"elementor-column elementor-col-100 elementor-top-column elementor-element elementor-element-40580d56\" data-id=\"40580d56\" data-element_type=\"column\" data-e-type=\"column\" data-settings=\"{&quot;background_background&quot;:&quot;classic&quot;}\">\n\t\t\t<div class=\"elementor-widget-wrap elementor-element-populated\">\n\t\t\t\t\t\t<div class=\"elementor-element elementor-element-11d4caa8 elementor-widget elementor-widget-image\" data-id=\"11d4caa8\" data-element_type=\"widget\" data-e-type=\"widget\" data-widget_type=\"image.default\">\n\t\t\t\t<div class=\"elementor-widget-container\">\n\t\t\t\t\t        <div style=\"-webkit-transform: rotate(0deg);\n    \t\t-moz-transform: rotate(0deg);\n    \t\t-o-transform: rotate(0deg);\n    \t\t-ms-transform: rotate(0deg);\n    \t\ttransform: rotate(0deg);\" class=\"elementor-image\">\n                                                <img decoding=\"async\" src=\"https:\/\/www.biovegan.de\/wp-content\/uploads\/elementor\/thumbs\/Herz-pkn8oj3vsx968sq4p6rvxa242mgoo2af23ttvix2og.jpg\" title=\"Herz\" alt=\"Herz\" loading=\"lazy\" \/>                                                            <\/div>\n        \t\t\t\t<\/div>\n\t\t\t\t<\/div>\n\t\t\t\t\t<\/div>\n\t\t<\/div>\n\t\t\t\t\t<\/div>\n\t\t<\/section>\n\t\t\t\t<section class=\"elementor-section elementor-top-section elementor-element elementor-element-1c98200 elementor-section-boxed elementor-section-height-default elementor-section-height-default\" data-id=\"1c98200\" data-element_type=\"section\" data-e-type=\"section\">\n\t\t\t\t\t\t<div class=\"elementor-container elementor-column-gap-default\">\n\t\t\t\t\t<div class=\"elementor-column elementor-col-100 elementor-top-column elementor-element elementor-element-553ea5b8\" data-id=\"553ea5b8\" data-element_type=\"column\" data-e-type=\"column\">\n\t\t\t<div class=\"elementor-widget-wrap elementor-element-populated\">\n\t\t\t\t\t\t<div class=\"elementor-element elementor-element-505aff02 elementor-widget elementor-widget-heading\" data-id=\"505aff02\" data-element_type=\"widget\" data-e-type=\"widget\" data-widget_type=\"heading.default\">\n\t\t\t\t<div class=\"elementor-widget-container\">\n\t\t\t\t\t<h1 class=\"elementor-heading-title elementor-size-default\">Ingr\u00e9dients pour la p\u00e2tisserie<\/h1>\t\t\t\t<\/div>\n\t\t\t\t<\/div>\n\t\t\t\t\t<\/div>\n\t\t<\/div>\n\t\t\t\t\t<\/div>\n\t\t<\/section>\n\t\t\t\t<section class=\"elementor-section elementor-top-section elementor-element elementor-element-51c5546 elementor-section-boxed elementor-section-height-default elementor-section-height-default\" data-id=\"51c5546\" data-element_type=\"section\" data-e-type=\"section\">\n\t\t\t\t\t\t<div class=\"elementor-container elementor-column-gap-default\">\n\t\t\t\t\t<div class=\"elementor-column elementor-col-100 elementor-top-column elementor-element elementor-element-9f43cc3\" data-id=\"9f43cc3\" data-element_type=\"column\" data-e-type=\"column\">\n\t\t\t<div class=\"elementor-widget-wrap elementor-element-populated\">\n\t\t\t\t\t\t<div class=\"elementor-element elementor-element-84ba2cf elementor-widget elementor-widget-text-editor\" data-id=\"84ba2cf\" data-element_type=\"widget\" data-e-type=\"widget\" data-widget_type=\"text-editor.default\">\n\t\t\t\t<div class=\"elementor-widget-container\">\n\t\t\t\t\t\t\t\t\t<p>La p\u00e2tisserie v\u00e9g\u00e9talienne et sans gluten n&rsquo;a jamais \u00e9t\u00e9 aussi simple et vari\u00e9e. Avec nos ingr\u00e9dients de boulangerie, tu peux cr\u00e9er de d\u00e9licieux g\u00e2teaux, tartelettes et autres p\u00e2tisseries. Les produits sont v\u00e9g\u00e9taliens, sans gluten et bien s\u00fbr de qualit\u00e9 bio.<\/p>\t\t\t\t\t\t\t\t<\/div>\n\t\t\t\t<\/div>\n\t\t\t\t<div class=\"elementor-element elementor-element-1e296a3 elementor-widget elementor-widget-product-list\" data-id=\"1e296a3\" data-element_type=\"widget\" data-e-type=\"widget\" data-widget_type=\"product-list.default\">\n\t\t\t\t<div class=\"elementor-widget-container\">\n\t\t\t\t\t<div class=\"pap-posts-loading\" style=\"display: none;\">\n<svg class=\"lds-spinner\" width=\"100px\"  height=\"100px\"  xmlns=\"http:\/\/www.w3.org\/2000\/svg\" xmlns:xlink=\"http:\/\/www.w3.org\/1999\/xlink\" viewBox=\"0 0 100 100\" preserveAspectRatio=\"xMidYMid\" style=\"background: none;\"><g transform=\"rotate(0 50 50)\">\n  <rect x=\"47\" y=\"24\" rx=\"9.4\" ry=\"4.8\" width=\"6\" height=\"12\" fill=\"#EC9137\">\n    <animate attributeName=\"opacity\" values=\"1;0\" keyTimes=\"0;1\" dur=\"1s\" begin=\"-0.9166666666666666s\" repeatCount=\"indefinite\"><\/animate>\n  <\/rect>\n<\/g><g transform=\"rotate(30 50 50)\">\n  <rect x=\"47\" y=\"24\" rx=\"9.4\" ry=\"4.8\" width=\"6\" height=\"12\" fill=\"#EC9137\">\n    <animate attributeName=\"opacity\" values=\"1;0\" keyTimes=\"0;1\" dur=\"1s\" begin=\"-0.8333333333333334s\" repeatCount=\"indefinite\"><\/animate>\n  <\/rect>\n<\/g><g transform=\"rotate(60 50 50)\">\n  <rect x=\"47\" y=\"24\" rx=\"9.4\" ry=\"4.8\" width=\"6\" height=\"12\" fill=\"#EC9137\">\n    <animate attributeName=\"opacity\" values=\"1;0\" keyTimes=\"0;1\" dur=\"1s\" begin=\"-0.75s\" repeatCount=\"indefinite\"><\/animate>\n  <\/rect>\n<\/g><g transform=\"rotate(90 50 50)\">\n  <rect x=\"47\" y=\"24\" rx=\"9.4\" ry=\"4.8\" width=\"6\" height=\"12\" fill=\"#EC9137\">\n    <animate attributeName=\"opacity\" values=\"1;0\" keyTimes=\"0;1\" dur=\"1s\" begin=\"-0.6666666666666666s\" repeatCount=\"indefinite\"><\/animate>\n  <\/rect>\n<\/g><g transform=\"rotate(120 50 50)\">\n  <rect x=\"47\" y=\"24\" rx=\"9.4\" ry=\"4.8\" width=\"6\" height=\"12\" fill=\"#EC9137\">\n    <animate attributeName=\"opacity\" values=\"1;0\" keyTimes=\"0;1\" dur=\"1s\" begin=\"-0.5833333333333334s\" repeatCount=\"indefinite\"><\/animate>\n  <\/rect>\n<\/g><g transform=\"rotate(150 50 50)\">\n  <rect x=\"47\" y=\"24\" rx=\"9.4\" ry=\"4.8\" width=\"6\" height=\"12\" fill=\"#EC9137\">\n    <animate attributeName=\"opacity\" values=\"1;0\" keyTimes=\"0;1\" dur=\"1s\" begin=\"-0.5s\" repeatCount=\"indefinite\"><\/animate>\n  <\/rect>\n<\/g><g transform=\"rotate(180 50 50)\">\n  <rect x=\"47\" y=\"24\" rx=\"9.4\" ry=\"4.8\" width=\"6\" height=\"12\" fill=\"#EC9137\">\n    <animate attributeName=\"opacity\" values=\"1;0\" keyTimes=\"0;1\" dur=\"1s\" begin=\"-0.4166666666666667s\" repeatCount=\"indefinite\"><\/animate>\n  <\/rect>\n<\/g><g transform=\"rotate(210 50 50)\">\n  <rect x=\"47\" y=\"24\" rx=\"9.4\" ry=\"4.8\" width=\"6\" height=\"12\" fill=\"#EC9137\">\n    <animate attributeName=\"opacity\" values=\"1;0\" keyTimes=\"0;1\" dur=\"1s\" begin=\"-0.3333333333333333s\" repeatCount=\"indefinite\"><\/animate>\n  <\/rect>\n<\/g><g transform=\"rotate(240 50 50)\">\n  <rect x=\"47\" y=\"24\" rx=\"9.4\" ry=\"4.8\" width=\"6\" height=\"12\" fill=\"#EC9137\">\n    <animate attributeName=\"opacity\" values=\"1;0\" keyTimes=\"0;1\" dur=\"1s\" begin=\"-0.25s\" repeatCount=\"indefinite\"><\/animate>\n  <\/rect>\n<\/g><g transform=\"rotate(270 50 50)\">\n  <rect x=\"47\" y=\"24\" rx=\"9.4\" ry=\"4.8\" width=\"6\" height=\"12\" fill=\"#EC9137\">\n    <animate attributeName=\"opacity\" values=\"1;0\" keyTimes=\"0;1\" dur=\"1s\" begin=\"-0.16666666666666666s\" repeatCount=\"indefinite\"><\/animate>\n  <\/rect>\n<\/g><g transform=\"rotate(300 50 50)\">\n  <rect x=\"47\" y=\"24\" rx=\"9.4\" ry=\"4.8\" width=\"6\" height=\"12\" fill=\"#EC9137\">\n    <animate attributeName=\"opacity\" values=\"1;0\" keyTimes=\"0;1\" dur=\"1s\" begin=\"-0.08333333333333333s\" repeatCount=\"indefinite\"><\/animate>\n  <\/rect>\n<\/g><g transform=\"rotate(330 50 50)\">\n  <rect x=\"47\" y=\"24\" rx=\"9.4\" ry=\"4.8\" width=\"6\" height=\"12\" fill=\"#EC9137\">\n    <animate attributeName=\"opacity\" values=\"1;0\" keyTimes=\"0;1\" dur=\"1s\" begin=\"0s\" repeatCount=\"indefinite\"><\/animate>\n  <\/rect>\n<\/g><\/svg>\n<\/div><div class=\"product-list-result\"><div class=\"product-list-item\"><a href=\"https:\/\/www.biovegan.de\/fr\/produit\/fixe-chantilly\/\" class=\"pp-posts-result-link\"><div class=\"thumbnail\"><img fetchpriority=\"high\" decoding=\"async\" width=\"920\" height=\"1660\" src=\"https:\/\/www.biovegan.de\/wp-content\/uploads\/2020\/02\/BV_Mein_Sahnesteif_100_Vorderseite.jpg\" class=\"attachment-post-thumbnail size-post-thumbnail wp-post-image\" alt=\"\" srcset=\"https:\/\/www.biovegan.de\/wp-content\/uploads\/2020\/02\/BV_Mein_Sahnesteif_100_Vorderseite.jpg 920w, https:\/\/www.biovegan.de\/wp-content\/uploads\/2020\/02\/BV_Mein_Sahnesteif_100_Vorderseite-166x300.jpg 166w, https:\/\/www.biovegan.de\/wp-content\/uploads\/2020\/02\/BV_Mein_Sahnesteif_100_Vorderseite-568x1024.jpg 568w, https:\/\/www.biovegan.de\/wp-content\/uploads\/2020\/02\/BV_Mein_Sahnesteif_100_Vorderseite-768x1386.jpg 768w, https:\/\/www.biovegan.de\/wp-content\/uploads\/2020\/02\/BV_Mein_Sahnesteif_100_Vorderseite-851x1536.jpg 851w, https:\/\/www.biovegan.de\/wp-content\/uploads\/2020\/02\/BV_Mein_Sahnesteif_100_Vorderseite-125x225.jpg 125w, https:\/\/www.biovegan.de\/wp-content\/uploads\/2020\/02\/BV_Mein_Sahnesteif_100_Vorderseite-147x265.jpg 147w, https:\/\/www.biovegan.de\/wp-content\/uploads\/2020\/02\/BV_Mein_Sahnesteif_100_Vorderseite-139x250.jpg 139w\" sizes=\"(max-width: 920px) 100vw, 920px\" \/><\/div>    <div class=\"title\">Fixe chantilly    <\/div><\/a><\/div><div class=\"product-list-item\"><a href=\"https:\/\/www.biovegan.de\/fr\/produit\/gousse-de-vanille-bourbon\/\" class=\"pp-posts-result-link\"><div class=\"thumbnail\"><img decoding=\"async\" width=\"571\" height=\"2560\" src=\"https:\/\/www.biovegan.de\/wp-content\/uploads\/2020\/02\/Meine_Vanille_Schoten-Verpackung_RZ_2024-scaled.jpg\" class=\"attachment-post-thumbnail size-post-thumbnail wp-post-image\" alt=\"\" srcset=\"https:\/\/www.biovegan.de\/wp-content\/uploads\/2020\/02\/Meine_Vanille_Schoten-Verpackung_RZ_2024-scaled.jpg 571w, https:\/\/www.biovegan.de\/wp-content\/uploads\/2020\/02\/Meine_Vanille_Schoten-Verpackung_RZ_2024-67x300.jpg 67w, https:\/\/www.biovegan.de\/wp-content\/uploads\/2020\/02\/Meine_Vanille_Schoten-Verpackung_RZ_2024-457x2048.jpg 457w, https:\/\/www.biovegan.de\/wp-content\/uploads\/2020\/02\/Meine_Vanille_Schoten-Verpackung_RZ_2024-50x225.jpg 50w, https:\/\/www.biovegan.de\/wp-content\/uploads\/2020\/02\/Meine_Vanille_Schoten-Verpackung_RZ_2024-59x265.jpg 59w, https:\/\/www.biovegan.de\/wp-content\/uploads\/2020\/02\/Meine_Vanille_Schoten-Verpackung_RZ_2024-56x250.jpg 56w\" sizes=\"(max-width: 571px) 100vw, 571px\" \/><\/div>    <div class=\"title\">Gousse de vanille Bourbon    <\/div><\/a><\/div><div class=\"product-list-item\"><a href=\"https:\/\/www.biovegan.de\/fr\/produit\/levure-de-boulanger-du-chef\/\" class=\"pp-posts-result-link\"><div class=\"thumbnail\"><img decoding=\"async\" width=\"1007\" height=\"1817\" src=\"https:\/\/www.biovegan.de\/wp-content\/uploads\/2020\/02\/BV_Meine_Backhefe_Vorderseite_100.jpg\" class=\"attachment-post-thumbnail size-post-thumbnail wp-post-image\" alt=\"\" srcset=\"https:\/\/www.biovegan.de\/wp-content\/uploads\/2020\/02\/BV_Meine_Backhefe_Vorderseite_100.jpg 1007w, https:\/\/www.biovegan.de\/wp-content\/uploads\/2020\/02\/BV_Meine_Backhefe_Vorderseite_100-166x300.jpg 166w, https:\/\/www.biovegan.de\/wp-content\/uploads\/2020\/02\/BV_Meine_Backhefe_Vorderseite_100-568x1024.jpg 568w, https:\/\/www.biovegan.de\/wp-content\/uploads\/2020\/02\/BV_Meine_Backhefe_Vorderseite_100-768x1386.jpg 768w, https:\/\/www.biovegan.de\/wp-content\/uploads\/2020\/02\/BV_Meine_Backhefe_Vorderseite_100-851x1536.jpg 851w, https:\/\/www.biovegan.de\/wp-content\/uploads\/2020\/02\/BV_Meine_Backhefe_Vorderseite_100-125x225.jpg 125w, https:\/\/www.biovegan.de\/wp-content\/uploads\/2020\/02\/BV_Meine_Backhefe_Vorderseite_100-147x265.jpg 147w, https:\/\/www.biovegan.de\/wp-content\/uploads\/2020\/02\/BV_Meine_Backhefe_Vorderseite_100-139x250.jpg 139w\" sizes=\"(max-width: 1007px) 100vw, 1007px\" \/><\/div>    <div class=\"title\">Levure de boulanger du Chef    <\/div><\/a><\/div><div class=\"product-list-item\"><a href=\"https:\/\/www.biovegan.de\/fr\/produit\/levure-en-poudre-du-chef\/\" class=\"pp-posts-result-link\"><div class=\"thumbnail\"><img loading=\"lazy\" decoding=\"async\" width=\"1818\" height=\"2560\" src=\"https:\/\/www.biovegan.de\/wp-content\/uploads\/2023\/03\/2-10412-BV-Meister-Backpulver-100-GB-Packshot-5-scaled.jpg\" class=\"attachment-post-thumbnail size-post-thumbnail wp-post-image\" alt=\"\" srcset=\"https:\/\/www.biovegan.de\/wp-content\/uploads\/2023\/03\/2-10412-BV-Meister-Backpulver-100-GB-Packshot-5-scaled.jpg 1818w, https:\/\/www.biovegan.de\/wp-content\/uploads\/2023\/03\/2-10412-BV-Meister-Backpulver-100-GB-Packshot-5-213x300.jpg 213w, https:\/\/www.biovegan.de\/wp-content\/uploads\/2023\/03\/2-10412-BV-Meister-Backpulver-100-GB-Packshot-5-727x1024.jpg 727w, https:\/\/www.biovegan.de\/wp-content\/uploads\/2023\/03\/2-10412-BV-Meister-Backpulver-100-GB-Packshot-5-768x1081.jpg 768w, https:\/\/www.biovegan.de\/wp-content\/uploads\/2023\/03\/2-10412-BV-Meister-Backpulver-100-GB-Packshot-5-1091x1536.jpg 1091w, https:\/\/www.biovegan.de\/wp-content\/uploads\/2023\/03\/2-10412-BV-Meister-Backpulver-100-GB-Packshot-5-1454x2048.jpg 1454w, https:\/\/www.biovegan.de\/wp-content\/uploads\/2023\/03\/2-10412-BV-Meister-Backpulver-100-GB-Packshot-5-160x225.jpg 160w, https:\/\/www.biovegan.de\/wp-content\/uploads\/2023\/03\/2-10412-BV-Meister-Backpulver-100-GB-Packshot-5-188x265.jpg 188w, https:\/\/www.biovegan.de\/wp-content\/uploads\/2023\/03\/2-10412-BV-Meister-Backpulver-100-GB-Packshot-5-177x250.jpg 177w\" sizes=\"(max-width: 1818px) 100vw, 1818px\" \/><\/div>    <div class=\"title\">Levure en poudre du Chef    <\/div><\/a><\/div><div class=\"product-list-item\"><a href=\"https:\/\/www.biovegan.de\/fr\/produit\/alternative-au-blanc-d-oeuf\/\" class=\"pp-posts-result-link\"><div class=\"thumbnail\"><img loading=\"lazy\" decoding=\"async\" width=\"1004\" height=\"1448\" src=\"https:\/\/www.biovegan.de\/wp-content\/uploads\/2022\/01\/BV_Mein_Eiweiss_Ersatz_Vorderseite_2024.jpg\" class=\"attachment-post-thumbnail size-post-thumbnail wp-post-image\" alt=\"\" srcset=\"https:\/\/www.biovegan.de\/wp-content\/uploads\/2022\/01\/BV_Mein_Eiweiss_Ersatz_Vorderseite_2024.jpg 1004w, https:\/\/www.biovegan.de\/wp-content\/uploads\/2022\/01\/BV_Mein_Eiweiss_Ersatz_Vorderseite_2024-208x300.jpg 208w, https:\/\/www.biovegan.de\/wp-content\/uploads\/2022\/01\/BV_Mein_Eiweiss_Ersatz_Vorderseite_2024-710x1024.jpg 710w, https:\/\/www.biovegan.de\/wp-content\/uploads\/2022\/01\/BV_Mein_Eiweiss_Ersatz_Vorderseite_2024-768x1108.jpg 768w, https:\/\/www.biovegan.de\/wp-content\/uploads\/2022\/01\/BV_Mein_Eiweiss_Ersatz_Vorderseite_2024-156x225.jpg 156w, https:\/\/www.biovegan.de\/wp-content\/uploads\/2022\/01\/BV_Mein_Eiweiss_Ersatz_Vorderseite_2024-184x265.jpg 184w, https:\/\/www.biovegan.de\/wp-content\/uploads\/2022\/01\/BV_Mein_Eiweiss_Ersatz_Vorderseite_2024-173x250.jpg 173w\" sizes=\"(max-width: 1004px) 100vw, 1004px\" \/><\/div>    <div class=\"title\">Mon alternative au blanc d&rsquo;\u0153uf    <\/div><\/a><\/div><div class=\"product-list-item\"><a href=\"https:\/\/www.biovegan.de\/fr\/produit\/nappage-neutre\/\" class=\"pp-posts-result-link\"><div class=\"thumbnail\"><img loading=\"lazy\" decoding=\"async\" width=\"1007\" height=\"1817\" src=\"https:\/\/www.biovegan.de\/wp-content\/uploads\/2020\/03\/BV_Mein_Tortenguss_klar_schmal_2025.jpg\" class=\"attachment-post-thumbnail size-post-thumbnail wp-post-image\" alt=\"\" srcset=\"https:\/\/www.biovegan.de\/wp-content\/uploads\/2020\/03\/BV_Mein_Tortenguss_klar_schmal_2025.jpg 1007w, https:\/\/www.biovegan.de\/wp-content\/uploads\/2020\/03\/BV_Mein_Tortenguss_klar_schmal_2025-166x300.jpg 166w, https:\/\/www.biovegan.de\/wp-content\/uploads\/2020\/03\/BV_Mein_Tortenguss_klar_schmal_2025-568x1024.jpg 568w, https:\/\/www.biovegan.de\/wp-content\/uploads\/2020\/03\/BV_Mein_Tortenguss_klar_schmal_2025-768x1386.jpg 768w, https:\/\/www.biovegan.de\/wp-content\/uploads\/2020\/03\/BV_Mein_Tortenguss_klar_schmal_2025-851x1536.jpg 851w, https:\/\/www.biovegan.de\/wp-content\/uploads\/2020\/03\/BV_Mein_Tortenguss_klar_schmal_2025-125x225.jpg 125w, https:\/\/www.biovegan.de\/wp-content\/uploads\/2020\/03\/BV_Mein_Tortenguss_klar_schmal_2025-147x265.jpg 147w, https:\/\/www.biovegan.de\/wp-content\/uploads\/2020\/03\/BV_Mein_Tortenguss_klar_schmal_2025-139x250.jpg 139w\" sizes=\"(max-width: 1007px) 100vw, 1007px\" \/><\/div>    <div class=\"title\">Nappage neutre    <\/div><\/a><\/div><div class=\"product-list-item\"><a href=\"https:\/\/www.biovegan.de\/fr\/produit\/sucre-vanille\/\" class=\"pp-posts-result-link\"><div class=\"thumbnail\"><img loading=\"lazy\" decoding=\"async\" width=\"1007\" height=\"1448\" src=\"https:\/\/www.biovegan.de\/wp-content\/uploads\/2020\/02\/BV_Vanillezucker_2023_Vorderseite.jpg\" class=\"attachment-post-thumbnail size-post-thumbnail wp-post-image\" alt=\"\" srcset=\"https:\/\/www.biovegan.de\/wp-content\/uploads\/2020\/02\/BV_Vanillezucker_2023_Vorderseite.jpg 1007w, https:\/\/www.biovegan.de\/wp-content\/uploads\/2020\/02\/BV_Vanillezucker_2023_Vorderseite-209x300.jpg 209w, https:\/\/www.biovegan.de\/wp-content\/uploads\/2020\/02\/BV_Vanillezucker_2023_Vorderseite-712x1024.jpg 712w, https:\/\/www.biovegan.de\/wp-content\/uploads\/2020\/02\/BV_Vanillezucker_2023_Vorderseite-768x1104.jpg 768w, https:\/\/www.biovegan.de\/wp-content\/uploads\/2020\/02\/BV_Vanillezucker_2023_Vorderseite-156x225.jpg 156w, https:\/\/www.biovegan.de\/wp-content\/uploads\/2020\/02\/BV_Vanillezucker_2023_Vorderseite-184x265.jpg 184w, https:\/\/www.biovegan.de\/wp-content\/uploads\/2020\/02\/BV_Vanillezucker_2023_Vorderseite-174x250.jpg 174w\" sizes=\"(max-width: 1007px) 100vw, 1007px\" \/><\/div>    <div class=\"title\">Sucre vanill\u00e9    <\/div><\/a><\/div><div class=\"product-list-item\"><a href=\"https:\/\/www.biovegan.de\/fr\/produit\/vanille-moulue\/\" class=\"pp-posts-result-link\"><div class=\"thumbnail\"><img loading=\"lazy\" decoding=\"async\" width=\"920\" height=\"1660\" src=\"https:\/\/www.biovegan.de\/wp-content\/uploads\/2020\/02\/BV_Meine_Vanille_gemahlen_100_Vorderseite.jpg\" class=\"attachment-post-thumbnail size-post-thumbnail wp-post-image\" alt=\"\" srcset=\"https:\/\/www.biovegan.de\/wp-content\/uploads\/2020\/02\/BV_Meine_Vanille_gemahlen_100_Vorderseite.jpg 920w, https:\/\/www.biovegan.de\/wp-content\/uploads\/2020\/02\/BV_Meine_Vanille_gemahlen_100_Vorderseite-166x300.jpg 166w, https:\/\/www.biovegan.de\/wp-content\/uploads\/2020\/02\/BV_Meine_Vanille_gemahlen_100_Vorderseite-568x1024.jpg 568w, https:\/\/www.biovegan.de\/wp-content\/uploads\/2020\/02\/BV_Meine_Vanille_gemahlen_100_Vorderseite-768x1386.jpg 768w, https:\/\/www.biovegan.de\/wp-content\/uploads\/2020\/02\/BV_Meine_Vanille_gemahlen_100_Vorderseite-851x1536.jpg 851w, https:\/\/www.biovegan.de\/wp-content\/uploads\/2020\/02\/BV_Meine_Vanille_gemahlen_100_Vorderseite-125x225.jpg 125w, https:\/\/www.biovegan.de\/wp-content\/uploads\/2020\/02\/BV_Meine_Vanille_gemahlen_100_Vorderseite-147x265.jpg 147w, https:\/\/www.biovegan.de\/wp-content\/uploads\/2020\/02\/BV_Meine_Vanille_gemahlen_100_Vorderseite-139x250.jpg 139w\" sizes=\"(max-width: 920px) 100vw, 920px\" \/><\/div>    <div class=\"title\">Vanille bourbon moulue    <\/div><\/a><\/div><div class=\"product-list-item\"><a href=\"https:\/\/www.biovegan.de\/fr\/produit\/zestes-de-citron-rapes\/\" class=\"pp-posts-result-link\"><div class=\"thumbnail\"><img loading=\"lazy\" decoding=\"async\" width=\"1818\" height=\"2560\" src=\"https:\/\/www.biovegan.de\/wp-content\/uploads\/2023\/03\/2-11813-BV-Zitronenschale-100-GB-Packshot-3-scaled.jpg\" class=\"attachment-post-thumbnail size-post-thumbnail wp-post-image\" alt=\"\" srcset=\"https:\/\/www.biovegan.de\/wp-content\/uploads\/2023\/03\/2-11813-BV-Zitronenschale-100-GB-Packshot-3-scaled.jpg 1818w, https:\/\/www.biovegan.de\/wp-content\/uploads\/2023\/03\/2-11813-BV-Zitronenschale-100-GB-Packshot-3-213x300.jpg 213w, https:\/\/www.biovegan.de\/wp-content\/uploads\/2023\/03\/2-11813-BV-Zitronenschale-100-GB-Packshot-3-727x1024.jpg 727w, https:\/\/www.biovegan.de\/wp-content\/uploads\/2023\/03\/2-11813-BV-Zitronenschale-100-GB-Packshot-3-768x1081.jpg 768w, https:\/\/www.biovegan.de\/wp-content\/uploads\/2023\/03\/2-11813-BV-Zitronenschale-100-GB-Packshot-3-1091x1536.jpg 1091w, https:\/\/www.biovegan.de\/wp-content\/uploads\/2023\/03\/2-11813-BV-Zitronenschale-100-GB-Packshot-3-1454x2048.jpg 1454w, https:\/\/www.biovegan.de\/wp-content\/uploads\/2023\/03\/2-11813-BV-Zitronenschale-100-GB-Packshot-3-160x225.jpg 160w, https:\/\/www.biovegan.de\/wp-content\/uploads\/2023\/03\/2-11813-BV-Zitronenschale-100-GB-Packshot-3-188x265.jpg 188w, https:\/\/www.biovegan.de\/wp-content\/uploads\/2023\/03\/2-11813-BV-Zitronenschale-100-GB-Packshot-3-177x250.jpg 177w\" sizes=\"(max-width: 1818px) 100vw, 1818px\" \/><\/div>    <div class=\"title\">Zestes de citron r\u00e2p\u00e9s    <\/div><\/a><\/div><div class=\"product-list-item\"><a href=\"https:\/\/www.biovegan.de\/fr\/produit\/zestes-d-orange-rapes\/\" class=\"pp-posts-result-link\"><div class=\"thumbnail\"><img loading=\"lazy\" decoding=\"async\" width=\"1818\" height=\"2560\" src=\"https:\/\/www.biovegan.de\/wp-content\/uploads\/2022\/07\/2-11905-BV-Orangenschale-100-GB-Packshot-2-scaled.jpg\" class=\"attachment-post-thumbnail size-post-thumbnail wp-post-image\" alt=\"\" srcset=\"https:\/\/www.biovegan.de\/wp-content\/uploads\/2022\/07\/2-11905-BV-Orangenschale-100-GB-Packshot-2-scaled.jpg 1818w, https:\/\/www.biovegan.de\/wp-content\/uploads\/2022\/07\/2-11905-BV-Orangenschale-100-GB-Packshot-2-213x300.jpg 213w, https:\/\/www.biovegan.de\/wp-content\/uploads\/2022\/07\/2-11905-BV-Orangenschale-100-GB-Packshot-2-727x1024.jpg 727w, https:\/\/www.biovegan.de\/wp-content\/uploads\/2022\/07\/2-11905-BV-Orangenschale-100-GB-Packshot-2-768x1081.jpg 768w, https:\/\/www.biovegan.de\/wp-content\/uploads\/2022\/07\/2-11905-BV-Orangenschale-100-GB-Packshot-2-1091x1536.jpg 1091w, https:\/\/www.biovegan.de\/wp-content\/uploads\/2022\/07\/2-11905-BV-Orangenschale-100-GB-Packshot-2-1454x2048.jpg 1454w, https:\/\/www.biovegan.de\/wp-content\/uploads\/2022\/07\/2-11905-BV-Orangenschale-100-GB-Packshot-2-160x225.jpg 160w, https:\/\/www.biovegan.de\/wp-content\/uploads\/2022\/07\/2-11905-BV-Orangenschale-100-GB-Packshot-2-188x265.jpg 188w, https:\/\/www.biovegan.de\/wp-content\/uploads\/2022\/07\/2-11905-BV-Orangenschale-100-GB-Packshot-2-177x250.jpg 177w\" sizes=\"(max-width: 1818px) 100vw, 1818px\" \/><\/div>    <div class=\"title\">Zestes d\u2019orange r\u00e2p\u00e9s    <\/div><\/a><\/div><\/div>\t\t\t\t<\/div>\n\t\t\t\t<\/div>\n\t\t\t\t\t<\/div>\n\t\t<\/div>\n\t\t\t\t\t<\/div>\n\t\t<\/section>\n\t\t\t\t<section class=\"elementor-section elementor-top-section elementor-element elementor-element-3ea6c63 elementor-section-boxed elementor-section-height-default elementor-section-height-default\" data-id=\"3ea6c63\" data-element_type=\"section\" data-e-type=\"section\">\n\t\t\t\t\t\t<div class=\"elementor-container elementor-column-gap-default\">\n\t\t\t\t\t<div class=\"elementor-column elementor-col-100 elementor-top-column elementor-element elementor-element-395a8b7\" data-id=\"395a8b7\" data-element_type=\"column\" data-e-type=\"column\">\n\t\t\t<div class=\"elementor-widget-wrap elementor-element-populated\">\n\t\t\t\t\t\t<div class=\"elementor-element elementor-element-e147d56 elementor-widget elementor-widget-text-editor\" data-id=\"e147d56\" data-element_type=\"widget\" data-e-type=\"widget\" data-widget_type=\"text-editor.default\">\n\t\t\t\t<div class=\"elementor-widget-container\">\n\t\t\t\t\t\t\t\t\t<p>\u00a0 \u00a0 \u00a0 \u00a0 \u00a0 \u00a0 \u00a0 \u00a0 \u00a0 \u00a0 \u00a0 \u00a0 \u00a0 \u00a0 \u00a0 \u00a0 \u00a0 \u00a0 \u00a0 \u00a0 \u00a0 \u00a0 \u00a0 \u00a0 \u00a0 \u00a0 \u00a0 \u00a0 \u00a0 \u00a0 \u00a0Tu es en qu\u00eate d&rsquo;inspiration ? Alors jette un coup d&rsquo;\u0153il \u00e0 nos recettes.<\/p>\t\t\t\t\t\t\t\t<\/div>\n\t\t\t\t<\/div>\n\t\t\t\t\t<\/div>\n\t\t<\/div>\n\t\t\t\t\t<\/div>\n\t\t<\/section>\n\t\t\t\t<\/div>\n\t\t","protected":false},"excerpt":{"rendered":"<p>Ingr\u00e9dients pour la p\u00e2tisserie La p\u00e2tisserie v\u00e9g\u00e9talienne et sans gluten n&rsquo;a jamais \u00e9t\u00e9 aussi simple et vari\u00e9e. Avec nos ingr\u00e9dients de boulangerie, tu peux cr\u00e9er de d\u00e9licieux g\u00e2teaux, tartelettes et autres p\u00e2tisseries. Les produits sont v\u00e9g\u00e9taliens, sans gluten et bien s\u00fbr de qualit\u00e9 bio. Fixe chantilly Gousse de vanille Bourbon Levure de boulanger du Chef [&hellip;]<\/p>\n","protected":false},"author":1,"featured_media":0,"parent":9582,"menu_order":0,"comment_status":"closed","ping_status":"closed","template":"","meta":{"_acf_changed":false,"footnotes":""},"class_list":["post-9612","page","type-page","status-publish","hentry","wpbf-post"],"acf":[],"_links":{"self":[{"href":"https:\/\/www.biovegan.de\/fr\/wp-json\/wp\/v2\/pages\/9612","targetHints":{"allow":["GET"]}}],"collection":[{"href":"https:\/\/www.biovegan.de\/fr\/wp-json\/wp\/v2\/pages"}],"about":[{"href":"https:\/\/www.biovegan.de\/fr\/wp-json\/wp\/v2\/types\/page"}],"author":[{"embeddable":true,"href":"https:\/\/www.biovegan.de\/fr\/wp-json\/wp\/v2\/users\/1"}],"replies":[{"embeddable":true,"href":"https:\/\/www.biovegan.de\/fr\/wp-json\/wp\/v2\/comments?post=9612"}],"version-history":[{"count":0,"href":"https:\/\/www.biovegan.de\/fr\/wp-json\/wp\/v2\/pages\/9612\/revisions"}],"up":[{"embeddable":true,"href":"https:\/\/www.biovegan.de\/fr\/wp-json\/wp\/v2\/pages\/9582"}],"wp:attachment":[{"href":"https:\/\/www.biovegan.de\/fr\/wp-json\/wp\/v2\/media?parent=9612"}],"curies":[{"name":"wp","href":"https:\/\/api.w.org\/{rel}","templated":true}]}}