{"id":9489,"date":"2021-10-04T11:40:26","date_gmt":"2021-10-04T09:40:26","guid":{"rendered":"https:\/\/www.biovegan.de\/?page_id=9489"},"modified":"2024-01-24T15:55:17","modified_gmt":"2024-01-24T14:55:17","slug":"startseite-fr","status":"publish","type":"page","link":"https:\/\/www.biovegan.de\/fr\/","title":{"rendered":"Startseite &#8211; FR"},"content":{"rendered":"\t\t<div data-elementor-type=\"wp-post\" data-elementor-id=\"9489\" class=\"elementor elementor-9489 elementor-2\" data-elementor-post-type=\"page\">\n\t\t\t\t\t\t<section class=\"elementor-section elementor-top-section elementor-element elementor-element-d4e1945 elementor-section-full_width elementor-section-height-default elementor-section-height-default\" data-id=\"d4e1945\" data-element_type=\"section\" data-e-type=\"section\">\n\t\t\t\t\t\t<div class=\"elementor-container elementor-column-gap-default\">\n\t\t\t\t\t<div class=\"elementor-column elementor-col-100 elementor-top-column elementor-element elementor-element-744d025\" data-id=\"744d025\" data-element_type=\"column\" data-e-type=\"column\">\n\t\t\t<div class=\"elementor-widget-wrap elementor-element-populated\">\n\t\t\t\t\t\t<div class=\"elementor-element elementor-element-1638464 elementor--v-position-top elementor--h-position-center elementor-pagination-position-inside elementor-widget elementor-widget-slides\" data-id=\"1638464\" data-element_type=\"widget\" data-e-type=\"widget\" data-settings=\"{&quot;navigation&quot;:&quot;dots&quot;,&quot;autoplay&quot;:&quot;yes&quot;,&quot;pause_on_hover&quot;:&quot;yes&quot;,&quot;pause_on_interaction&quot;:&quot;yes&quot;,&quot;autoplay_speed&quot;:5000,&quot;infinite&quot;:&quot;yes&quot;,&quot;transition&quot;:&quot;slide&quot;,&quot;transition_speed&quot;:500}\" data-widget_type=\"slides.default\">\n\t\t\t\t<div class=\"elementor-widget-container\">\n\t\t\t\t\t\t\t\t\t<div class=\"elementor-swiper\">\n\t\t\t\t\t<div class=\"elementor-slides-wrapper elementor-main-swiper swiper\" role=\"region\" aria-roledescription=\"carousel\" aria-label=\"Diapositives\" dir=\"ltr\" data-animation=\"fadeInRight\">\n\t\t\t\t<div class=\"swiper-wrapper elementor-slides\">\n\t\t\t\t\t\t\t\t\t\t<div class=\"elementor-repeater-item-b983380 swiper-slide\" role=\"group\" aria-roledescription=\"slide\"><div class=\"swiper-slide-bg\" role=\"img\" aria-label=\"Ei-neu-FR\"><\/div><a class=\"swiper-slide-inner\" href=\"https:\/\/www.biovegan.de\/fr\/produits\/alternatives-vegetales\/\" target=\"_blank\"><div class=\"swiper-slide-contents\"><\/div><\/a><\/div><div class=\"elementor-repeater-item-e5b13c1 swiper-slide\" role=\"group\" aria-roledescription=\"slide\"><div class=\"swiper-slide-bg\" role=\"img\" aria-label=\"Slider-Brot-FR-neu\"><\/div><a class=\"swiper-slide-inner\" href=\"https:\/\/www.biovegan.de\/fr\/produits\/preparations-de-patisserie\/\" target=\"_blank\"><div class=\"swiper-slide-contents\"><\/div><\/a><\/div>\t\t\t\t<\/div>\n\t\t\t\t\t\t\t\t\t\t\t\t\t\t\t\t\t\t\t\t<div class=\"swiper-pagination\"><\/div>\n\t\t\t\t\t\t\t\t\t\t\t\t<\/div>\n\t\t\t\t<\/div>\n\t\t\t\t\t\t\t\t<\/div>\n\t\t\t\t<\/div>\n\t\t\t\t\t<\/div>\n\t\t<\/div>\n\t\t\t\t\t<\/div>\n\t\t<\/section>\n\t\t\t\t<section class=\"elementor-section elementor-top-section elementor-element elementor-element-4758090 elementor-section-boxed elementor-section-height-default elementor-section-height-default\" data-id=\"4758090\" data-element_type=\"section\" data-e-type=\"section\">\n\t\t\t\t\t\t<div class=\"elementor-container elementor-column-gap-default\">\n\t\t\t\t\t<div class=\"elementor-column elementor-col-100 elementor-top-column elementor-element elementor-element-3fc8192\" data-id=\"3fc8192\" data-element_type=\"column\" data-e-type=\"column\">\n\t\t\t<div class=\"elementor-widget-wrap elementor-element-populated\">\n\t\t\t\t\t\t<div class=\"elementor-element elementor-element-27f4afb elementor-widget elementor-widget-spacer\" data-id=\"27f4afb\" data-element_type=\"widget\" data-e-type=\"widget\" data-widget_type=\"spacer.default\">\n\t\t\t\t<div class=\"elementor-widget-container\">\n\t\t\t\t\t\t\t<div class=\"elementor-spacer\">\n\t\t\t<div class=\"elementor-spacer-inner\"><\/div>\n\t\t<\/div>\n\t\t\t\t\t\t<\/div>\n\t\t\t\t<\/div>\n\t\t\t\t\t<\/div>\n\t\t<\/div>\n\t\t\t\t\t<\/div>\n\t\t<\/section>\n\t\t\t\t<section class=\"elementor-section elementor-top-section elementor-element elementor-element-34e97ee elementor-section-content-middle elementor-section-boxed elementor-section-height-default elementor-section-height-default\" data-id=\"34e97ee\" data-element_type=\"section\" data-e-type=\"section\">\n\t\t\t\t\t\t<div class=\"elementor-container elementor-column-gap-default\">\n\t\t\t\t\t<div class=\"elementor-column elementor-col-50 elementor-top-column elementor-element elementor-element-36406f7\" data-id=\"36406f7\" data-element_type=\"column\" data-e-type=\"column\">\n\t\t\t<div class=\"elementor-widget-wrap elementor-element-populated\">\n\t\t\t\t\t\t<div class=\"elementor-element elementor-element-bb87321 elementor-widget elementor-widget-heading\" data-id=\"bb87321\" data-element_type=\"widget\" data-e-type=\"widget\" data-widget_type=\"heading.default\">\n\t\t\t\t<div class=\"elementor-widget-container\">\n\t\t\t\t\t<h3 class=\"elementor-heading-title elementor-size-xl\">C'est ce qu'on aime mettre dans le sac !<\/h3>\t\t\t\t<\/div>\n\t\t\t\t<\/div>\n\t\t\t\t<div class=\"elementor-element elementor-element-0bf8378 elementor-widget elementor-widget-text-editor\" data-id=\"0bf8378\" data-element_type=\"widget\" data-e-type=\"widget\" data-widget_type=\"text-editor.default\">\n\t\t\t\t<div class=\"elementor-widget-container\">\n\t\t\t\t\t\t\t\t\t<p>100% biologique. 100% v\u00e9g\u00e9talien. Garantie biologique. Une v\u00e9ritable alimentation naturelle. L&rsquo;original de BIOVEGAN. Sans lactose, sans gluten et tout simplement d\u00e9licieux !<\/p>\t\t\t\t\t\t\t\t<\/div>\n\t\t\t\t<\/div>\n\t\t\t\t<div class=\"elementor-element elementor-element-919e884 elementor-widget elementor-widget-text-editor\" data-id=\"919e884\" data-element_type=\"widget\" data-e-type=\"widget\" data-widget_type=\"text-editor.default\">\n\t\t\t\t<div class=\"elementor-widget-container\">\n\t\t\t\t\t\t\t\t\t<a href=\"https:\/\/www.biovegan.de\/fr\/produits\/\">\u00c0 propos des produits<\/a>\t\t\t\t\t\t\t\t<\/div>\n\t\t\t\t<\/div>\n\t\t\t\t<div class=\"elementor-element elementor-element-00cbbb8 elementor-widget elementor-widget-image\" data-id=\"00cbbb8\" data-element_type=\"widget\" data-e-type=\"widget\" data-widget_type=\"image.default\">\n\t\t\t\t<div class=\"elementor-widget-container\">\n\t\t\t\t\t        <div style=\"-webkit-transform: rotate(0deg);\n    \t\t-moz-transform: rotate(0deg);\n    \t\t-o-transform: rotate(0deg);\n    \t\t-ms-transform: rotate(0deg);\n    \t\ttransform: rotate(0deg);\" class=\"elementor-image\">\n                                                <img fetchpriority=\"high\" decoding=\"async\" width=\"500\" height=\"150\" src=\"https:\/\/www.biovegan.de\/wp-content\/uploads\/2022\/08\/Siegel-BV_EN-FR.jpg\" class=\"attachment-full size-full wp-image-25516\" alt=\"\" srcset=\"https:\/\/www.biovegan.de\/wp-content\/uploads\/2022\/08\/Siegel-BV_EN-FR.jpg 500w, https:\/\/www.biovegan.de\/wp-content\/uploads\/2022\/08\/Siegel-BV_EN-FR-300x90.jpg 300w, https:\/\/www.biovegan.de\/wp-content\/uploads\/2022\/08\/Siegel-BV_EN-FR-160x48.jpg 160w, https:\/\/www.biovegan.de\/wp-content\/uploads\/2022\/08\/Siegel-BV_EN-FR-350x105.jpg 350w, https:\/\/www.biovegan.de\/wp-content\/uploads\/2022\/08\/Siegel-BV_EN-FR-177x53.jpg 177w\" sizes=\"(max-width: 500px) 100vw, 500px\" \/>                                                            <\/div>\n        \t\t\t\t<\/div>\n\t\t\t\t<\/div>\n\t\t\t\t\t<\/div>\n\t\t<\/div>\n\t\t\t\t<div class=\"elementor-column elementor-col-50 elementor-top-column elementor-element elementor-element-7198d3b\" data-id=\"7198d3b\" data-element_type=\"column\" data-e-type=\"column\">\n\t\t\t<div class=\"elementor-widget-wrap elementor-element-populated\">\n\t\t\t\t\t\t<div class=\"elementor-element elementor-element-dcb97d3 elementor-widget elementor-widget-image\" data-id=\"dcb97d3\" data-element_type=\"widget\" data-e-type=\"widget\" data-widget_type=\"image.default\">\n\t\t\t\t<div class=\"elementor-widget-container\">\n\t\t\t\t\t        <div style=\"-webkit-transform: rotate(0deg);\n    \t\t-moz-transform: rotate(0deg);\n    \t\t-o-transform: rotate(0deg);\n    \t\t-ms-transform: rotate(0deg);\n    \t\ttransform: rotate(0deg);\" class=\"elementor-image\">\n                                                <img decoding=\"async\" src=\"https:\/\/www.biovegan.de\/wp-content\/uploads\/elementor\/thumbs\/10527-Eiersatz-FRGB-5-scaled-ptqftx2tlqg38iys9jnt0u6juwj15tfucbo0askhm8.jpg\" title=\"10094-EiErsatz30g-scaled\" alt=\"10094-EiErsatz30g-scaled\" loading=\"lazy\" \/>                                                            <\/div>\n        \t\t\t\t<\/div>\n\t\t\t\t<\/div>\n\t\t\t\t\t<\/div>\n\t\t<\/div>\n\t\t\t\t\t<\/div>\n\t\t<\/section>\n\t\t\t\t<section class=\"elementor-section elementor-top-section elementor-element elementor-element-939104d elementor-section-boxed elementor-section-height-default elementor-section-height-default\" data-id=\"939104d\" data-element_type=\"section\" data-e-type=\"section\">\n\t\t\t\t\t\t<div class=\"elementor-container elementor-column-gap-default\">\n\t\t\t\t\t<div class=\"elementor-column elementor-col-100 elementor-top-column elementor-element elementor-element-54d866e\" data-id=\"54d866e\" data-element_type=\"column\" data-e-type=\"column\">\n\t\t\t<div class=\"elementor-widget-wrap elementor-element-populated\">\n\t\t\t\t\t\t<div class=\"elementor-element elementor-element-e38081b elementor-widget elementor-widget-spacer\" data-id=\"e38081b\" data-element_type=\"widget\" data-e-type=\"widget\" data-widget_type=\"spacer.default\">\n\t\t\t\t<div class=\"elementor-widget-container\">\n\t\t\t\t\t\t\t<div class=\"elementor-spacer\">\n\t\t\t<div class=\"elementor-spacer-inner\"><\/div>\n\t\t<\/div>\n\t\t\t\t\t\t<\/div>\n\t\t\t\t<\/div>\n\t\t\t\t\t<\/div>\n\t\t<\/div>\n\t\t\t\t\t<\/div>\n\t\t<\/section>\n\t\t\t\t<section class=\"elementor-section elementor-top-section elementor-element elementor-element-d4187d8 elementor-section-boxed elementor-section-height-default elementor-section-height-default\" data-id=\"d4187d8\" data-element_type=\"section\" data-e-type=\"section\">\n\t\t\t\t\t\t<div class=\"elementor-container elementor-column-gap-default\">\n\t\t\t\t\t<div class=\"elementor-column elementor-col-100 elementor-top-column elementor-element elementor-element-dfd1e0d\" data-id=\"dfd1e0d\" data-element_type=\"column\" data-e-type=\"column\">\n\t\t\t<div class=\"elementor-widget-wrap elementor-element-populated\">\n\t\t\t\t\t\t<div class=\"elementor-element elementor-element-f928573 elementor-widget elementor-widget-heading\" data-id=\"f928573\" data-element_type=\"widget\" data-e-type=\"widget\" data-widget_type=\"heading.default\">\n\t\t\t\t<div class=\"elementor-widget-container\">\n\t\t\t\t\t<h2 class=\"elementor-heading-title elementor-size-default\">BIOVEGAN est synonyme de produits qui vous rendent heureux.<\/h2>\t\t\t\t<\/div>\n\t\t\t\t<\/div>\n\t\t\t\t<div class=\"elementor-element elementor-element-9c2e508 elementor-widget elementor-widget-text-editor\" data-id=\"9c2e508\" data-element_type=\"widget\" data-e-type=\"widget\" data-widget_type=\"text-editor.default\">\n\t\t\t\t<div class=\"elementor-widget-container\">\n\t\t\t\t\t\t\t\t\t<p>On entend parler d&rsquo;alimentation saine partout de nos jours. Mais qu\u00b4est ce que la r\u00e9alit\u00e9 ?<br \/>N&rsquo;avez-vous pas le droit de vous faire plaisir de temps en temps ?!<br \/>Comme ce serait bien de combiner les deux. C&rsquo;est exactement pour cette raison que nous travaillons chaque jour et avec un engagement total. Et vous pouvez aussi y go\u00fbter !<\/p>\t\t\t\t\t\t\t\t<\/div>\n\t\t\t\t<\/div>\n\t\t\t\t<div class=\"elementor-element elementor-element-e7845bb elementor-widget elementor-widget-image\" data-id=\"e7845bb\" data-element_type=\"widget\" data-e-type=\"widget\" data-widget_type=\"image.default\">\n\t\t\t\t<div class=\"elementor-widget-container\">\n\t\t\t\t\t        <div style=\"-webkit-transform: rotate(0deg);\n    \t\t-moz-transform: rotate(0deg);\n    \t\t-o-transform: rotate(0deg);\n    \t\t-ms-transform: rotate(0deg);\n    \t\ttransform: rotate(0deg);\" class=\"elementor-image\">\n                                                <img decoding=\"async\" width=\"5906\" height=\"2362\" src=\"https:\/\/www.biovegan.de\/wp-content\/uploads\/2022\/08\/BV_Imagemotiv-Cheesecake_Webseite_500x200mm.png\" class=\"attachment-full size-full wp-image-25725\" alt=\"\" srcset=\"https:\/\/www.biovegan.de\/wp-content\/uploads\/2022\/08\/BV_Imagemotiv-Cheesecake_Webseite_500x200mm.png 5906w, https:\/\/www.biovegan.de\/wp-content\/uploads\/2022\/08\/BV_Imagemotiv-Cheesecake_Webseite_500x200mm-300x120.png 300w, https:\/\/www.biovegan.de\/wp-content\/uploads\/2022\/08\/BV_Imagemotiv-Cheesecake_Webseite_500x200mm-1024x410.png 1024w, https:\/\/www.biovegan.de\/wp-content\/uploads\/2022\/08\/BV_Imagemotiv-Cheesecake_Webseite_500x200mm-768x307.png 768w, https:\/\/www.biovegan.de\/wp-content\/uploads\/2022\/08\/BV_Imagemotiv-Cheesecake_Webseite_500x200mm-1536x614.png 1536w, https:\/\/www.biovegan.de\/wp-content\/uploads\/2022\/08\/BV_Imagemotiv-Cheesecake_Webseite_500x200mm-2048x819.png 2048w, https:\/\/www.biovegan.de\/wp-content\/uploads\/2022\/08\/BV_Imagemotiv-Cheesecake_Webseite_500x200mm-160x64.png 160w, https:\/\/www.biovegan.de\/wp-content\/uploads\/2022\/08\/BV_Imagemotiv-Cheesecake_Webseite_500x200mm-350x140.png 350w, https:\/\/www.biovegan.de\/wp-content\/uploads\/2022\/08\/BV_Imagemotiv-Cheesecake_Webseite_500x200mm-177x71.png 177w\" sizes=\"(max-width: 5906px) 100vw, 5906px\" \/>                                                            <\/div>\n        \t\t\t\t<\/div>\n\t\t\t\t<\/div>\n\t\t\t\t\t<\/div>\n\t\t<\/div>\n\t\t\t\t\t<\/div>\n\t\t<\/section>\n\t\t\t\t<\/div>\n\t\t","protected":false},"excerpt":{"rendered":"<p>C&rsquo;est ce qu&rsquo;on aime mettre dans le sac ! 100% biologique. 100% v\u00e9g\u00e9talien. Garantie biologique. Une v\u00e9ritable alimentation naturelle. L&rsquo;original de BIOVEGAN. Sans lactose, sans gluten et tout simplement d\u00e9licieux ! \u00c0 propos des produits BIOVEGAN est synonyme de produits qui vous rendent heureux. On entend parler d&rsquo;alimentation saine partout de nos jours. Mais qu\u00b4est [&hellip;]<\/p>\n","protected":false},"author":1,"featured_media":0,"parent":0,"menu_order":0,"comment_status":"closed","ping_status":"closed","template":"","meta":{"_acf_changed":false,"footnotes":""},"class_list":["post-9489","page","type-page","status-publish","hentry","wpbf-post"],"acf":[],"_links":{"self":[{"href":"https:\/\/www.biovegan.de\/fr\/wp-json\/wp\/v2\/pages\/9489","targetHints":{"allow":["GET"]}}],"collection":[{"href":"https:\/\/www.biovegan.de\/fr\/wp-json\/wp\/v2\/pages"}],"about":[{"href":"https:\/\/www.biovegan.de\/fr\/wp-json\/wp\/v2\/types\/page"}],"author":[{"embeddable":true,"href":"https:\/\/www.biovegan.de\/fr\/wp-json\/wp\/v2\/users\/1"}],"replies":[{"embeddable":true,"href":"https:\/\/www.biovegan.de\/fr\/wp-json\/wp\/v2\/comments?post=9489"}],"version-history":[{"count":4,"href":"https:\/\/www.biovegan.de\/fr\/wp-json\/wp\/v2\/pages\/9489\/revisions"}],"predecessor-version":[{"id":36832,"href":"https:\/\/www.biovegan.de\/fr\/wp-json\/wp\/v2\/pages\/9489\/revisions\/36832"}],"wp:attachment":[{"href":"https:\/\/www.biovegan.de\/fr\/wp-json\/wp\/v2\/media?parent=9489"}],"curies":[{"name":"wp","href":"https:\/\/api.w.org\/{rel}","templated":true}]}}