{"id":9463,"date":"2021-09-16T13:12:32","date_gmt":"2021-09-16T11:12:32","guid":{"rendered":"https:\/\/www.biovegan.de\/impression\/"},"modified":"2023-07-26T15:55:22","modified_gmt":"2023-07-26T13:55:22","slug":"impression","status":"publish","type":"page","link":"https:\/\/www.biovegan.de\/fr\/impression\/","title":{"rendered":"Impression"},"content":{"rendered":"\t\t<div data-elementor-type=\"wp-post\" data-elementor-id=\"9463\" class=\"elementor elementor-9463 elementor-99\" data-elementor-post-type=\"page\">\n\t\t\t\t\t\t<section class=\"elementor-section elementor-top-section elementor-element elementor-element-3952cf4 elementor-section-boxed elementor-section-height-default elementor-section-height-default\" data-id=\"3952cf4\" data-element_type=\"section\" data-e-type=\"section\">\n\t\t\t\t\t\t<div class=\"elementor-container elementor-column-gap-default\">\n\t\t\t\t\t<div class=\"elementor-column elementor-col-100 elementor-top-column elementor-element elementor-element-4fc9b10\" data-id=\"4fc9b10\" data-element_type=\"column\" data-e-type=\"column\">\n\t\t\t<div class=\"elementor-widget-wrap elementor-element-populated\">\n\t\t\t\t\t\t<div class=\"elementor-element elementor-element-5c2c485 elementor-widget elementor-widget-heading\" data-id=\"5c2c485\" data-element_type=\"widget\" data-e-type=\"widget\" data-widget_type=\"heading.default\">\n\t\t\t\t<div class=\"elementor-widget-container\">\n\t\t\t\t\t<h1 class=\"elementor-heading-title elementor-size-default\">Impression<\/h1>\t\t\t\t<\/div>\n\t\t\t\t<\/div>\n\t\t\t\t<div class=\"elementor-element elementor-element-a774b58 elementor-widget elementor-widget-text-editor\" data-id=\"a774b58\" data-element_type=\"widget\" data-e-type=\"widget\" data-widget_type=\"text-editor.default\">\n\t\t\t\t<div class=\"elementor-widget-container\">\n\t\t\t\t\t\t\t\t\t<h2>Informations sur le fournisseur d&rsquo;acc\u00e8s conform\u00e9ment \u00e0 l&rsquo;article 5 du TMG<\/h2><p><strong>Biovegan GmbH<\/strong><br \/>Biovegan-Allee 1<br \/>DE-56579 Bonefeld<\/p><p><strong>Repr\u00e9sent\u00e9 par :<\/strong><br \/>Directeur g\u00e9n\u00e9ral : Sven Pursche<\/p><p>T\u00e9l\u00e9phone : <a href=\"tel:\/\/+49263094340\" rel=\"nofollow\">+49 2634 9434-0<\/a><br \/>Fax : <a href=\"tel:\/\/+4926309434340\" rel=\"nofollow\">+49 2634 9434-340<\/a><br \/>Courriel : <a href=\"mailto:info@biovegan.de\">info@biovegan.de<\/a><\/p>\t\t\t\t\t\t\t\t<\/div>\n\t\t\t\t<\/div>\n\t\t\t\t\t<\/div>\n\t\t<\/div>\n\t\t\t\t\t<\/div>\n\t\t<\/section>\n\t\t\t\t<section class=\"elementor-section elementor-top-section elementor-element elementor-element-a8c5e3c elementor-section-boxed elementor-section-height-default elementor-section-height-default\" data-id=\"a8c5e3c\" data-element_type=\"section\" data-e-type=\"section\">\n\t\t\t\t\t\t<div class=\"elementor-container elementor-column-gap-default\">\n\t\t\t\t\t<div class=\"elementor-column elementor-col-33 elementor-top-column elementor-element elementor-element-a0224eb\" data-id=\"a0224eb\" data-element_type=\"column\" data-e-type=\"column\">\n\t\t\t<div class=\"elementor-widget-wrap elementor-element-populated\">\n\t\t\t\t\t\t<div class=\"elementor-element elementor-element-9f391f2 elementor-widget elementor-widget-heading\" data-id=\"9f391f2\" data-element_type=\"widget\" data-e-type=\"widget\" data-widget_type=\"heading.default\">\n\t\t\t\t<div class=\"elementor-widget-container\">\n\t\t\t\t\t<h3 class=\"elementor-heading-title elementor-size-default\">Inscription au registre<\/h3>\t\t\t\t<\/div>\n\t\t\t\t<\/div>\n\t\t\t\t<div class=\"elementor-element elementor-element-43e950f elementor-widget elementor-widget-text-editor\" data-id=\"43e950f\" data-element_type=\"widget\" data-e-type=\"widget\" data-widget_type=\"text-editor.default\">\n\t\t\t\t<div class=\"elementor-widget-container\">\n\t\t\t\t\t\t\t\t\t<p><strong>Num\u00e9ro d&rsquo;enregistrement HRB 5692<\/strong><br \/>\nTribunal d&rsquo;instance de Montabaur<\/p>\n\t\t\t\t\t\t\t\t<\/div>\n\t\t\t\t<\/div>\n\t\t\t\t\t<\/div>\n\t\t<\/div>\n\t\t\t\t<div class=\"elementor-column elementor-col-33 elementor-top-column elementor-element elementor-element-ebfc13d\" data-id=\"ebfc13d\" data-element_type=\"column\" data-e-type=\"column\">\n\t\t\t<div class=\"elementor-widget-wrap elementor-element-populated\">\n\t\t\t\t\t\t<div class=\"elementor-element elementor-element-839157e elementor-widget elementor-widget-heading\" data-id=\"839157e\" data-element_type=\"widget\" data-e-type=\"widget\" data-widget_type=\"heading.default\">\n\t\t\t\t<div class=\"elementor-widget-container\">\n\t\t\t\t\t<h3 class=\"elementor-heading-title elementor-size-default\">ID de la taxe de vente <\/h3>\t\t\t\t<\/div>\n\t\t\t\t<\/div>\n\t\t\t\t<div class=\"elementor-element elementor-element-2091378 elementor-widget elementor-widget-text-editor\" data-id=\"2091378\" data-element_type=\"widget\" data-e-type=\"widget\" data-widget_type=\"text-editor.default\">\n\t\t\t\t<div class=\"elementor-widget-container\">\n\t\t\t\t\t\t\t\t\t<p>DE189692892<br \/>\n(n\u00b0 de TVA selon le \u00a7 27a UStG)<\/p>\n\t\t\t\t\t\t\t\t<\/div>\n\t\t\t\t<\/div>\n\t\t\t\t\t<\/div>\n\t\t<\/div>\n\t\t\t\t<div class=\"elementor-column elementor-col-33 elementor-top-column elementor-element elementor-element-a271f1d\" data-id=\"a271f1d\" data-element_type=\"column\" data-e-type=\"column\">\n\t\t\t<div class=\"elementor-widget-wrap elementor-element-populated\">\n\t\t\t\t\t\t<div class=\"elementor-element elementor-element-986ae0c elementor-widget elementor-widget-heading\" data-id=\"986ae0c\" data-element_type=\"widget\" data-e-type=\"widget\" data-widget_type=\"heading.default\">\n\t\t\t\t<div class=\"elementor-widget-container\">\n\t\t\t\t\t<h3 class=\"elementor-heading-title elementor-size-default\">Responsabilit\u00e9 du contenu<\/h3>\t\t\t\t<\/div>\n\t\t\t\t<\/div>\n\t\t\t\t<div class=\"elementor-element elementor-element-9fd1bbf elementor-widget elementor-widget-text-editor\" data-id=\"9fd1bbf\" data-element_type=\"widget\" data-e-type=\"widget\" data-widget_type=\"text-editor.default\">\n\t\t\t\t<div class=\"elementor-widget-container\">\n\t\t\t\t\t\t\t\t\t<p><strong>Responsable du contenu <\/strong><strong>conform\u00e9ment au \u00a7 55 Abs. 2 RStV<\/strong><br>Sven Pursche<br>Biovegan-Allee 1<br>DE-56579 Bonefeld<\/p>\t\t\t\t\t\t\t\t<\/div>\n\t\t\t\t<\/div>\n\t\t\t\t\t<\/div>\n\t\t<\/div>\n\t\t\t\t\t<\/div>\n\t\t<\/section>\n\t\t\t\t<section class=\"elementor-section elementor-top-section elementor-element elementor-element-35469ebd elementor-section-boxed elementor-section-height-default elementor-section-height-default\" data-id=\"35469ebd\" data-element_type=\"section\" data-e-type=\"section\">\n\t\t\t\t\t\t<div class=\"elementor-container elementor-column-gap-default\">\n\t\t\t\t\t<div class=\"elementor-column elementor-col-100 elementor-top-column elementor-element elementor-element-49ca5ace\" data-id=\"49ca5ace\" data-element_type=\"column\" data-e-type=\"column\" data-settings=\"{&quot;background_background&quot;:&quot;classic&quot;}\">\n\t\t\t<div class=\"elementor-widget-wrap elementor-element-populated\">\n\t\t\t\t\t\t<div class=\"elementor-element elementor-element-393699ed elementor-widget elementor-widget-spacer\" data-id=\"393699ed\" data-element_type=\"widget\" data-e-type=\"widget\" data-widget_type=\"spacer.default\">\n\t\t\t\t<div class=\"elementor-widget-container\">\n\t\t\t\t\t\t\t<div class=\"elementor-spacer\">\n\t\t\t<div class=\"elementor-spacer-inner\"><\/div>\n\t\t<\/div>\n\t\t\t\t\t\t<\/div>\n\t\t\t\t<\/div>\n\t\t\t\t\t<\/div>\n\t\t<\/div>\n\t\t\t\t\t<\/div>\n\t\t<\/section>\n\t\t\t\t<section class=\"elementor-section elementor-top-section elementor-element elementor-element-e185e0b elementor-section-boxed elementor-section-height-default elementor-section-height-default\" data-id=\"e185e0b\" data-element_type=\"section\" data-e-type=\"section\">\n\t\t\t\t\t\t<div class=\"elementor-container elementor-column-gap-default\">\n\t\t\t\t\t<div class=\"elementor-column elementor-col-100 elementor-top-column elementor-element elementor-element-b634139\" data-id=\"b634139\" data-element_type=\"column\" data-e-type=\"column\">\n\t\t\t<div class=\"elementor-widget-wrap elementor-element-populated\">\n\t\t\t\t\t\t<div class=\"elementor-element elementor-element-9fb6d4d elementor-widget elementor-widget-heading\" data-id=\"9fb6d4d\" data-element_type=\"widget\" data-e-type=\"widget\" data-widget_type=\"heading.default\">\n\t\t\t\t<div class=\"elementor-widget-container\">\n\t\t\t\t\t<h2 class=\"elementor-heading-title elementor-size-default\">Cr\u00e9dits photos<\/h2>\t\t\t\t<\/div>\n\t\t\t\t<\/div>\n\t\t\t\t<div class=\"elementor-element elementor-element-8921fe6 elementor-widget elementor-widget-text-editor\" data-id=\"8921fe6\" data-element_type=\"widget\" data-e-type=\"widget\" data-widget_type=\"text-editor.default\">\n\t\t\t\t<div class=\"elementor-widget-container\">\n\t\t\t\t\t\t\t\t\t<p>Fleur de vanille : #200204104 | \u00a9 Auteur : viktoriya89 &#8211;<strong><u> <span style=\"mso-fareast-font-family: 'Times New Roman';\"><a href=\"http:\/\/stock.adobe.com\" rel=\"nofollow noopener\" target=\"_blank\">stock.adobe.com<\/a><\/span><br \/>\n<\/u><\/strong><\/p>\n\t\t\t\t\t\t\t\t<\/div>\n\t\t\t\t<\/div>\n\t\t\t\t\t<\/div>\n\t\t<\/div>\n\t\t\t\t\t<\/div>\n\t\t<\/section>\n\t\t\t\t<\/div>\n\t\t","protected":false},"excerpt":{"rendered":"<p>Impression Informations sur le fournisseur d&rsquo;acc\u00e8s conform\u00e9ment \u00e0 l&rsquo;article 5 du TMG Biovegan GmbHBiovegan-Allee 1DE-56579 Bonefeld Repr\u00e9sent\u00e9 par :Directeur g\u00e9n\u00e9ral : Sven Pursche T\u00e9l\u00e9phone : +49 2634 9434-0Fax : +49 2634 9434-340Courriel : info@biovegan.de Inscription au registre Num\u00e9ro d&rsquo;enregistrement HRB 5692 Tribunal d&rsquo;instance de Montabaur ID de la taxe de vente DE189692892 (n\u00b0 de TVA [&hellip;]<\/p>\n","protected":false},"author":1,"featured_media":0,"parent":0,"menu_order":98,"comment_status":"closed","ping_status":"closed","template":"","meta":{"_acf_changed":false,"footnotes":""},"class_list":["post-9463","page","type-page","status-publish","hentry","wpbf-post"],"acf":[],"_links":{"self":[{"href":"https:\/\/www.biovegan.de\/fr\/wp-json\/wp\/v2\/pages\/9463","targetHints":{"allow":["GET"]}}],"collection":[{"href":"https:\/\/www.biovegan.de\/fr\/wp-json\/wp\/v2\/pages"}],"about":[{"href":"https:\/\/www.biovegan.de\/fr\/wp-json\/wp\/v2\/types\/page"}],"author":[{"embeddable":true,"href":"https:\/\/www.biovegan.de\/fr\/wp-json\/wp\/v2\/users\/1"}],"replies":[{"embeddable":true,"href":"https:\/\/www.biovegan.de\/fr\/wp-json\/wp\/v2\/comments?post=9463"}],"version-history":[{"count":4,"href":"https:\/\/www.biovegan.de\/fr\/wp-json\/wp\/v2\/pages\/9463\/revisions"}],"predecessor-version":[{"id":35837,"href":"https:\/\/www.biovegan.de\/fr\/wp-json\/wp\/v2\/pages\/9463\/revisions\/35837"}],"wp:attachment":[{"href":"https:\/\/www.biovegan.de\/fr\/wp-json\/wp\/v2\/media?parent=9463"}],"curies":[{"name":"wp","href":"https:\/\/api.w.org\/{rel}","templated":true}]}}