{"id":33416,"date":"2023-03-01T15:13:20","date_gmt":"2023-03-01T14:13:20","guid":{"rendered":"https:\/\/www.biovegan.de\/?page_id=33416"},"modified":"2023-03-01T15:15:28","modified_gmt":"2023-03-01T14:15:28","slug":"epice-2","status":"publish","type":"page","link":"https:\/\/www.biovegan.de\/fr\/produits\/epice-2\/","title":{"rendered":"\u00c9pic\u00e9"},"content":{"rendered":"\t\t<div data-elementor-type=\"wp-post\" data-elementor-id=\"33416\" class=\"elementor elementor-33416\" data-elementor-post-type=\"page\">\n\t\t\t\t\t\t<section class=\"elementor-section elementor-top-section elementor-element elementor-element-1a8db87e elementor-section-boxed elementor-section-height-default elementor-section-height-default\" data-id=\"1a8db87e\" data-element_type=\"section\" data-e-type=\"section\">\n\t\t\t\t\t\t<div class=\"elementor-container elementor-column-gap-default\">\n\t\t\t\t\t<div class=\"elementor-column elementor-col-100 elementor-top-column elementor-element elementor-element-448c79d4\" data-id=\"448c79d4\" data-element_type=\"column\" data-e-type=\"column\" data-settings=\"{&quot;background_background&quot;:&quot;classic&quot;}\">\n\t\t\t<div class=\"elementor-widget-wrap elementor-element-populated\">\n\t\t\t\t\t\t<div class=\"elementor-element elementor-element-1ba158a elementor-widget elementor-widget-image\" data-id=\"1ba158a\" data-element_type=\"widget\" data-e-type=\"widget\" data-widget_type=\"image.default\">\n\t\t\t\t<div class=\"elementor-widget-container\">\n\t\t\t\t\t        <div style=\"-webkit-transform: rotate(0deg);\n    \t\t-moz-transform: rotate(0deg);\n    \t\t-o-transform: rotate(0deg);\n    \t\t-ms-transform: rotate(0deg);\n    \t\ttransform: rotate(0deg);\" class=\"elementor-image\">\n                                                <img decoding=\"async\" src=\"https:\/\/www.biovegan.de\/wp-content\/uploads\/elementor\/thumbs\/Herz-pkn8oj3vsx968sq4p6rvxa242mgoo2af23ttvix2og.jpg\" title=\"Herz\" alt=\"Herz\" loading=\"lazy\" \/>                                                            <\/div>\n        \t\t\t\t<\/div>\n\t\t\t\t<\/div>\n\t\t\t\t\t<\/div>\n\t\t<\/div>\n\t\t\t\t\t<\/div>\n\t\t<\/section>\n\t\t\t\t<section class=\"elementor-section elementor-top-section elementor-element elementor-element-49936c4d elementor-section-boxed elementor-section-height-default elementor-section-height-default\" data-id=\"49936c4d\" data-element_type=\"section\" data-e-type=\"section\">\n\t\t\t\t\t\t<div class=\"elementor-container elementor-column-gap-default\">\n\t\t\t\t\t<div class=\"elementor-column elementor-col-100 elementor-top-column elementor-element elementor-element-11636613\" data-id=\"11636613\" data-element_type=\"column\" data-e-type=\"column\">\n\t\t\t<div class=\"elementor-widget-wrap elementor-element-populated\">\n\t\t\t\t\t\t<div class=\"elementor-element elementor-element-4ca34f34 elementor-widget elementor-widget-heading\" data-id=\"4ca34f34\" data-element_type=\"widget\" data-e-type=\"widget\" data-widget_type=\"heading.default\">\n\t\t\t\t<div class=\"elementor-widget-container\">\n\t\t\t\t\t<h1 class=\"elementor-heading-title elementor-size-default\">\u00c9pic\u00e9<\/h1>\t\t\t\t<\/div>\n\t\t\t\t<\/div>\n\t\t\t\t\t<\/div>\n\t\t<\/div>\n\t\t\t\t\t<\/div>\n\t\t<\/section>\n\t\t\t\t<section class=\"elementor-section elementor-top-section elementor-element elementor-element-76e98d3e elementor-section-boxed elementor-section-height-default elementor-section-height-default\" data-id=\"76e98d3e\" data-element_type=\"section\" data-e-type=\"section\">\n\t\t\t\t\t\t<div class=\"elementor-container elementor-column-gap-default\">\n\t\t\t\t\t<div class=\"elementor-column elementor-col-100 elementor-top-column elementor-element elementor-element-1958817a\" data-id=\"1958817a\" data-element_type=\"column\" data-e-type=\"column\">\n\t\t\t<div class=\"elementor-widget-wrap elementor-element-populated\">\n\t\t\t\t\t\t<div class=\"elementor-element elementor-element-371e81f6 elementor-widget elementor-widget-product-list\" data-id=\"371e81f6\" data-element_type=\"widget\" data-e-type=\"widget\" data-widget_type=\"product-list.default\">\n\t\t\t\t<div class=\"elementor-widget-container\">\n\t\t\t\t\t<div class=\"pap-posts-loading\" style=\"display: none;\">\n<svg class=\"lds-spinner\" width=\"100px\"  height=\"100px\"  xmlns=\"http:\/\/www.w3.org\/2000\/svg\" xmlns:xlink=\"http:\/\/www.w3.org\/1999\/xlink\" viewBox=\"0 0 100 100\" preserveAspectRatio=\"xMidYMid\" style=\"background: none;\"><g transform=\"rotate(0 50 50)\">\n  <rect x=\"47\" y=\"24\" rx=\"9.4\" ry=\"4.8\" width=\"6\" height=\"12\" fill=\"#EC9137\">\n    <animate attributeName=\"opacity\" values=\"1;0\" keyTimes=\"0;1\" dur=\"1s\" begin=\"-0.9166666666666666s\" repeatCount=\"indefinite\"><\/animate>\n  <\/rect>\n<\/g><g transform=\"rotate(30 50 50)\">\n  <rect x=\"47\" y=\"24\" rx=\"9.4\" ry=\"4.8\" width=\"6\" height=\"12\" fill=\"#EC9137\">\n    <animate attributeName=\"opacity\" values=\"1;0\" keyTimes=\"0;1\" dur=\"1s\" begin=\"-0.8333333333333334s\" repeatCount=\"indefinite\"><\/animate>\n  <\/rect>\n<\/g><g transform=\"rotate(60 50 50)\">\n  <rect x=\"47\" y=\"24\" rx=\"9.4\" ry=\"4.8\" width=\"6\" height=\"12\" fill=\"#EC9137\">\n    <animate attributeName=\"opacity\" values=\"1;0\" keyTimes=\"0;1\" dur=\"1s\" begin=\"-0.75s\" repeatCount=\"indefinite\"><\/animate>\n  <\/rect>\n<\/g><g transform=\"rotate(90 50 50)\">\n  <rect x=\"47\" y=\"24\" rx=\"9.4\" ry=\"4.8\" width=\"6\" height=\"12\" fill=\"#EC9137\">\n    <animate attributeName=\"opacity\" values=\"1;0\" keyTimes=\"0;1\" dur=\"1s\" begin=\"-0.6666666666666666s\" repeatCount=\"indefinite\"><\/animate>\n  <\/rect>\n<\/g><g transform=\"rotate(120 50 50)\">\n  <rect x=\"47\" y=\"24\" rx=\"9.4\" ry=\"4.8\" width=\"6\" height=\"12\" fill=\"#EC9137\">\n    <animate attributeName=\"opacity\" values=\"1;0\" keyTimes=\"0;1\" dur=\"1s\" begin=\"-0.5833333333333334s\" repeatCount=\"indefinite\"><\/animate>\n  <\/rect>\n<\/g><g transform=\"rotate(150 50 50)\">\n  <rect x=\"47\" y=\"24\" rx=\"9.4\" ry=\"4.8\" width=\"6\" height=\"12\" fill=\"#EC9137\">\n    <animate attributeName=\"opacity\" values=\"1;0\" keyTimes=\"0;1\" dur=\"1s\" begin=\"-0.5s\" repeatCount=\"indefinite\"><\/animate>\n  <\/rect>\n<\/g><g transform=\"rotate(180 50 50)\">\n  <rect x=\"47\" y=\"24\" rx=\"9.4\" ry=\"4.8\" width=\"6\" height=\"12\" fill=\"#EC9137\">\n    <animate attributeName=\"opacity\" values=\"1;0\" keyTimes=\"0;1\" dur=\"1s\" begin=\"-0.4166666666666667s\" repeatCount=\"indefinite\"><\/animate>\n  <\/rect>\n<\/g><g transform=\"rotate(210 50 50)\">\n  <rect x=\"47\" y=\"24\" rx=\"9.4\" ry=\"4.8\" width=\"6\" height=\"12\" fill=\"#EC9137\">\n    <animate attributeName=\"opacity\" values=\"1;0\" keyTimes=\"0;1\" dur=\"1s\" begin=\"-0.3333333333333333s\" repeatCount=\"indefinite\"><\/animate>\n  <\/rect>\n<\/g><g transform=\"rotate(240 50 50)\">\n  <rect x=\"47\" y=\"24\" rx=\"9.4\" ry=\"4.8\" width=\"6\" height=\"12\" fill=\"#EC9137\">\n    <animate attributeName=\"opacity\" values=\"1;0\" keyTimes=\"0;1\" dur=\"1s\" begin=\"-0.25s\" repeatCount=\"indefinite\"><\/animate>\n  <\/rect>\n<\/g><g transform=\"rotate(270 50 50)\">\n  <rect x=\"47\" y=\"24\" rx=\"9.4\" ry=\"4.8\" width=\"6\" height=\"12\" fill=\"#EC9137\">\n    <animate attributeName=\"opacity\" values=\"1;0\" keyTimes=\"0;1\" dur=\"1s\" begin=\"-0.16666666666666666s\" repeatCount=\"indefinite\"><\/animate>\n  <\/rect>\n<\/g><g transform=\"rotate(300 50 50)\">\n  <rect x=\"47\" y=\"24\" rx=\"9.4\" ry=\"4.8\" width=\"6\" height=\"12\" fill=\"#EC9137\">\n    <animate attributeName=\"opacity\" values=\"1;0\" keyTimes=\"0;1\" dur=\"1s\" begin=\"-0.08333333333333333s\" repeatCount=\"indefinite\"><\/animate>\n  <\/rect>\n<\/g><g transform=\"rotate(330 50 50)\">\n  <rect x=\"47\" y=\"24\" rx=\"9.4\" ry=\"4.8\" width=\"6\" height=\"12\" fill=\"#EC9137\">\n    <animate attributeName=\"opacity\" values=\"1;0\" keyTimes=\"0;1\" dur=\"1s\" begin=\"0s\" repeatCount=\"indefinite\"><\/animate>\n  <\/rect>\n<\/g><\/svg>\n<\/div><div class=\"product-list-result\"><div class=\"product-list-item\"><a href=\"https:\/\/www.biovegan.de\/fr\/produit\/ma-vinaigrette-vegan-asia-bowl\/\" class=\"pp-posts-result-link\"><div class=\"thumbnail\"><img fetchpriority=\"high\" decoding=\"async\" width=\"1829\" height=\"2560\" src=\"https:\/\/www.biovegan.de\/wp-content\/uploads\/2023\/06\/10234_04370-AsiaBowl-Dressing-format-scaled.jpg\" class=\"attachment-post-thumbnail size-post-thumbnail wp-post-image\" alt=\"\" srcset=\"https:\/\/www.biovegan.de\/wp-content\/uploads\/2023\/06\/10234_04370-AsiaBowl-Dressing-format-scaled.jpg 1829w, https:\/\/www.biovegan.de\/wp-content\/uploads\/2023\/06\/10234_04370-AsiaBowl-Dressing-format-214x300.jpg 214w, https:\/\/www.biovegan.de\/wp-content\/uploads\/2023\/06\/10234_04370-AsiaBowl-Dressing-format-732x1024.jpg 732w, https:\/\/www.biovegan.de\/wp-content\/uploads\/2023\/06\/10234_04370-AsiaBowl-Dressing-format-768x1075.jpg 768w, https:\/\/www.biovegan.de\/wp-content\/uploads\/2023\/06\/10234_04370-AsiaBowl-Dressing-format-1098x1536.jpg 1098w, https:\/\/www.biovegan.de\/wp-content\/uploads\/2023\/06\/10234_04370-AsiaBowl-Dressing-format-1464x2048.jpg 1464w, https:\/\/www.biovegan.de\/wp-content\/uploads\/2023\/06\/10234_04370-AsiaBowl-Dressing-format-160x225.jpg 160w, https:\/\/www.biovegan.de\/wp-content\/uploads\/2023\/06\/10234_04370-AsiaBowl-Dressing-format-189x265.jpg 189w, https:\/\/www.biovegan.de\/wp-content\/uploads\/2023\/06\/10234_04370-AsiaBowl-Dressing-format-177x248.jpg 177w\" sizes=\"(max-width: 1829px) 100vw, 1829px\" \/><\/div>    <div class=\"title\">Ma vinaigrette vegan Asia Bowl    <\/div><\/a><\/div><div class=\"product-list-item\"><a href=\"https:\/\/www.biovegan.de\/fr\/produit\/ma-vinaigrette-vegan-caesar\/\" class=\"pp-posts-result-link\"><div class=\"thumbnail\"><img decoding=\"async\" width=\"1829\" height=\"2560\" src=\"https:\/\/www.biovegan.de\/wp-content\/uploads\/2023\/06\/10240_04368-Ceasar-Dressing-format-scaled.jpg\" class=\"attachment-post-thumbnail size-post-thumbnail wp-post-image\" alt=\"\" srcset=\"https:\/\/www.biovegan.de\/wp-content\/uploads\/2023\/06\/10240_04368-Ceasar-Dressing-format-scaled.jpg 1829w, https:\/\/www.biovegan.de\/wp-content\/uploads\/2023\/06\/10240_04368-Ceasar-Dressing-format-214x300.jpg 214w, https:\/\/www.biovegan.de\/wp-content\/uploads\/2023\/06\/10240_04368-Ceasar-Dressing-format-732x1024.jpg 732w, https:\/\/www.biovegan.de\/wp-content\/uploads\/2023\/06\/10240_04368-Ceasar-Dressing-format-768x1075.jpg 768w, https:\/\/www.biovegan.de\/wp-content\/uploads\/2023\/06\/10240_04368-Ceasar-Dressing-format-1098x1536.jpg 1098w, https:\/\/www.biovegan.de\/wp-content\/uploads\/2023\/06\/10240_04368-Ceasar-Dressing-format-1464x2048.jpg 1464w, https:\/\/www.biovegan.de\/wp-content\/uploads\/2023\/06\/10240_04368-Ceasar-Dressing-format-160x225.jpg 160w, https:\/\/www.biovegan.de\/wp-content\/uploads\/2023\/06\/10240_04368-Ceasar-Dressing-format-189x265.jpg 189w, https:\/\/www.biovegan.de\/wp-content\/uploads\/2023\/06\/10240_04368-Ceasar-Dressing-format-177x248.jpg 177w\" sizes=\"(max-width: 1829px) 100vw, 1829px\" \/><\/div>    <div class=\"title\">Ma vinaigrette vegan Caesar    <\/div><\/a><\/div><div class=\"product-list-item\"><a href=\"https:\/\/www.biovegan.de\/fr\/produit\/mes-galettes\/\" class=\"pp-posts-result-link\"><div class=\"thumbnail\"><img decoding=\"async\" width=\"1576\" height=\"2560\" src=\"https:\/\/www.biovegan.de\/wp-content\/uploads\/2022\/07\/20022-RoteBeteBratling_Schatten_Web-scaled.jpg\" class=\"attachment-post-thumbnail size-post-thumbnail wp-post-image\" alt=\"Bratling\" srcset=\"https:\/\/www.biovegan.de\/wp-content\/uploads\/2022\/07\/20022-RoteBeteBratling_Schatten_Web-scaled.jpg 1576w, https:\/\/www.biovegan.de\/wp-content\/uploads\/2022\/07\/20022-RoteBeteBratling_Schatten_Web-scaled-185x300.jpg 185w, https:\/\/www.biovegan.de\/wp-content\/uploads\/2022\/07\/20022-RoteBeteBratling_Schatten_Web-scaled-630x1024.jpg 630w, https:\/\/www.biovegan.de\/wp-content\/uploads\/2022\/07\/20022-RoteBeteBratling_Schatten_Web-scaled-768x1248.jpg 768w, https:\/\/www.biovegan.de\/wp-content\/uploads\/2022\/07\/20022-RoteBeteBratling_Schatten_Web-scaled-946x1536.jpg 946w, https:\/\/www.biovegan.de\/wp-content\/uploads\/2022\/07\/20022-RoteBeteBratling_Schatten_Web-scaled-1261x2048.jpg 1261w, https:\/\/www.biovegan.de\/wp-content\/uploads\/2022\/07\/20022-RoteBeteBratling_Schatten_Web-scaled-139x225.jpg 139w, https:\/\/www.biovegan.de\/wp-content\/uploads\/2022\/07\/20022-RoteBeteBratling_Schatten_Web-scaled-163x265.jpg 163w, https:\/\/www.biovegan.de\/wp-content\/uploads\/2022\/07\/20022-RoteBeteBratling_Schatten_Web-scaled-154x250.jpg 154w\" sizes=\"(max-width: 1576px) 100vw, 1576px\" \/><\/div>    <div class=\"title\">Mes galettes de betteraves    <\/div><\/a><\/div><div class=\"product-list-item\"><a href=\"https:\/\/www.biovegan.de\/fr\/produit\/mon-falafel\/\" class=\"pp-posts-result-link\"><div class=\"thumbnail\"><img loading=\"lazy\" decoding=\"async\" width=\"1576\" height=\"2560\" src=\"https:\/\/www.biovegan.de\/wp-content\/uploads\/2022\/07\/20022-Falafel_Schatten_Web-scaled.jpg\" class=\"attachment-post-thumbnail size-post-thumbnail wp-post-image\" alt=\"Falafel\" srcset=\"https:\/\/www.biovegan.de\/wp-content\/uploads\/2022\/07\/20022-Falafel_Schatten_Web-scaled.jpg 1576w, https:\/\/www.biovegan.de\/wp-content\/uploads\/2022\/07\/20022-Falafel_Schatten_Web-scaled-185x300.jpg 185w, https:\/\/www.biovegan.de\/wp-content\/uploads\/2022\/07\/20022-Falafel_Schatten_Web-scaled-630x1024.jpg 630w, https:\/\/www.biovegan.de\/wp-content\/uploads\/2022\/07\/20022-Falafel_Schatten_Web-scaled-768x1248.jpg 768w, https:\/\/www.biovegan.de\/wp-content\/uploads\/2022\/07\/20022-Falafel_Schatten_Web-scaled-946x1536.jpg 946w, https:\/\/www.biovegan.de\/wp-content\/uploads\/2022\/07\/20022-Falafel_Schatten_Web-scaled-1261x2048.jpg 1261w, https:\/\/www.biovegan.de\/wp-content\/uploads\/2022\/07\/20022-Falafel_Schatten_Web-scaled-139x225.jpg 139w, https:\/\/www.biovegan.de\/wp-content\/uploads\/2022\/07\/20022-Falafel_Schatten_Web-scaled-163x265.jpg 163w, https:\/\/www.biovegan.de\/wp-content\/uploads\/2022\/07\/20022-Falafel_Schatten_Web-scaled-154x250.jpg 154w\" sizes=\"(max-width: 1576px) 100vw, 1576px\" \/><\/div>    <div class=\"title\">Mon m\u00e9lange pour Falafels aux lentilles rouges &#038; curry    <\/div><\/a><\/div><div class=\"product-list-item\"><a href=\"https:\/\/www.biovegan.de\/fr\/produit\/mon-super-pesto-basilic-noix-de-cajou\/\" class=\"pp-posts-result-link\"><div class=\"thumbnail\"><img loading=\"lazy\" decoding=\"async\" width=\"1828\" height=\"2560\" src=\"https:\/\/www.biovegan.de\/wp-content\/uploads\/2023\/06\/10237_004383-SuperPesto-BasilikumCashew-format-scaled.jpg\" class=\"attachment-post-thumbnail size-post-thumbnail wp-post-image\" alt=\"\" srcset=\"https:\/\/www.biovegan.de\/wp-content\/uploads\/2023\/06\/10237_004383-SuperPesto-BasilikumCashew-format-scaled.jpg 1828w, https:\/\/www.biovegan.de\/wp-content\/uploads\/2023\/06\/10237_004383-SuperPesto-BasilikumCashew-format-214x300.jpg 214w, https:\/\/www.biovegan.de\/wp-content\/uploads\/2023\/06\/10237_004383-SuperPesto-BasilikumCashew-format-731x1024.jpg 731w, https:\/\/www.biovegan.de\/wp-content\/uploads\/2023\/06\/10237_004383-SuperPesto-BasilikumCashew-format-768x1075.jpg 768w, https:\/\/www.biovegan.de\/wp-content\/uploads\/2023\/06\/10237_004383-SuperPesto-BasilikumCashew-format-1097x1536.jpg 1097w, https:\/\/www.biovegan.de\/wp-content\/uploads\/2023\/06\/10237_004383-SuperPesto-BasilikumCashew-format-1463x2048.jpg 1463w, https:\/\/www.biovegan.de\/wp-content\/uploads\/2023\/06\/10237_004383-SuperPesto-BasilikumCashew-format-160x225.jpg 160w, https:\/\/www.biovegan.de\/wp-content\/uploads\/2023\/06\/10237_004383-SuperPesto-BasilikumCashew-format-189x265.jpg 189w, https:\/\/www.biovegan.de\/wp-content\/uploads\/2023\/06\/10237_004383-SuperPesto-BasilikumCashew-format-177x248.jpg 177w\" sizes=\"(max-width: 1828px) 100vw, 1828px\" \/><\/div>    <div class=\"title\">Mon super pesto basilic &#038; noix de cajou    <\/div><\/a><\/div><div class=\"product-list-item\"><a href=\"https:\/\/www.biovegan.de\/fr\/produit\/mon-super-pesto-betterave-poire\/\" class=\"pp-posts-result-link\"><div class=\"thumbnail\"><img loading=\"lazy\" decoding=\"async\" width=\"1831\" height=\"2560\" src=\"https:\/\/www.biovegan.de\/wp-content\/uploads\/2023\/06\/10236_004384-SuperPesto-RoteBeteBirne-format-scaled.jpg\" class=\"attachment-post-thumbnail size-post-thumbnail wp-post-image\" alt=\"\" srcset=\"https:\/\/www.biovegan.de\/wp-content\/uploads\/2023\/06\/10236_004384-SuperPesto-RoteBeteBirne-format-scaled.jpg 1831w, https:\/\/www.biovegan.de\/wp-content\/uploads\/2023\/06\/10236_004384-SuperPesto-RoteBeteBirne-format-215x300.jpg 215w, https:\/\/www.biovegan.de\/wp-content\/uploads\/2023\/06\/10236_004384-SuperPesto-RoteBeteBirne-format-733x1024.jpg 733w, https:\/\/www.biovegan.de\/wp-content\/uploads\/2023\/06\/10236_004384-SuperPesto-RoteBeteBirne-format-768x1074.jpg 768w, https:\/\/www.biovegan.de\/wp-content\/uploads\/2023\/06\/10236_004384-SuperPesto-RoteBeteBirne-format-1099x1536.jpg 1099w, https:\/\/www.biovegan.de\/wp-content\/uploads\/2023\/06\/10236_004384-SuperPesto-RoteBeteBirne-format-1465x2048.jpg 1465w, https:\/\/www.biovegan.de\/wp-content\/uploads\/2023\/06\/10236_004384-SuperPesto-RoteBeteBirne-format-160x225.jpg 160w, https:\/\/www.biovegan.de\/wp-content\/uploads\/2023\/06\/10236_004384-SuperPesto-RoteBeteBirne-format-190x265.jpg 190w, https:\/\/www.biovegan.de\/wp-content\/uploads\/2023\/06\/10236_004384-SuperPesto-RoteBeteBirne-format-177x247.jpg 177w\" sizes=\"(max-width: 1831px) 100vw, 1831px\" \/><\/div>    <div class=\"title\">Mon super pesto betterave &#038; poire    <\/div><\/a><\/div><div class=\"product-list-item\"><a href=\"https:\/\/www.biovegan.de\/fr\/produit\/mon-super-pesto-carotte-amande\/\" class=\"pp-posts-result-link\"><div class=\"thumbnail\"><img loading=\"lazy\" decoding=\"async\" width=\"1830\" height=\"2560\" src=\"https:\/\/www.biovegan.de\/wp-content\/uploads\/2023\/06\/10235_004385-SuperPesto-KarotteMandel-format-scaled.jpg\" class=\"attachment-post-thumbnail size-post-thumbnail wp-post-image\" alt=\"\" srcset=\"https:\/\/www.biovegan.de\/wp-content\/uploads\/2023\/06\/10235_004385-SuperPesto-KarotteMandel-format-scaled.jpg 1830w, https:\/\/www.biovegan.de\/wp-content\/uploads\/2023\/06\/10235_004385-SuperPesto-KarotteMandel-format-214x300.jpg 214w, https:\/\/www.biovegan.de\/wp-content\/uploads\/2023\/06\/10235_004385-SuperPesto-KarotteMandel-format-732x1024.jpg 732w, https:\/\/www.biovegan.de\/wp-content\/uploads\/2023\/06\/10235_004385-SuperPesto-KarotteMandel-format-768x1075.jpg 768w, https:\/\/www.biovegan.de\/wp-content\/uploads\/2023\/06\/10235_004385-SuperPesto-KarotteMandel-format-1098x1536.jpg 1098w, https:\/\/www.biovegan.de\/wp-content\/uploads\/2023\/06\/10235_004385-SuperPesto-KarotteMandel-format-1464x2048.jpg 1464w, https:\/\/www.biovegan.de\/wp-content\/uploads\/2023\/06\/10235_004385-SuperPesto-KarotteMandel-format-160x225.jpg 160w, https:\/\/www.biovegan.de\/wp-content\/uploads\/2023\/06\/10235_004385-SuperPesto-KarotteMandel-format-189x265.jpg 189w, https:\/\/www.biovegan.de\/wp-content\/uploads\/2023\/06\/10235_004385-SuperPesto-KarotteMandel-format-177x248.jpg 177w\" sizes=\"(max-width: 1830px) 100vw, 1830px\" \/><\/div>    <div class=\"title\">Mon super pesto carotte &#038; amande    <\/div><\/a><\/div><div class=\"product-list-item\"><a href=\"https:\/\/www.biovegan.de\/fr\/produit\/mon-vinaigrette-francaise-vegetalienne\/\" class=\"pp-posts-result-link\"><div class=\"thumbnail\"><img loading=\"lazy\" decoding=\"async\" width=\"1829\" height=\"2560\" src=\"https:\/\/www.biovegan.de\/wp-content\/uploads\/2023\/06\/10233_04369-French-Dressing-format-scaled.jpg\" class=\"attachment-post-thumbnail size-post-thumbnail wp-post-image\" alt=\"\" srcset=\"https:\/\/www.biovegan.de\/wp-content\/uploads\/2023\/06\/10233_04369-French-Dressing-format-scaled.jpg 1829w, https:\/\/www.biovegan.de\/wp-content\/uploads\/2023\/06\/10233_04369-French-Dressing-format-214x300.jpg 214w, https:\/\/www.biovegan.de\/wp-content\/uploads\/2023\/06\/10233_04369-French-Dressing-format-731x1024.jpg 731w, https:\/\/www.biovegan.de\/wp-content\/uploads\/2023\/06\/10233_04369-French-Dressing-format-768x1075.jpg 768w, https:\/\/www.biovegan.de\/wp-content\/uploads\/2023\/06\/10233_04369-French-Dressing-format-1097x1536.jpg 1097w, https:\/\/www.biovegan.de\/wp-content\/uploads\/2023\/06\/10233_04369-French-Dressing-format-1463x2048.jpg 1463w, https:\/\/www.biovegan.de\/wp-content\/uploads\/2023\/06\/10233_04369-French-Dressing-format-160x225.jpg 160w, https:\/\/www.biovegan.de\/wp-content\/uploads\/2023\/06\/10233_04369-French-Dressing-format-189x265.jpg 189w, https:\/\/www.biovegan.de\/wp-content\/uploads\/2023\/06\/10233_04369-French-Dressing-format-177x248.jpg 177w\" sizes=\"(max-width: 1829px) 100vw, 1829px\" \/><\/div>    <div class=\"title\">Mon vinaigrette Fran\u00e7aise v\u00e9g\u00e9talienne    <\/div><\/a><\/div><\/div>\t\t\t\t<\/div>\n\t\t\t\t<\/div>\n\t\t\t\t\t<\/div>\n\t\t<\/div>\n\t\t\t\t\t<\/div>\n\t\t<\/section>\n\t\t\t\t<\/div>\n\t\t","protected":false},"excerpt":{"rendered":"<p>\u00c9pic\u00e9 Mes galettes de betteraves Mon m\u00e9lange pour Falafels aux lentilles rouges &amp; curry<\/p>\n","protected":false},"author":7,"featured_media":0,"parent":9582,"menu_order":0,"comment_status":"closed","ping_status":"closed","template":"","meta":{"_acf_changed":false,"footnotes":""},"class_list":["post-33416","page","type-page","status-publish","hentry","wpbf-post"],"acf":[],"_links":{"self":[{"href":"https:\/\/www.biovegan.de\/fr\/wp-json\/wp\/v2\/pages\/33416","targetHints":{"allow":["GET"]}}],"collection":[{"href":"https:\/\/www.biovegan.de\/fr\/wp-json\/wp\/v2\/pages"}],"about":[{"href":"https:\/\/www.biovegan.de\/fr\/wp-json\/wp\/v2\/types\/page"}],"author":[{"embeddable":true,"href":"https:\/\/www.biovegan.de\/fr\/wp-json\/wp\/v2\/users\/7"}],"replies":[{"embeddable":true,"href":"https:\/\/www.biovegan.de\/fr\/wp-json\/wp\/v2\/comments?post=33416"}],"version-history":[{"count":0,"href":"https:\/\/www.biovegan.de\/fr\/wp-json\/wp\/v2\/pages\/33416\/revisions"}],"up":[{"embeddable":true,"href":"https:\/\/www.biovegan.de\/fr\/wp-json\/wp\/v2\/pages\/9582"}],"wp:attachment":[{"href":"https:\/\/www.biovegan.de\/fr\/wp-json\/wp\/v2\/media?parent=33416"}],"curies":[{"name":"wp","href":"https:\/\/api.w.org\/{rel}","templated":true}]}}