{"id":33397,"date":"2023-02-27T15:31:15","date_gmt":"2023-02-27T14:31:15","guid":{"rendered":"https:\/\/www.biovegan.de\/?page_id=33397"},"modified":"2023-02-28T10:37:58","modified_gmt":"2023-02-28T09:37:58","slug":"preparations-de-patisserie-2","status":"publish","type":"page","link":"https:\/\/www.biovegan.de\/fr\/produits\/preparations-de-patisserie-2\/","title":{"rendered":"Pr\u00e9parations de p\u00e2tisserie sucr\u00e9e"},"content":{"rendered":"\t\t<div data-elementor-type=\"wp-post\" data-elementor-id=\"33397\" class=\"elementor elementor-33397\" data-elementor-post-type=\"page\">\n\t\t\t\t\t\t<section class=\"elementor-section elementor-top-section elementor-element elementor-element-1a8db87e elementor-section-boxed elementor-section-height-default elementor-section-height-default\" data-id=\"1a8db87e\" data-element_type=\"section\" data-e-type=\"section\">\n\t\t\t\t\t\t<div class=\"elementor-container elementor-column-gap-default\">\n\t\t\t\t\t<div class=\"elementor-column elementor-col-100 elementor-top-column elementor-element elementor-element-448c79d4\" data-id=\"448c79d4\" data-element_type=\"column\" data-e-type=\"column\" data-settings=\"{&quot;background_background&quot;:&quot;classic&quot;}\">\n\t\t\t<div class=\"elementor-widget-wrap elementor-element-populated\">\n\t\t\t\t\t\t<div class=\"elementor-element elementor-element-1ba158a elementor-widget elementor-widget-image\" data-id=\"1ba158a\" data-element_type=\"widget\" data-e-type=\"widget\" data-widget_type=\"image.default\">\n\t\t\t\t<div class=\"elementor-widget-container\">\n\t\t\t\t\t        <div style=\"-webkit-transform: rotate(0deg);\n    \t\t-moz-transform: rotate(0deg);\n    \t\t-o-transform: rotate(0deg);\n    \t\t-ms-transform: rotate(0deg);\n    \t\ttransform: rotate(0deg);\" class=\"elementor-image\">\n                                                <img decoding=\"async\" src=\"https:\/\/www.biovegan.de\/wp-content\/uploads\/elementor\/thumbs\/Herz-pkn8oj3vsx968sq4p6rvxa242mgoo2af23ttvix2og.jpg\" title=\"Herz\" alt=\"Herz\" loading=\"lazy\" \/>                                                            <\/div>\n        \t\t\t\t<\/div>\n\t\t\t\t<\/div>\n\t\t\t\t\t<\/div>\n\t\t<\/div>\n\t\t\t\t\t<\/div>\n\t\t<\/section>\n\t\t\t\t<section class=\"elementor-section elementor-top-section elementor-element elementor-element-49936c4d elementor-section-boxed elementor-section-height-default elementor-section-height-default\" data-id=\"49936c4d\" data-element_type=\"section\" data-e-type=\"section\">\n\t\t\t\t\t\t<div class=\"elementor-container elementor-column-gap-default\">\n\t\t\t\t\t<div class=\"elementor-column elementor-col-100 elementor-top-column elementor-element elementor-element-11636613\" data-id=\"11636613\" data-element_type=\"column\" data-e-type=\"column\">\n\t\t\t<div class=\"elementor-widget-wrap elementor-element-populated\">\n\t\t\t\t\t\t<div class=\"elementor-element elementor-element-4ca34f34 elementor-widget elementor-widget-heading\" data-id=\"4ca34f34\" data-element_type=\"widget\" data-e-type=\"widget\" data-widget_type=\"heading.default\">\n\t\t\t\t<div class=\"elementor-widget-container\">\n\t\t\t\t\t<h1 class=\"elementor-heading-title elementor-size-default\"><a href=\"https:\/\/www.biovegan.de\/fr\/\/produkte\/preparation-pour-patisserie-sucree\">Pr\u00e9paration pour p\u00e2tisserie sucr\u00e9e<\/a><\/h1>\t\t\t\t<\/div>\n\t\t\t\t<\/div>\n\t\t\t\t\t<\/div>\n\t\t<\/div>\n\t\t\t\t\t<\/div>\n\t\t<\/section>\n\t\t\t\t<section class=\"elementor-section elementor-top-section elementor-element elementor-element-76e98d3e elementor-section-boxed elementor-section-height-default elementor-section-height-default\" data-id=\"76e98d3e\" data-element_type=\"section\" data-e-type=\"section\">\n\t\t\t\t\t\t<div class=\"elementor-container elementor-column-gap-default\">\n\t\t\t\t\t<div class=\"elementor-column elementor-col-100 elementor-top-column elementor-element elementor-element-1958817a\" data-id=\"1958817a\" data-element_type=\"column\" data-e-type=\"column\">\n\t\t\t<div class=\"elementor-widget-wrap elementor-element-populated\">\n\t\t\t\t\t\t<div class=\"elementor-element elementor-element-371e81f6 elementor-widget elementor-widget-product-list\" data-id=\"371e81f6\" data-element_type=\"widget\" data-e-type=\"widget\" data-widget_type=\"product-list.default\">\n\t\t\t\t<div class=\"elementor-widget-container\">\n\t\t\t\t\t<div class=\"pap-posts-loading\" style=\"display: none;\">\n<svg class=\"lds-spinner\" width=\"100px\"  height=\"100px\"  xmlns=\"http:\/\/www.w3.org\/2000\/svg\" xmlns:xlink=\"http:\/\/www.w3.org\/1999\/xlink\" viewBox=\"0 0 100 100\" preserveAspectRatio=\"xMidYMid\" style=\"background: none;\"><g transform=\"rotate(0 50 50)\">\n  <rect x=\"47\" y=\"24\" rx=\"9.4\" ry=\"4.8\" width=\"6\" height=\"12\" fill=\"#EC9137\">\n    <animate attributeName=\"opacity\" values=\"1;0\" keyTimes=\"0;1\" dur=\"1s\" begin=\"-0.9166666666666666s\" repeatCount=\"indefinite\"><\/animate>\n  <\/rect>\n<\/g><g transform=\"rotate(30 50 50)\">\n  <rect x=\"47\" y=\"24\" rx=\"9.4\" ry=\"4.8\" width=\"6\" height=\"12\" fill=\"#EC9137\">\n    <animate attributeName=\"opacity\" values=\"1;0\" keyTimes=\"0;1\" dur=\"1s\" begin=\"-0.8333333333333334s\" repeatCount=\"indefinite\"><\/animate>\n  <\/rect>\n<\/g><g transform=\"rotate(60 50 50)\">\n  <rect x=\"47\" y=\"24\" rx=\"9.4\" ry=\"4.8\" width=\"6\" height=\"12\" fill=\"#EC9137\">\n    <animate attributeName=\"opacity\" values=\"1;0\" keyTimes=\"0;1\" dur=\"1s\" begin=\"-0.75s\" repeatCount=\"indefinite\"><\/animate>\n  <\/rect>\n<\/g><g transform=\"rotate(90 50 50)\">\n  <rect x=\"47\" y=\"24\" rx=\"9.4\" ry=\"4.8\" width=\"6\" height=\"12\" fill=\"#EC9137\">\n    <animate attributeName=\"opacity\" values=\"1;0\" keyTimes=\"0;1\" dur=\"1s\" begin=\"-0.6666666666666666s\" repeatCount=\"indefinite\"><\/animate>\n  <\/rect>\n<\/g><g transform=\"rotate(120 50 50)\">\n  <rect x=\"47\" y=\"24\" rx=\"9.4\" ry=\"4.8\" width=\"6\" height=\"12\" fill=\"#EC9137\">\n    <animate attributeName=\"opacity\" values=\"1;0\" keyTimes=\"0;1\" dur=\"1s\" begin=\"-0.5833333333333334s\" repeatCount=\"indefinite\"><\/animate>\n  <\/rect>\n<\/g><g transform=\"rotate(150 50 50)\">\n  <rect x=\"47\" y=\"24\" rx=\"9.4\" ry=\"4.8\" width=\"6\" height=\"12\" fill=\"#EC9137\">\n    <animate attributeName=\"opacity\" values=\"1;0\" keyTimes=\"0;1\" dur=\"1s\" begin=\"-0.5s\" repeatCount=\"indefinite\"><\/animate>\n  <\/rect>\n<\/g><g transform=\"rotate(180 50 50)\">\n  <rect x=\"47\" y=\"24\" rx=\"9.4\" ry=\"4.8\" width=\"6\" height=\"12\" fill=\"#EC9137\">\n    <animate attributeName=\"opacity\" values=\"1;0\" keyTimes=\"0;1\" dur=\"1s\" begin=\"-0.4166666666666667s\" repeatCount=\"indefinite\"><\/animate>\n  <\/rect>\n<\/g><g transform=\"rotate(210 50 50)\">\n  <rect x=\"47\" y=\"24\" rx=\"9.4\" ry=\"4.8\" width=\"6\" height=\"12\" fill=\"#EC9137\">\n    <animate attributeName=\"opacity\" values=\"1;0\" keyTimes=\"0;1\" dur=\"1s\" begin=\"-0.3333333333333333s\" repeatCount=\"indefinite\"><\/animate>\n  <\/rect>\n<\/g><g transform=\"rotate(240 50 50)\">\n  <rect x=\"47\" y=\"24\" rx=\"9.4\" ry=\"4.8\" width=\"6\" height=\"12\" fill=\"#EC9137\">\n    <animate attributeName=\"opacity\" values=\"1;0\" keyTimes=\"0;1\" dur=\"1s\" begin=\"-0.25s\" repeatCount=\"indefinite\"><\/animate>\n  <\/rect>\n<\/g><g transform=\"rotate(270 50 50)\">\n  <rect x=\"47\" y=\"24\" rx=\"9.4\" ry=\"4.8\" width=\"6\" height=\"12\" fill=\"#EC9137\">\n    <animate attributeName=\"opacity\" values=\"1;0\" keyTimes=\"0;1\" dur=\"1s\" begin=\"-0.16666666666666666s\" repeatCount=\"indefinite\"><\/animate>\n  <\/rect>\n<\/g><g transform=\"rotate(300 50 50)\">\n  <rect x=\"47\" y=\"24\" rx=\"9.4\" ry=\"4.8\" width=\"6\" height=\"12\" fill=\"#EC9137\">\n    <animate attributeName=\"opacity\" values=\"1;0\" keyTimes=\"0;1\" dur=\"1s\" begin=\"-0.08333333333333333s\" repeatCount=\"indefinite\"><\/animate>\n  <\/rect>\n<\/g><g transform=\"rotate(330 50 50)\">\n  <rect x=\"47\" y=\"24\" rx=\"9.4\" ry=\"4.8\" width=\"6\" height=\"12\" fill=\"#EC9137\">\n    <animate attributeName=\"opacity\" values=\"1;0\" keyTimes=\"0;1\" dur=\"1s\" begin=\"0s\" repeatCount=\"indefinite\"><\/animate>\n  <\/rect>\n<\/g><\/svg>\n<\/div><div class=\"product-list-result\"><div class=\"product-list-item\"><a href=\"https:\/\/www.biovegan.de\/fr\/produit\/mon-gateau-au-chocolat\/\" class=\"pp-posts-result-link\"><div class=\"thumbnail\"><img fetchpriority=\"high\" decoding=\"async\" width=\"1479\" height=\"2560\" src=\"https:\/\/www.biovegan.de\/wp-content\/uploads\/2022\/04\/BV_Mein_Schokokuchen_Front_102-scaled.jpg\" class=\"attachment-post-thumbnail size-post-thumbnail wp-post-image\" alt=\"\" srcset=\"https:\/\/www.biovegan.de\/wp-content\/uploads\/2022\/04\/BV_Mein_Schokokuchen_Front_102-scaled.jpg 1479w, https:\/\/www.biovegan.de\/wp-content\/uploads\/2022\/04\/BV_Mein_Schokokuchen_Front_102-173x300.jpg 173w, https:\/\/www.biovegan.de\/wp-content\/uploads\/2022\/04\/BV_Mein_Schokokuchen_Front_102-591x1024.jpg 591w, https:\/\/www.biovegan.de\/wp-content\/uploads\/2022\/04\/BV_Mein_Schokokuchen_Front_102-768x1330.jpg 768w, https:\/\/www.biovegan.de\/wp-content\/uploads\/2022\/04\/BV_Mein_Schokokuchen_Front_102-887x1536.jpg 887w, https:\/\/www.biovegan.de\/wp-content\/uploads\/2022\/04\/BV_Mein_Schokokuchen_Front_102-1183x2048.jpg 1183w, https:\/\/www.biovegan.de\/wp-content\/uploads\/2022\/04\/BV_Mein_Schokokuchen_Front_102-130x225.jpg 130w, https:\/\/www.biovegan.de\/wp-content\/uploads\/2022\/04\/BV_Mein_Schokokuchen_Front_102-153x265.jpg 153w, https:\/\/www.biovegan.de\/wp-content\/uploads\/2022\/04\/BV_Mein_Schokokuchen_Front_102-144x250.jpg 144w\" sizes=\"(max-width: 1479px) 100vw, 1479px\" \/><\/div>    <div class=\"title\">Ma pr\u00e9paration \u00e0 g\u00e2teau au chocolat    <\/div><\/a><\/div><div class=\"product-list-item\"><a href=\"https:\/\/www.biovegan.de\/fr\/produit\/mes-cheesecake-brownies\/\" class=\"pp-posts-result-link\"><div class=\"thumbnail\"><img decoding=\"async\" width=\"782\" height=\"1326\" src=\"https:\/\/www.biovegan.de\/wp-content\/uploads\/2022\/04\/BV_Meine_Cheesecake_Brownies_Vorderseite_flach_2024.jpg\" class=\"attachment-post-thumbnail size-post-thumbnail wp-post-image\" alt=\"\" srcset=\"https:\/\/www.biovegan.de\/wp-content\/uploads\/2022\/04\/BV_Meine_Cheesecake_Brownies_Vorderseite_flach_2024.jpg 782w, https:\/\/www.biovegan.de\/wp-content\/uploads\/2022\/04\/BV_Meine_Cheesecake_Brownies_Vorderseite_flach_2024-177x300.jpg 177w, https:\/\/www.biovegan.de\/wp-content\/uploads\/2022\/04\/BV_Meine_Cheesecake_Brownies_Vorderseite_flach_2024-604x1024.jpg 604w, https:\/\/www.biovegan.de\/wp-content\/uploads\/2022\/04\/BV_Meine_Cheesecake_Brownies_Vorderseite_flach_2024-768x1302.jpg 768w, https:\/\/www.biovegan.de\/wp-content\/uploads\/2022\/04\/BV_Meine_Cheesecake_Brownies_Vorderseite_flach_2024-133x225.jpg 133w, https:\/\/www.biovegan.de\/wp-content\/uploads\/2022\/04\/BV_Meine_Cheesecake_Brownies_Vorderseite_flach_2024-156x265.jpg 156w, https:\/\/www.biovegan.de\/wp-content\/uploads\/2022\/04\/BV_Meine_Cheesecake_Brownies_Vorderseite_flach_2024-147x250.jpg 147w\" sizes=\"(max-width: 782px) 100vw, 782px\" \/><\/div>    <div class=\"title\">Ma pr\u00e9paration \u00e0 g\u00e2teaux Cheesecake brownies    <\/div><\/a><\/div><div class=\"product-list-item\"><a href=\"https:\/\/www.biovegan.de\/fr\/produit\/mes-brookies\/\" class=\"pp-posts-result-link\"><div class=\"thumbnail\"><img decoding=\"async\" width=\"1479\" height=\"2560\" src=\"https:\/\/www.biovegan.de\/wp-content\/uploads\/2022\/10\/BV_Meine_Brookies_Front_103-scaled.jpg\" class=\"attachment-post-thumbnail size-post-thumbnail wp-post-image\" alt=\"\" srcset=\"https:\/\/www.biovegan.de\/wp-content\/uploads\/2022\/10\/BV_Meine_Brookies_Front_103-scaled.jpg 1479w, https:\/\/www.biovegan.de\/wp-content\/uploads\/2022\/10\/BV_Meine_Brookies_Front_103-173x300.jpg 173w, https:\/\/www.biovegan.de\/wp-content\/uploads\/2022\/10\/BV_Meine_Brookies_Front_103-591x1024.jpg 591w, https:\/\/www.biovegan.de\/wp-content\/uploads\/2022\/10\/BV_Meine_Brookies_Front_103-768x1330.jpg 768w, https:\/\/www.biovegan.de\/wp-content\/uploads\/2022\/10\/BV_Meine_Brookies_Front_103-887x1536.jpg 887w, https:\/\/www.biovegan.de\/wp-content\/uploads\/2022\/10\/BV_Meine_Brookies_Front_103-1183x2048.jpg 1183w, https:\/\/www.biovegan.de\/wp-content\/uploads\/2022\/10\/BV_Meine_Brookies_Front_103-130x225.jpg 130w, https:\/\/www.biovegan.de\/wp-content\/uploads\/2022\/10\/BV_Meine_Brookies_Front_103-153x265.jpg 153w, https:\/\/www.biovegan.de\/wp-content\/uploads\/2022\/10\/BV_Meine_Brookies_Front_103-144x250.jpg 144w\" sizes=\"(max-width: 1479px) 100vw, 1479px\" \/><\/div>    <div class=\"title\">Mes pr\u00e9parations \u00e0 g\u00e2teaux Brookies    <\/div><\/a><\/div><div class=\"product-list-item\"><a href=\"https:\/\/www.biovegan.de\/fr\/produit\/mes-brownies\/\" class=\"pp-posts-result-link\"><div class=\"thumbnail\"><img loading=\"lazy\" decoding=\"async\" width=\"1479\" height=\"2560\" src=\"https:\/\/www.biovegan.de\/wp-content\/uploads\/2022\/04\/BV_Meine_Brownies_Front_100-scaled.jpg\" class=\"attachment-post-thumbnail size-post-thumbnail wp-post-image\" alt=\"\" srcset=\"https:\/\/www.biovegan.de\/wp-content\/uploads\/2022\/04\/BV_Meine_Brownies_Front_100-scaled.jpg 1479w, https:\/\/www.biovegan.de\/wp-content\/uploads\/2022\/04\/BV_Meine_Brownies_Front_100-173x300.jpg 173w, https:\/\/www.biovegan.de\/wp-content\/uploads\/2022\/04\/BV_Meine_Brownies_Front_100-591x1024.jpg 591w, https:\/\/www.biovegan.de\/wp-content\/uploads\/2022\/04\/BV_Meine_Brownies_Front_100-768x1330.jpg 768w, https:\/\/www.biovegan.de\/wp-content\/uploads\/2022\/04\/BV_Meine_Brownies_Front_100-887x1536.jpg 887w, https:\/\/www.biovegan.de\/wp-content\/uploads\/2022\/04\/BV_Meine_Brownies_Front_100-1183x2048.jpg 1183w, https:\/\/www.biovegan.de\/wp-content\/uploads\/2022\/04\/BV_Meine_Brownies_Front_100-130x225.jpg 130w, https:\/\/www.biovegan.de\/wp-content\/uploads\/2022\/04\/BV_Meine_Brownies_Front_100-153x265.jpg 153w, https:\/\/www.biovegan.de\/wp-content\/uploads\/2022\/04\/BV_Meine_Brownies_Front_100-144x250.jpg 144w\" sizes=\"(max-width: 1479px) 100vw, 1479px\" \/><\/div>    <div class=\"title\">Mes pr\u00e9parations \u00e0 g\u00e2teaux Brownies    <\/div><\/a><\/div><div class=\"product-list-item\"><a href=\"https:\/\/www.biovegan.de\/fr\/produit\/mon-gateau-au-citron\/\" class=\"pp-posts-result-link\"><div class=\"thumbnail\"><img loading=\"lazy\" decoding=\"async\" width=\"1479\" height=\"2560\" src=\"https:\/\/www.biovegan.de\/wp-content\/uploads\/2022\/04\/BV_Mein_Zitronenkuchen_Front_102-scaled.jpg\" class=\"attachment-post-thumbnail size-post-thumbnail wp-post-image\" alt=\"\" srcset=\"https:\/\/www.biovegan.de\/wp-content\/uploads\/2022\/04\/BV_Mein_Zitronenkuchen_Front_102-scaled.jpg 1479w, https:\/\/www.biovegan.de\/wp-content\/uploads\/2022\/04\/BV_Mein_Zitronenkuchen_Front_102-173x300.jpg 173w, https:\/\/www.biovegan.de\/wp-content\/uploads\/2022\/04\/BV_Mein_Zitronenkuchen_Front_102-591x1024.jpg 591w, https:\/\/www.biovegan.de\/wp-content\/uploads\/2022\/04\/BV_Mein_Zitronenkuchen_Front_102-768x1330.jpg 768w, https:\/\/www.biovegan.de\/wp-content\/uploads\/2022\/04\/BV_Mein_Zitronenkuchen_Front_102-887x1536.jpg 887w, https:\/\/www.biovegan.de\/wp-content\/uploads\/2022\/04\/BV_Mein_Zitronenkuchen_Front_102-1183x2048.jpg 1183w, https:\/\/www.biovegan.de\/wp-content\/uploads\/2022\/04\/BV_Mein_Zitronenkuchen_Front_102-130x225.jpg 130w, https:\/\/www.biovegan.de\/wp-content\/uploads\/2022\/04\/BV_Mein_Zitronenkuchen_Front_102-153x265.jpg 153w, https:\/\/www.biovegan.de\/wp-content\/uploads\/2022\/04\/BV_Mein_Zitronenkuchen_Front_102-144x250.jpg 144w\" sizes=\"(max-width: 1479px) 100vw, 1479px\" \/><\/div>    <div class=\"title\">Mon m\u00e9lange pour g\u00e2teau au citron    <\/div><\/a><\/div><div class=\"product-list-item\"><a href=\"https:\/\/www.biovegan.de\/fr\/produit\/mes-pancakes\/\" class=\"pp-posts-result-link\"><div class=\"thumbnail\"><img loading=\"lazy\" decoding=\"async\" width=\"1510\" height=\"2560\" src=\"https:\/\/www.biovegan.de\/wp-content\/uploads\/2022\/04\/BV_Meine_Pancakes_Front_103-scaled.jpg\" class=\"attachment-post-thumbnail size-post-thumbnail wp-post-image\" alt=\"\" srcset=\"https:\/\/www.biovegan.de\/wp-content\/uploads\/2022\/04\/BV_Meine_Pancakes_Front_103-scaled.jpg 1510w, https:\/\/www.biovegan.de\/wp-content\/uploads\/2022\/04\/BV_Meine_Pancakes_Front_103-177x300.jpg 177w, https:\/\/www.biovegan.de\/wp-content\/uploads\/2022\/04\/BV_Meine_Pancakes_Front_103-604x1024.jpg 604w, https:\/\/www.biovegan.de\/wp-content\/uploads\/2022\/04\/BV_Meine_Pancakes_Front_103-768x1302.jpg 768w, https:\/\/www.biovegan.de\/wp-content\/uploads\/2022\/04\/BV_Meine_Pancakes_Front_103-906x1536.jpg 906w, https:\/\/www.biovegan.de\/wp-content\/uploads\/2022\/04\/BV_Meine_Pancakes_Front_103-1208x2048.jpg 1208w, https:\/\/www.biovegan.de\/wp-content\/uploads\/2022\/04\/BV_Meine_Pancakes_Front_103-133x225.jpg 133w, https:\/\/www.biovegan.de\/wp-content\/uploads\/2022\/04\/BV_Meine_Pancakes_Front_103-156x265.jpg 156w, https:\/\/www.biovegan.de\/wp-content\/uploads\/2022\/04\/BV_Meine_Pancakes_Front_103-148x250.jpg 148w\" sizes=\"(max-width: 1510px) 100vw, 1510px\" \/><\/div>    <div class=\"title\">Mon m\u00e9lange pour pancakes    <\/div><\/a><\/div><div class=\"product-list-item\"><a href=\"https:\/\/www.biovegan.de\/fr\/produit\/mon-cinnamon-rolls\/\" class=\"pp-posts-result-link\"><div class=\"thumbnail\"><img loading=\"lazy\" decoding=\"async\" width=\"1479\" height=\"2560\" src=\"https:\/\/www.biovegan.de\/wp-content\/uploads\/2022\/04\/BV_Meine_Cinnamon_Rolls_Front_104-scaled.jpg\" class=\"attachment-post-thumbnail size-post-thumbnail wp-post-image\" alt=\"\" srcset=\"https:\/\/www.biovegan.de\/wp-content\/uploads\/2022\/04\/BV_Meine_Cinnamon_Rolls_Front_104-scaled.jpg 1479w, https:\/\/www.biovegan.de\/wp-content\/uploads\/2022\/04\/BV_Meine_Cinnamon_Rolls_Front_104-173x300.jpg 173w, https:\/\/www.biovegan.de\/wp-content\/uploads\/2022\/04\/BV_Meine_Cinnamon_Rolls_Front_104-591x1024.jpg 591w, https:\/\/www.biovegan.de\/wp-content\/uploads\/2022\/04\/BV_Meine_Cinnamon_Rolls_Front_104-768x1330.jpg 768w, https:\/\/www.biovegan.de\/wp-content\/uploads\/2022\/04\/BV_Meine_Cinnamon_Rolls_Front_104-887x1536.jpg 887w, https:\/\/www.biovegan.de\/wp-content\/uploads\/2022\/04\/BV_Meine_Cinnamon_Rolls_Front_104-1183x2048.jpg 1183w, https:\/\/www.biovegan.de\/wp-content\/uploads\/2022\/04\/BV_Meine_Cinnamon_Rolls_Front_104-130x225.jpg 130w, https:\/\/www.biovegan.de\/wp-content\/uploads\/2022\/04\/BV_Meine_Cinnamon_Rolls_Front_104-153x265.jpg 153w, https:\/\/www.biovegan.de\/wp-content\/uploads\/2022\/04\/BV_Meine_Cinnamon_Rolls_Front_104-144x250.jpg 144w\" sizes=\"(max-width: 1479px) 100vw, 1479px\" \/><\/div>    <div class=\"title\">Mon m\u00e9lange \u00e0 g\u00e2teau : Cinnamon Rolls    <\/div><\/a><\/div><\/div>\t\t\t\t<\/div>\n\t\t\t\t<\/div>\n\t\t\t\t\t<\/div>\n\t\t<\/div>\n\t\t\t\t\t<\/div>\n\t\t<\/section>\n\t\t\t\t<\/div>\n\t\t","protected":false},"excerpt":{"rendered":"<p>Pr\u00e9paration pour p\u00e2tisserie sucr\u00e9e Ma pr\u00e9paration \u00e0 g\u00e2teau au chocolat Ma pr\u00e9paration \u00e0 g\u00e2teau au chocolat Ma pr\u00e9paration \u00e0 g\u00e2teaux Cheesecake brownies Mes pr\u00e9parations \u00e0 g\u00e2teaux Brookies Mes pr\u00e9parations \u00e0 g\u00e2teaux Brownies Mon m\u00e9lange pour g\u00e2teau au citron Mon m\u00e9lange pour pancakes Mon m\u00e9lange \u00e0 g\u00e2teau : Cinnamon Rolls<\/p>\n","protected":false},"author":7,"featured_media":0,"parent":9582,"menu_order":0,"comment_status":"closed","ping_status":"closed","template":"","meta":{"_acf_changed":false,"footnotes":""},"class_list":["post-33397","page","type-page","status-publish","hentry","wpbf-post"],"acf":[],"_links":{"self":[{"href":"https:\/\/www.biovegan.de\/fr\/wp-json\/wp\/v2\/pages\/33397","targetHints":{"allow":["GET"]}}],"collection":[{"href":"https:\/\/www.biovegan.de\/fr\/wp-json\/wp\/v2\/pages"}],"about":[{"href":"https:\/\/www.biovegan.de\/fr\/wp-json\/wp\/v2\/types\/page"}],"author":[{"embeddable":true,"href":"https:\/\/www.biovegan.de\/fr\/wp-json\/wp\/v2\/users\/7"}],"replies":[{"embeddable":true,"href":"https:\/\/www.biovegan.de\/fr\/wp-json\/wp\/v2\/comments?post=33397"}],"version-history":[{"count":0,"href":"https:\/\/www.biovegan.de\/fr\/wp-json\/wp\/v2\/pages\/33397\/revisions"}],"up":[{"embeddable":true,"href":"https:\/\/www.biovegan.de\/fr\/wp-json\/wp\/v2\/pages\/9582"}],"wp:attachment":[{"href":"https:\/\/www.biovegan.de\/fr\/wp-json\/wp\/v2\/media?parent=33397"}],"curies":[{"name":"wp","href":"https:\/\/api.w.org\/{rel}","templated":true}]}}