{"id":25476,"date":"2022-08-12T10:32:06","date_gmt":"2022-08-12T08:32:06","guid":{"rendered":"https:\/\/www.biovegan.de\/informations-pour-les-distributeurs\/"},"modified":"2023-01-04T16:48:58","modified_gmt":"2023-01-04T15:48:58","slug":"informations-pour-les-distributeurs","status":"publish","type":"page","link":"https:\/\/www.biovegan.de\/fr\/informations-pour-les-distributeurs\/","title":{"rendered":"Informations pour les distributeurs"},"content":{"rendered":"\t\t<div data-elementor-type=\"wp-post\" data-elementor-id=\"25476\" class=\"elementor elementor-25476 elementor-11383\" data-elementor-post-type=\"page\">\n\t\t\t\t\t\t<section class=\"elementor-section elementor-top-section elementor-element elementor-element-4dd17c4d elementor-section-boxed elementor-section-height-default elementor-section-height-default\" data-id=\"4dd17c4d\" data-element_type=\"section\" data-e-type=\"section\">\n\t\t\t\t\t\t<div class=\"elementor-container elementor-column-gap-default\">\n\t\t\t\t\t<div class=\"elementor-column elementor-col-100 elementor-top-column elementor-element elementor-element-58e14a35\" data-id=\"58e14a35\" data-element_type=\"column\" data-e-type=\"column\">\n\t\t\t<div class=\"elementor-widget-wrap elementor-element-populated\">\n\t\t\t\t\t\t<div class=\"elementor-element elementor-element-6548ed69 elementor-widget elementor-widget-image\" data-id=\"6548ed69\" data-element_type=\"widget\" data-e-type=\"widget\" data-widget_type=\"image.default\">\n\t\t\t\t<div class=\"elementor-widget-container\">\n\t\t\t\t\t        <div style=\"-webkit-transform: rotate(0deg);\n    \t\t-moz-transform: rotate(0deg);\n    \t\t-o-transform: rotate(0deg);\n    \t\t-ms-transform: rotate(0deg);\n    \t\ttransform: rotate(0deg);\" class=\"elementor-image\">\n                                                <img decoding=\"async\" src=\"https:\/\/www.biovegan.de\/wp-content\/uploads\/elementor\/thumbs\/Herz-pkn8oj3vsx968sq4p6rvxa242mgoo2af23ttvix2og.jpg\" title=\"Herz\" alt=\"Herz\" loading=\"lazy\" \/>                                                            <\/div>\n        \t\t\t\t<\/div>\n\t\t\t\t<\/div>\n\t\t\t\t\t<\/div>\n\t\t<\/div>\n\t\t\t\t\t<\/div>\n\t\t<\/section>\n\t\t\t\t<section class=\"elementor-section elementor-top-section elementor-element elementor-element-ebd82a0 elementor-section-boxed elementor-section-height-default elementor-section-height-default\" data-id=\"ebd82a0\" data-element_type=\"section\" data-e-type=\"section\">\n\t\t\t\t\t\t<div class=\"elementor-container elementor-column-gap-default\">\n\t\t\t\t\t<div class=\"elementor-column elementor-col-100 elementor-top-column elementor-element elementor-element-e6b6371\" data-id=\"e6b6371\" data-element_type=\"column\" data-e-type=\"column\">\n\t\t\t<div class=\"elementor-widget-wrap elementor-element-populated\">\n\t\t\t\t\t\t<div class=\"elementor-element elementor-element-529d4cb elementor-widget elementor-widget-heading\" data-id=\"529d4cb\" data-element_type=\"widget\" data-e-type=\"widget\" data-widget_type=\"heading.default\">\n\t\t\t\t<div class=\"elementor-widget-container\">\n\t\t\t\t\t<h1 class=\"elementor-heading-title elementor-size-default\">Informations pour les distributeurs<\/h1>\t\t\t\t<\/div>\n\t\t\t\t<\/div>\n\t\t\t\t<div class=\"elementor-element elementor-element-abc04e2 elementor-widget elementor-widget-heading\" data-id=\"abc04e2\" data-element_type=\"widget\" data-e-type=\"widget\" data-widget_type=\"heading.default\">\n\t\t\t\t<div class=\"elementor-widget-container\">\n\t\t\t\t\t<div class=\"elementor-heading-title elementor-size-medium\">Nos certificats bio actuels ainsi que nos conditions g\u00e9n\u00e9rales d'achat et de vente sont disponibles ici.  Nous mettons ici \u00e0 votre disposition nos conditions de vente.<\/div>\t\t\t\t<\/div>\n\t\t\t\t<\/div>\n\t\t\t\t<div class=\"elementor-element elementor-element-6fb3cf0 elementor-widget elementor-widget-spacer\" data-id=\"6fb3cf0\" data-element_type=\"widget\" data-e-type=\"widget\" data-widget_type=\"spacer.default\">\n\t\t\t\t<div class=\"elementor-widget-container\">\n\t\t\t\t\t\t\t<div class=\"elementor-spacer\">\n\t\t\t<div class=\"elementor-spacer-inner\"><\/div>\n\t\t<\/div>\n\t\t\t\t\t\t<\/div>\n\t\t\t\t<\/div>\n\t\t\t\t\t<\/div>\n\t\t<\/div>\n\t\t\t\t\t<\/div>\n\t\t<\/section>\n\t\t\t\t<section class=\"elementor-section elementor-top-section elementor-element elementor-element-e901dc3 elementor-section-boxed elementor-section-height-default elementor-section-height-default\" data-id=\"e901dc3\" data-element_type=\"section\" data-e-type=\"section\">\n\t\t\t\t\t\t<div class=\"elementor-container elementor-column-gap-default\">\n\t\t\t\t\t<div class=\"elementor-column elementor-col-33 elementor-top-column elementor-element elementor-element-75ca399\" data-id=\"75ca399\" data-element_type=\"column\" data-e-type=\"column\">\n\t\t\t<div class=\"elementor-widget-wrap elementor-element-populated\">\n\t\t\t\t\t\t<div class=\"elementor-element elementor-element-bc707c9 elementor-widget elementor-widget-image\" data-id=\"bc707c9\" data-element_type=\"widget\" data-e-type=\"widget\" data-widget_type=\"image.default\">\n\t\t\t\t<div class=\"elementor-widget-container\">\n\t\t\t\t\t        <div style=\"-webkit-transform: rotate(0deg);\n    \t\t-moz-transform: rotate(0deg);\n    \t\t-o-transform: rotate(0deg);\n    \t\t-ms-transform: rotate(0deg);\n    \t\ttransform: rotate(0deg);\" class=\"elementor-image\">\n                                            <a href=\"https:\/\/www.biovegan.de\/fr\/a-propos-de-nous\/\" data-elementor-open-lightbox=\"\">\n                                        <img decoding=\"async\" src=\"https:\/\/www.biovegan.de\/wp-content\/uploads\/elementor\/thumbs\/Unternehmen-Bild-ovvv7mvxukj8n56uii19uign22353hthamh9gnxrco.jpg\" title=\"Unternehmen-Bild\" alt=\"Unternehmen-Bild\" loading=\"lazy\" \/>                                    <\/a>\n                                                    <\/div>\n        \t\t\t\t<\/div>\n\t\t\t\t<\/div>\n\t\t\t\t<div class=\"elementor-element elementor-element-a2ad817 elementor-widget elementor-widget-heading\" data-id=\"a2ad817\" data-element_type=\"widget\" data-e-type=\"widget\" data-widget_type=\"heading.default\">\n\t\t\t\t<div class=\"elementor-widget-container\">\n\t\t\t\t\t<h3 class=\"elementor-heading-title elementor-size-default\">Certificats<\/h3>\t\t\t\t<\/div>\n\t\t\t\t<\/div>\n\t\t\t\t<div class=\"elementor-element elementor-element-b680614 elementor-widget elementor-widget-text-editor\" data-id=\"b680614\" data-element_type=\"widget\" data-e-type=\"widget\" data-widget_type=\"text-editor.default\">\n\t\t\t\t<div class=\"elementor-widget-container\">\n\t\t\t\t\t\t\t\t\t<ul><li>Certificat Bio (<a href=\"https:\/\/www.biovegan.de\/wp-content\/uploads\/2023\/01\/Bio-Zertifikat-Biovegan_gueltig-bis-31.01.2024.pdf\" target=\"_blank\" rel=\"noopener\">Allemand<\/a> | <a href=\"https:\/\/www.biovegan.de\/wp-content\/uploads\/2023\/01\/Bio-Zertifikat-Biovegan_englisch_gueltig-bis-31.01.2024.pdf\" target=\"_blank\" rel=\"noopener\">Anglais<\/a>)<\/li><li>Certificat IFS Food (<a href=\"https:\/\/www.biovegan.de\/wp-content\/uploads\/2022\/02\/20211223_Bio_BV_de.pdf\" target=\"_blank\" rel=\"noopener\">Allemand<\/a> | <a href=\"https:\/\/www.biovegan.de\/wp-content\/uploads\/2022\/02\/20211223_Bio_BV_en.pdf\" target=\"_blank\" rel=\"noopener\">Anglais<\/a>)<\/li><li>Bioland-Zertifikat (<a href=\"https:\/\/www.biovegan.de\/wp-content\/uploads\/2023\/01\/Bioland-Zertifikat-Biovegan_gueltig-bis-31.01.2024.pdf\" target=\"_blank\" rel=\"noopener\">Allemand<\/a>)<\/li><\/ul>\t\t\t\t\t\t\t\t<\/div>\n\t\t\t\t<\/div>\n\t\t\t\t\t<\/div>\n\t\t<\/div>\n\t\t\t\t<div class=\"elementor-column elementor-col-33 elementor-top-column elementor-element elementor-element-8f99458\" data-id=\"8f99458\" data-element_type=\"column\" data-e-type=\"column\">\n\t\t\t<div class=\"elementor-widget-wrap elementor-element-populated\">\n\t\t\t\t\t\t<div class=\"elementor-element elementor-element-2278aff elementor-widget elementor-widget-image\" data-id=\"2278aff\" data-element_type=\"widget\" data-e-type=\"widget\" data-widget_type=\"image.default\">\n\t\t\t\t<div class=\"elementor-widget-container\">\n\t\t\t\t\t        <div style=\"-webkit-transform: rotate(0deg);\n    \t\t-moz-transform: rotate(0deg);\n    \t\t-o-transform: rotate(0deg);\n    \t\t-ms-transform: rotate(0deg);\n    \t\ttransform: rotate(0deg);\" class=\"elementor-image\">\n                                                <img decoding=\"async\" src=\"https:\/\/www.biovegan.de\/wp-content\/uploads\/elementor\/thumbs\/2022_01_21_0726-GuppePur-01-scaled-pkn8mez0v1ydszgh7o9wkksiexrexzas4pnobvjc8o.jpg\" title=\"2022_01_21_0726-GuppePur-01\" alt=\"Lieblingsbrote \u00dcbersicht\" loading=\"lazy\" \/>                                                            <\/div>\n        \t\t\t\t<\/div>\n\t\t\t\t<\/div>\n\t\t\t\t<div class=\"elementor-element elementor-element-41bfeb2 elementor-widget elementor-widget-heading\" data-id=\"41bfeb2\" data-element_type=\"widget\" data-e-type=\"widget\" data-widget_type=\"heading.default\">\n\t\t\t\t<div class=\"elementor-widget-container\">\n\t\t\t\t\t<h3 class=\"elementor-heading-title elementor-size-default\">Plus d'informations<\/h3>\t\t\t\t<\/div>\n\t\t\t\t<\/div>\n\t\t\t\t<div class=\"elementor-element elementor-element-f3af034 elementor-widget elementor-widget-text-editor\" data-id=\"f3af034\" data-element_type=\"widget\" data-e-type=\"widget\" data-widget_type=\"text-editor.default\">\n\t\t\t\t<div class=\"elementor-widget-container\">\n\t\t\t\t\t\t\t\t\t<ul>\r\n \t<li><a href=\"https:\/\/www.biovegan.de\/wp-content\/uploads\/2021\/03\/EinkaufsAGB-2019-11-20.pdf\" target=\"_blank\" rel=\"noopener\">Conditions g\u00e9n\u00e9rales d&rsquo;achat<\/a><\/li>\r\n \t<li><a href=\"https:\/\/www.biovegan.de\/wp-content\/uploads\/2021\/03\/VerkaufsAGB-2019-12-5-1.pdf\" target=\"_blank\" rel=\"noopener\">Conditions g\u00e9n\u00e9rales de vente<\/a><\/li>\r\n<\/ul>\t\t\t\t\t\t\t\t<\/div>\n\t\t\t\t<\/div>\n\t\t\t\t\t<\/div>\n\t\t<\/div>\n\t\t\t\t<div class=\"elementor-column elementor-col-33 elementor-top-column elementor-element elementor-element-6e0dbc9\" data-id=\"6e0dbc9\" data-element_type=\"column\" data-e-type=\"column\">\n\t\t\t<div class=\"elementor-widget-wrap elementor-element-populated\">\n\t\t\t\t\t\t<div class=\"elementor-element elementor-element-7bb8efc elementor-widget elementor-widget-image\" data-id=\"7bb8efc\" data-element_type=\"widget\" data-e-type=\"widget\" data-widget_type=\"image.default\">\n\t\t\t\t<div class=\"elementor-widget-container\">\n\t\t\t\t\t        <div style=\"-webkit-transform: rotate(0deg);\n    \t\t-moz-transform: rotate(0deg);\n    \t\t-o-transform: rotate(0deg);\n    \t\t-ms-transform: rotate(0deg);\n    \t\ttransform: rotate(0deg);\" class=\"elementor-image\">\n                                            <a href=\"https:\/\/www.biovegan.de\/wp-content\/uploads\/2021\/11\/BIOVEGAN-Katalog-GB-2021.pdf\" data-elementor-open-lightbox=\"\" target=\"_blank\">\n                                        <img fetchpriority=\"high\" decoding=\"async\" width=\"220\" height=\"300\" src=\"https:\/\/www.biovegan.de\/wp-content\/uploads\/2021\/11\/Katalog-Darstellung-21-GB-220x300.jpg\" class=\"elementor-animation-grow attachment-medium size-medium wp-image-10024\" alt=\"Product catalogue 2021\" srcset=\"https:\/\/www.biovegan.de\/wp-content\/uploads\/2021\/11\/Katalog-Darstellung-21-GB-220x300.jpg 220w, https:\/\/www.biovegan.de\/wp-content\/uploads\/2021\/11\/Katalog-Darstellung-21-GB-749x1024.jpg 749w, https:\/\/www.biovegan.de\/wp-content\/uploads\/2021\/11\/Katalog-Darstellung-21-GB-768x1049.jpg 768w, https:\/\/www.biovegan.de\/wp-content\/uploads\/2021\/11\/Katalog-Darstellung-21-GB-1124x1536.jpg 1124w, https:\/\/www.biovegan.de\/wp-content\/uploads\/2021\/11\/Katalog-Darstellung-21-GB-160x219.jpg 160w, https:\/\/www.biovegan.de\/wp-content\/uploads\/2021\/11\/Katalog-Darstellung-21-GB-194x265.jpg 194w, https:\/\/www.biovegan.de\/wp-content\/uploads\/2021\/11\/Katalog-Darstellung-21-GB-177x242.jpg 177w, https:\/\/www.biovegan.de\/wp-content\/uploads\/2021\/11\/Katalog-Darstellung-21-GB.jpg 1225w\" sizes=\"(max-width: 220px) 100vw, 220px\" \/>                                    <\/a>\n                                                    <\/div>\n        \t\t\t\t<\/div>\n\t\t\t\t<\/div>\n\t\t\t\t<div class=\"elementor-element elementor-element-7a85925 elementor-align-center elementor-widget elementor-widget-button\" data-id=\"7a85925\" data-element_type=\"widget\" data-e-type=\"widget\" data-widget_type=\"button.default\">\n\t\t\t\t<div class=\"elementor-widget-container\">\n\t\t\t\t\t\t\t\t\t<div class=\"elementor-button-wrapper\">\n\t\t\t\t\t<a class=\"elementor-button elementor-button-link elementor-size-md elementor-animation-grow\" href=\"https:\/\/www.biovegan.de\/wp-content\/uploads\/2021\/11\/BIOVEGAN-Katalog-GB-2021.pdf\" target=\"_blank\">\n\t\t\t\t\t\t<span class=\"elementor-button-content-wrapper\">\n\t\t\t\t\t\t\t\t\t<span class=\"elementor-button-text\">Aper\u00e7u de gammes<\/span>\n\t\t\t\t\t<\/span>\n\t\t\t\t\t<\/a>\n\t\t\t\t<\/div>\n\t\t\t\t\t\t\t\t<\/div>\n\t\t\t\t<\/div>\n\t\t\t\t\t<\/div>\n\t\t<\/div>\n\t\t\t\t\t<\/div>\n\t\t<\/section>\n\t\t\t\t<section class=\"elementor-section elementor-top-section elementor-element elementor-element-216cf99 elementor-section-boxed elementor-section-height-default elementor-section-height-default\" data-id=\"216cf99\" data-element_type=\"section\" data-e-type=\"section\">\n\t\t\t\t\t\t<div class=\"elementor-container elementor-column-gap-default\">\n\t\t\t\t\t<div class=\"elementor-column elementor-col-33 elementor-top-column elementor-element elementor-element-44ec699\" data-id=\"44ec699\" data-element_type=\"column\" data-e-type=\"column\">\n\t\t\t<div class=\"elementor-widget-wrap elementor-element-populated\">\n\t\t\t\t\t\t<section class=\"elementor-section elementor-inner-section elementor-element elementor-element-6443500 elementor-section-boxed elementor-section-height-default elementor-section-height-default\" data-id=\"6443500\" data-element_type=\"section\" data-e-type=\"section\">\n\t\t\t\t\t\t<div class=\"elementor-container elementor-column-gap-default\">\n\t\t\t\t\t<div class=\"elementor-column elementor-col-100 elementor-inner-column elementor-element elementor-element-1e2cf7b\" data-id=\"1e2cf7b\" data-element_type=\"column\" data-e-type=\"column\" data-settings=\"{&quot;background_background&quot;:&quot;classic&quot;}\">\n\t\t\t<div class=\"elementor-widget-wrap elementor-element-populated\">\n\t\t\t\t\t\t<div class=\"elementor-element elementor-element-d8944da elementor-widget elementor-widget-heading\" data-id=\"d8944da\" data-element_type=\"widget\" data-e-type=\"widget\" data-widget_type=\"heading.default\">\n\t\t\t\t<div class=\"elementor-widget-container\">\n\t\t\t\t\t<div class=\"elementor-heading-title elementor-size-small\">CONTACT<br><br><a href=\"mailto:export@biovegan.de\">export@biovegan.de<\/a><\/div>\t\t\t\t<\/div>\n\t\t\t\t<\/div>\n\t\t\t\t\t<\/div>\n\t\t<\/div>\n\t\t\t\t\t<\/div>\n\t\t<\/section>\n\t\t\t\t\t<\/div>\n\t\t<\/div>\n\t\t\t\t<div class=\"elementor-column elementor-col-33 elementor-top-column elementor-element elementor-element-87a5d69\" data-id=\"87a5d69\" data-element_type=\"column\" data-e-type=\"column\">\n\t\t\t<div class=\"elementor-widget-wrap\">\n\t\t\t\t\t\t\t<\/div>\n\t\t<\/div>\n\t\t\t\t<div class=\"elementor-column elementor-col-33 elementor-top-column elementor-element elementor-element-0db87cc\" data-id=\"0db87cc\" data-element_type=\"column\" data-e-type=\"column\">\n\t\t\t<div class=\"elementor-widget-wrap\">\n\t\t\t\t\t\t\t<\/div>\n\t\t<\/div>\n\t\t\t\t\t<\/div>\n\t\t<\/section>\n\t\t\t\t<\/div>\n\t\t","protected":false},"excerpt":{"rendered":"<p>Informations pour les distributeurs Nos certificats bio actuels ainsi que nos conditions g\u00e9n\u00e9rales d&rsquo;achat et de vente sont disponibles ici. Nous mettons ici \u00e0 votre disposition nos conditions de vente. Certificats Certificat Bio (Allemand | Anglais) Certificat IFS Food (Allemand | Anglais) Bioland-Zertifikat (Allemand) Plus d&rsquo;informations Conditions g\u00e9n\u00e9rales d&rsquo;achat Conditions g\u00e9n\u00e9rales de vente Aper\u00e7u de [&hellip;]<\/p>\n","protected":false},"author":6,"featured_media":0,"parent":0,"menu_order":3,"comment_status":"closed","ping_status":"closed","template":"","meta":{"_acf_changed":false,"footnotes":""},"class_list":["post-25476","page","type-page","status-publish","hentry","wpbf-post"],"acf":[],"_links":{"self":[{"href":"https:\/\/www.biovegan.de\/fr\/wp-json\/wp\/v2\/pages\/25476","targetHints":{"allow":["GET"]}}],"collection":[{"href":"https:\/\/www.biovegan.de\/fr\/wp-json\/wp\/v2\/pages"}],"about":[{"href":"https:\/\/www.biovegan.de\/fr\/wp-json\/wp\/v2\/types\/page"}],"author":[{"embeddable":true,"href":"https:\/\/www.biovegan.de\/fr\/wp-json\/wp\/v2\/users\/6"}],"replies":[{"embeddable":true,"href":"https:\/\/www.biovegan.de\/fr\/wp-json\/wp\/v2\/comments?post=25476"}],"version-history":[{"count":0,"href":"https:\/\/www.biovegan.de\/fr\/wp-json\/wp\/v2\/pages\/25476\/revisions"}],"wp:attachment":[{"href":"https:\/\/www.biovegan.de\/fr\/wp-json\/wp\/v2\/media?parent=25476"}],"curies":[{"name":"wp","href":"https:\/\/api.w.org\/{rel}","templated":true}]}}