{"id":11508,"date":"2022-03-10T08:28:20","date_gmt":"2022-03-10T07:28:20","guid":{"rendered":"https:\/\/www.biovegan.de\/?page_id=11508"},"modified":"2022-03-10T08:29:02","modified_gmt":"2022-03-10T07:29:02","slug":"trouver-un-magasin","status":"publish","type":"page","link":"https:\/\/www.biovegan.de\/fr\/trouver-un-magasin\/","title":{"rendered":"Trouver un magasin"},"content":{"rendered":"\t\t<div data-elementor-type=\"wp-page\" data-elementor-id=\"11508\" class=\"elementor elementor-11508 elementor-81\" data-elementor-post-type=\"page\">\n\t\t\t\t\t\t<section class=\"elementor-section elementor-top-section elementor-element elementor-element-130cbb0 elementor-section-full_width elementor-section-height-default elementor-section-height-default\" data-id=\"130cbb0\" data-element_type=\"section\" data-e-type=\"section\">\n\t\t\t\t\t\t<div class=\"elementor-container elementor-column-gap-default\">\n\t\t\t\t\t<div class=\"elementor-column elementor-col-100 elementor-top-column elementor-element elementor-element-dd8d18e\" data-id=\"dd8d18e\" data-element_type=\"column\" data-e-type=\"column\">\n\t\t\t<div class=\"elementor-widget-wrap elementor-element-populated\">\n\t\t\t\t\t\t<div class=\"elementor-element elementor-element-cd4df1c elementor-widget elementor-widget-heading\" data-id=\"cd4df1c\" data-element_type=\"widget\" data-e-type=\"widget\" data-widget_type=\"heading.default\">\n\t\t\t\t<div class=\"elementor-widget-container\">\n\t\t\t\t\t<h1 class=\"elementor-heading-title elementor-size-xxl\">Trouver un magasin<\/h1>\t\t\t\t<\/div>\n\t\t\t\t<\/div>\n\t\t\t\t<div class=\"elementor-element elementor-element-a51a07f elementor-widget elementor-widget-heading\" data-id=\"a51a07f\" data-element_type=\"widget\" data-e-type=\"widget\" data-widget_type=\"heading.default\">\n\t\t\t\t<div class=\"elementor-widget-container\">\n\t\t\t\t\t<h3 class=\"elementor-heading-title elementor-size-medium\">Suivez les miettes de pain pour trouver vos m\u00e9langes \u00e0 p\u00e2tisserie bio et vegan, vos ingr\u00e9dients et bien plus encore.<br>Vous pouvez trouver ici le magasin bio le plus proche de chez vous !<\/h3>\t\t\t\t<\/div>\n\t\t\t\t<\/div>\n\t\t\t\t<div class=\"elementor-element elementor-element-165489b elementor-widget elementor-widget-shortcode\" data-id=\"165489b\" data-element_type=\"widget\" data-e-type=\"widget\" data-widget_type=\"shortcode.default\">\n\t\t\t\t<div class=\"elementor-widget-container\">\n\t\t\t\t\t    \t<script src=\"https:\/\/maps.googleapis.com\/maps\/api\/js?key=AIzaSyAO1qt9i4QOpwzkee_BL3StrvtAUpMCJus\"><\/script>\n        <div class=\"uc-maps-helper\"><\/div>\n\t\t<div class=\"bh-sl-container\">\n\t\t\t<div id=\"bh-sl-map-container\" class=\"bh-sl-map-container\">\n\t\t\t\t<div id=\"bh-sl-map\" class=\"bh-sl-map\"><\/div>\n\t\t\t\t<div class=\"bh-sl-form-container\">\n\t\t\t\t\t<form id=\"bh-sl-user-location\" method=\"post\" action=\"#\">\n\t\t\t\t\t\t<h3>Vous pouvez trouver ici le magasin bio le plus proche de chez vous !<\/h3>\n\t\t\t\t\t\t<p>Saisissez votre ville ou votre code postal et, en un clin d'\u0153il, vous trouverez tous nos magasins dans votre r\u00e9gion. V\u00e9rifiez si vos produits pr\u00e9f\u00e9r\u00e9s y sont disponibles.<\/p>\n\t\t\t\t\t\t<div class=\"form-input\">\n\t\t\t\t\t\t\t<label for=\"bh-sl-address\"><\/label>\n\t\t\t\t\t\t\t<input type=\"text\" id=\"bh-sl-address\" name=\"bh-sl-address\" placeholder=\"Saisissez votre adresse, votre lieu ou votre code postal...\"\/>\n\t\t\t\t\t\t\t<button id=\"bh-sl-submit\" type=\"submit\">\n                                <i aria-hidden=\"true\" class=\"fas fa-search-location\"><\/i>\n                            <\/button>\n\t\t\t\t\t\t<\/div>\n\t\t\t\t\t<\/form>\n\n\t\t\t\t\t<div class=\"bh-sl-loc-list\">\n\t\t\t\t\t\t<ul class=\"list\"><\/ul>\n\t\t\t\t\t<\/div>\n\t\t\t\t<\/div>\n\t\t\t<\/div>\n\t\t<\/div>\n\t\t\n\t\t<div class=\"elementor-shortcode\"><\/div>\n\t\t\t\t\t\t<\/div>\n\t\t\t\t<\/div>\n\t\t\t\t<div class=\"elementor-element elementor-element-bcac001 elementor-hidden-desktop elementor-hidden-tablet elementor-hidden-phone elementor-view-default elementor-widget elementor-widget-icon\" data-id=\"bcac001\" data-element_type=\"widget\" data-e-type=\"widget\" data-widget_type=\"icon.default\">\n\t\t\t\t<div class=\"elementor-widget-container\">\n\t\t\t\t\t\t\t<div class=\"elementor-icon-wrapper\">\n\t\t\t<div class=\"elementor-icon\">\n\t\t\t<i aria-hidden=\"true\" class=\"fas fa-search-location\"><\/i>\t\t\t<\/div>\n\t\t<\/div>\n\t\t\t\t\t\t<\/div>\n\t\t\t\t<\/div>\n\t\t\t\t\t<\/div>\n\t\t<\/div>\n\t\t\t\t\t<\/div>\n\t\t<\/section>\n\t\t\t\t<\/div>\n\t\t","protected":false},"excerpt":{"rendered":"<p>Trouver un magasin Suivez les miettes de pain pour trouver vos m\u00e9langes \u00e0 p\u00e2tisserie bio et vegan, vos ingr\u00e9dients et bien plus encore.Vous pouvez trouver ici le magasin bio le plus proche de chez vous !<\/p>\n","protected":false},"author":1,"featured_media":0,"parent":0,"menu_order":2,"comment_status":"closed","ping_status":"closed","template":"","meta":{"_acf_changed":false,"footnotes":""},"class_list":["post-11508","page","type-page","status-publish","hentry","wpbf-post"],"acf":[],"_links":{"self":[{"href":"https:\/\/www.biovegan.de\/fr\/wp-json\/wp\/v2\/pages\/11508","targetHints":{"allow":["GET"]}}],"collection":[{"href":"https:\/\/www.biovegan.de\/fr\/wp-json\/wp\/v2\/pages"}],"about":[{"href":"https:\/\/www.biovegan.de\/fr\/wp-json\/wp\/v2\/types\/page"}],"author":[{"embeddable":true,"href":"https:\/\/www.biovegan.de\/fr\/wp-json\/wp\/v2\/users\/1"}],"replies":[{"embeddable":true,"href":"https:\/\/www.biovegan.de\/fr\/wp-json\/wp\/v2\/comments?post=11508"}],"version-history":[{"count":0,"href":"https:\/\/www.biovegan.de\/fr\/wp-json\/wp\/v2\/pages\/11508\/revisions"}],"wp:attachment":[{"href":"https:\/\/www.biovegan.de\/fr\/wp-json\/wp\/v2\/media?parent=11508"}],"curies":[{"name":"wp","href":"https:\/\/api.w.org\/{rel}","templated":true}]}}