{"id":10746,"date":"2022-01-25T16:05:21","date_gmt":"2022-01-25T15:05:21","guid":{"rendered":"https:\/\/www.biovegan.de\/products\/vegan-alternatives\/"},"modified":"2024-03-19T11:27:47","modified_gmt":"2024-03-19T10:27:47","slug":"vegan-alternatives","status":"publish","type":"page","link":"https:\/\/www.biovegan.de\/en\/products\/vegan-alternatives\/","title":{"rendered":"Vegan alternative products"},"content":{"rendered":"\t\t<div data-elementor-type=\"wp-page\" data-elementor-id=\"10746\" class=\"elementor elementor-10746 elementor-10480\" data-elementor-post-type=\"page\">\n\t\t\t\t\t\t<section class=\"elementor-section elementor-top-section elementor-element elementor-element-7896f02 elementor-section-boxed elementor-section-height-default elementor-section-height-default\" data-id=\"7896f02\" data-element_type=\"section\" data-e-type=\"section\">\n\t\t\t\t\t\t<div class=\"elementor-container elementor-column-gap-default\">\n\t\t\t\t\t<div class=\"elementor-column elementor-col-100 elementor-top-column elementor-element elementor-element-f29b418\" data-id=\"f29b418\" data-element_type=\"column\" data-e-type=\"column\">\n\t\t\t<div class=\"elementor-widget-wrap elementor-element-populated\">\n\t\t\t\t\t\t<div class=\"elementor-element elementor-element-ec94c2c elementor-widget elementor-widget-heading\" data-id=\"ec94c2c\" data-element_type=\"widget\" data-e-type=\"widget\" data-widget_type=\"heading.default\">\n\t\t\t\t<div class=\"elementor-widget-container\">\n\t\t\t\t\t<h1 class=\"elementor-heading-title elementor-size-default\">Vegan alternative products<\/h1>\t\t\t\t<\/div>\n\t\t\t\t<\/div>\n\t\t\t\t<div class=\"elementor-element elementor-element-426fd75e elementor-widget elementor-widget-text-editor\" data-id=\"426fd75e\" data-element_type=\"widget\" data-e-type=\"widget\" data-widget_type=\"text-editor.default\">\n\t\t\t\t<div class=\"elementor-widget-container\">\n\t\t\t\t\t\t\t\t\t<p>Our plant-based and organic cheese and egg alternatives make vegan life not only easy, but delicious.<\/p>\n\t\t\t\t\t\t\t\t<\/div>\n\t\t\t\t<\/div>\n\t\t\t\t\t<\/div>\n\t\t<\/div>\n\t\t\t\t\t<\/div>\n\t\t<\/section>\n\t\t\t\t<section class=\"elementor-section elementor-top-section elementor-element elementor-element-65c21eb6 elementor-section-boxed elementor-section-height-default elementor-section-height-default\" data-id=\"65c21eb6\" data-element_type=\"section\" data-e-type=\"section\">\n\t\t\t\t\t\t<div class=\"elementor-container elementor-column-gap-default\">\n\t\t\t\t\t<div class=\"elementor-column elementor-col-100 elementor-top-column elementor-element elementor-element-4dbad958\" data-id=\"4dbad958\" data-element_type=\"column\" data-e-type=\"column\">\n\t\t\t<div class=\"elementor-widget-wrap elementor-element-populated\">\n\t\t\t\t\t\t<div class=\"elementor-element elementor-element-ae011b0 elementor-widget elementor-widget-product-list\" data-id=\"ae011b0\" data-element_type=\"widget\" data-e-type=\"widget\" data-widget_type=\"product-list.default\">\n\t\t\t\t<div class=\"elementor-widget-container\">\n\t\t\t\t\t<div class=\"pap-posts-loading\" style=\"display: none;\">\n<svg class=\"lds-spinner\" width=\"100px\"  height=\"100px\"  xmlns=\"http:\/\/www.w3.org\/2000\/svg\" xmlns:xlink=\"http:\/\/www.w3.org\/1999\/xlink\" viewBox=\"0 0 100 100\" preserveAspectRatio=\"xMidYMid\" style=\"background: none;\"><g transform=\"rotate(0 50 50)\">\n  <rect x=\"47\" y=\"24\" rx=\"9.4\" ry=\"4.8\" width=\"6\" height=\"12\" fill=\"#EC9137\">\n    <animate attributeName=\"opacity\" values=\"1;0\" keyTimes=\"0;1\" dur=\"1s\" begin=\"-0.9166666666666666s\" repeatCount=\"indefinite\"><\/animate>\n  <\/rect>\n<\/g><g transform=\"rotate(30 50 50)\">\n  <rect x=\"47\" y=\"24\" rx=\"9.4\" ry=\"4.8\" width=\"6\" height=\"12\" fill=\"#EC9137\">\n    <animate attributeName=\"opacity\" values=\"1;0\" keyTimes=\"0;1\" dur=\"1s\" begin=\"-0.8333333333333334s\" repeatCount=\"indefinite\"><\/animate>\n  <\/rect>\n<\/g><g transform=\"rotate(60 50 50)\">\n  <rect x=\"47\" y=\"24\" rx=\"9.4\" ry=\"4.8\" width=\"6\" height=\"12\" fill=\"#EC9137\">\n    <animate attributeName=\"opacity\" values=\"1;0\" keyTimes=\"0;1\" dur=\"1s\" begin=\"-0.75s\" repeatCount=\"indefinite\"><\/animate>\n  <\/rect>\n<\/g><g transform=\"rotate(90 50 50)\">\n  <rect x=\"47\" y=\"24\" rx=\"9.4\" ry=\"4.8\" width=\"6\" height=\"12\" fill=\"#EC9137\">\n    <animate attributeName=\"opacity\" values=\"1;0\" keyTimes=\"0;1\" dur=\"1s\" begin=\"-0.6666666666666666s\" repeatCount=\"indefinite\"><\/animate>\n  <\/rect>\n<\/g><g transform=\"rotate(120 50 50)\">\n  <rect x=\"47\" y=\"24\" rx=\"9.4\" ry=\"4.8\" width=\"6\" height=\"12\" fill=\"#EC9137\">\n    <animate attributeName=\"opacity\" values=\"1;0\" keyTimes=\"0;1\" dur=\"1s\" begin=\"-0.5833333333333334s\" repeatCount=\"indefinite\"><\/animate>\n  <\/rect>\n<\/g><g transform=\"rotate(150 50 50)\">\n  <rect x=\"47\" y=\"24\" rx=\"9.4\" ry=\"4.8\" width=\"6\" height=\"12\" fill=\"#EC9137\">\n    <animate attributeName=\"opacity\" values=\"1;0\" keyTimes=\"0;1\" dur=\"1s\" begin=\"-0.5s\" repeatCount=\"indefinite\"><\/animate>\n  <\/rect>\n<\/g><g transform=\"rotate(180 50 50)\">\n  <rect x=\"47\" y=\"24\" rx=\"9.4\" ry=\"4.8\" width=\"6\" height=\"12\" fill=\"#EC9137\">\n    <animate attributeName=\"opacity\" values=\"1;0\" keyTimes=\"0;1\" dur=\"1s\" begin=\"-0.4166666666666667s\" repeatCount=\"indefinite\"><\/animate>\n  <\/rect>\n<\/g><g transform=\"rotate(210 50 50)\">\n  <rect x=\"47\" y=\"24\" rx=\"9.4\" ry=\"4.8\" width=\"6\" height=\"12\" fill=\"#EC9137\">\n    <animate attributeName=\"opacity\" values=\"1;0\" keyTimes=\"0;1\" dur=\"1s\" begin=\"-0.3333333333333333s\" repeatCount=\"indefinite\"><\/animate>\n  <\/rect>\n<\/g><g transform=\"rotate(240 50 50)\">\n  <rect x=\"47\" y=\"24\" rx=\"9.4\" ry=\"4.8\" width=\"6\" height=\"12\" fill=\"#EC9137\">\n    <animate attributeName=\"opacity\" values=\"1;0\" keyTimes=\"0;1\" dur=\"1s\" begin=\"-0.25s\" repeatCount=\"indefinite\"><\/animate>\n  <\/rect>\n<\/g><g transform=\"rotate(270 50 50)\">\n  <rect x=\"47\" y=\"24\" rx=\"9.4\" ry=\"4.8\" width=\"6\" height=\"12\" fill=\"#EC9137\">\n    <animate attributeName=\"opacity\" values=\"1;0\" keyTimes=\"0;1\" dur=\"1s\" begin=\"-0.16666666666666666s\" repeatCount=\"indefinite\"><\/animate>\n  <\/rect>\n<\/g><g transform=\"rotate(300 50 50)\">\n  <rect x=\"47\" y=\"24\" rx=\"9.4\" ry=\"4.8\" width=\"6\" height=\"12\" fill=\"#EC9137\">\n    <animate attributeName=\"opacity\" values=\"1;0\" keyTimes=\"0;1\" dur=\"1s\" begin=\"-0.08333333333333333s\" repeatCount=\"indefinite\"><\/animate>\n  <\/rect>\n<\/g><g transform=\"rotate(330 50 50)\">\n  <rect x=\"47\" y=\"24\" rx=\"9.4\" ry=\"4.8\" width=\"6\" height=\"12\" fill=\"#EC9137\">\n    <animate attributeName=\"opacity\" values=\"1;0\" keyTimes=\"0;1\" dur=\"1s\" begin=\"0s\" repeatCount=\"indefinite\"><\/animate>\n  <\/rect>\n<\/g><\/svg>\n<\/div><div class=\"product-list-result\"><div class=\"product-list-item\"><a href=\"https:\/\/www.biovegan.de\/en\/product\/kaeshew-pasta-topping-chili-garlic\/\" class=\"pp-posts-result-link\"><div class=\"thumbnail\"><img fetchpriority=\"high\" decoding=\"async\" width=\"1478\" height=\"2060\" src=\"https:\/\/www.biovegan.de\/wp-content\/uploads\/2022\/07\/20019-PastTopping-Chili-scaled-e1658486546428.jpg\" class=\"attachment-post-thumbnail size-post-thumbnail wp-post-image\" alt=\"Pasta Topping\" srcset=\"https:\/\/www.biovegan.de\/wp-content\/uploads\/2022\/07\/20019-PastTopping-Chili-scaled-e1658486546428.jpg 1478w, https:\/\/www.biovegan.de\/wp-content\/uploads\/2022\/07\/20019-PastTopping-Chili-scaled-e1658486546428-215x300.jpg 215w, https:\/\/www.biovegan.de\/wp-content\/uploads\/2022\/07\/20019-PastTopping-Chili-scaled-e1658486546428-735x1024.jpg 735w, https:\/\/www.biovegan.de\/wp-content\/uploads\/2022\/07\/20019-PastTopping-Chili-scaled-e1658486546428-768x1070.jpg 768w, https:\/\/www.biovegan.de\/wp-content\/uploads\/2022\/07\/20019-PastTopping-Chili-scaled-e1658486546428-1102x1536.jpg 1102w, https:\/\/www.biovegan.de\/wp-content\/uploads\/2022\/07\/20019-PastTopping-Chili-scaled-e1658486546428-1469x2048.jpg 1469w, https:\/\/www.biovegan.de\/wp-content\/uploads\/2022\/07\/20019-PastTopping-Chili-scaled-e1658486546428-160x223.jpg 160w, https:\/\/www.biovegan.de\/wp-content\/uploads\/2022\/07\/20019-PastTopping-Chili-scaled-e1658486546428-190x265.jpg 190w, https:\/\/www.biovegan.de\/wp-content\/uploads\/2022\/07\/20019-PastTopping-Chili-scaled-e1658486546428-177x247.jpg 177w\" sizes=\"(max-width: 1478px) 100vw, 1478px\" \/><\/div>    <div class=\"title\">My K\u00e4shew Pasta Topping Chili Garlic    <\/div><\/a><\/div><div class=\"product-list-item\"><a href=\"https:\/\/www.biovegan.de\/en\/product\/my-kaeshew-pasta-topping-classic\/\" class=\"pp-posts-result-link\"><div class=\"thumbnail\"><img decoding=\"async\" width=\"1877\" height=\"2627\" src=\"https:\/\/www.biovegan.de\/wp-content\/uploads\/2022\/07\/PastaToppingKlassik-Format.png\" class=\"attachment-post-thumbnail size-post-thumbnail wp-post-image\" alt=\"\" srcset=\"https:\/\/www.biovegan.de\/wp-content\/uploads\/2022\/07\/PastaToppingKlassik-Format.png 1877w, https:\/\/www.biovegan.de\/wp-content\/uploads\/2022\/07\/PastaToppingKlassik-Format-214x300.png 214w, https:\/\/www.biovegan.de\/wp-content\/uploads\/2022\/07\/PastaToppingKlassik-Format-732x1024.png 732w, https:\/\/www.biovegan.de\/wp-content\/uploads\/2022\/07\/PastaToppingKlassik-Format-768x1075.png 768w, https:\/\/www.biovegan.de\/wp-content\/uploads\/2022\/07\/PastaToppingKlassik-Format-1097x1536.png 1097w, https:\/\/www.biovegan.de\/wp-content\/uploads\/2022\/07\/PastaToppingKlassik-Format-1463x2048.png 1463w, https:\/\/www.biovegan.de\/wp-content\/uploads\/2022\/07\/PastaToppingKlassik-Format-160x225.png 160w, https:\/\/www.biovegan.de\/wp-content\/uploads\/2022\/07\/PastaToppingKlassik-Format-189x265.png 189w, https:\/\/www.biovegan.de\/wp-content\/uploads\/2022\/07\/PastaToppingKlassik-Format-177x248.png 177w\" sizes=\"(max-width: 1877px) 100vw, 1877px\" \/><\/div>    <div class=\"title\">My K\u00e4shew Pasta Topping Classic    <\/div><\/a><\/div><div class=\"product-list-item\"><a href=\"https:\/\/www.biovegan.de\/en\/product\/omelette-alternative\/\" class=\"pp-posts-result-link\"><div class=\"thumbnail\"><img decoding=\"async\" width=\"1876\" height=\"2625\" src=\"https:\/\/www.biovegan.de\/wp-content\/uploads\/2022\/01\/OmelettErsatz-gruen-Format.png\" class=\"attachment-post-thumbnail size-post-thumbnail wp-post-image\" alt=\"\" srcset=\"https:\/\/www.biovegan.de\/wp-content\/uploads\/2022\/01\/OmelettErsatz-gruen-Format.png 1876w, https:\/\/www.biovegan.de\/wp-content\/uploads\/2022\/01\/OmelettErsatz-gruen-Format-214x300.png 214w, https:\/\/www.biovegan.de\/wp-content\/uploads\/2022\/01\/OmelettErsatz-gruen-Format-732x1024.png 732w, https:\/\/www.biovegan.de\/wp-content\/uploads\/2022\/01\/OmelettErsatz-gruen-Format-768x1075.png 768w, https:\/\/www.biovegan.de\/wp-content\/uploads\/2022\/01\/OmelettErsatz-gruen-Format-1098x1536.png 1098w, https:\/\/www.biovegan.de\/wp-content\/uploads\/2022\/01\/OmelettErsatz-gruen-Format-1464x2048.png 1464w, https:\/\/www.biovegan.de\/wp-content\/uploads\/2022\/01\/OmelettErsatz-gruen-Format-160x225.png 160w, https:\/\/www.biovegan.de\/wp-content\/uploads\/2022\/01\/OmelettErsatz-gruen-Format-189x265.png 189w, https:\/\/www.biovegan.de\/wp-content\/uploads\/2022\/01\/OmelettErsatz-gruen-Format-177x248.png 177w\" sizes=\"(max-width: 1876px) 100vw, 1876px\" \/><\/div>    <div class=\"title\">My Omelette Alternative    <\/div><\/a><\/div><div class=\"product-list-item\"><a href=\"https:\/\/www.biovegan.de\/en\/product\/scrambled-egg-alternative\/\" class=\"pp-posts-result-link\"><div class=\"thumbnail\"><img loading=\"lazy\" decoding=\"async\" width=\"1874\" height=\"2624\" src=\"https:\/\/www.biovegan.de\/wp-content\/uploads\/2022\/01\/RuehreiErsatz-gruen-Format.png\" class=\"attachment-post-thumbnail size-post-thumbnail wp-post-image\" alt=\"\" srcset=\"https:\/\/www.biovegan.de\/wp-content\/uploads\/2022\/01\/RuehreiErsatz-gruen-Format.png 1874w, https:\/\/www.biovegan.de\/wp-content\/uploads\/2022\/01\/RuehreiErsatz-gruen-Format-214x300.png 214w, https:\/\/www.biovegan.de\/wp-content\/uploads\/2022\/01\/RuehreiErsatz-gruen-Format-731x1024.png 731w, https:\/\/www.biovegan.de\/wp-content\/uploads\/2022\/01\/RuehreiErsatz-gruen-Format-768x1075.png 768w, https:\/\/www.biovegan.de\/wp-content\/uploads\/2022\/01\/RuehreiErsatz-gruen-Format-1097x1536.png 1097w, https:\/\/www.biovegan.de\/wp-content\/uploads\/2022\/01\/RuehreiErsatz-gruen-Format-1463x2048.png 1463w, https:\/\/www.biovegan.de\/wp-content\/uploads\/2022\/01\/RuehreiErsatz-gruen-Format-160x225.png 160w, https:\/\/www.biovegan.de\/wp-content\/uploads\/2022\/01\/RuehreiErsatz-gruen-Format-189x265.png 189w, https:\/\/www.biovegan.de\/wp-content\/uploads\/2022\/01\/RuehreiErsatz-gruen-Format-177x248.png 177w\" sizes=\"(max-width: 1874px) 100vw, 1874px\" \/><\/div>    <div class=\"title\">My Scrambled Egg Alternative    <\/div><\/a><\/div><div class=\"product-list-item\"><a href=\"https:\/\/www.biovegan.de\/en\/product\/egg-white-alternative\/\" class=\"pp-posts-result-link\"><div class=\"thumbnail\"><img loading=\"lazy\" decoding=\"async\" width=\"1004\" height=\"1448\" src=\"https:\/\/www.biovegan.de\/wp-content\/uploads\/2022\/01\/BV_Mein_Eiweiss_Ersatz_Vorderseite_2024.jpg\" class=\"attachment-post-thumbnail size-post-thumbnail wp-post-image\" alt=\"\" srcset=\"https:\/\/www.biovegan.de\/wp-content\/uploads\/2022\/01\/BV_Mein_Eiweiss_Ersatz_Vorderseite_2024.jpg 1004w, https:\/\/www.biovegan.de\/wp-content\/uploads\/2022\/01\/BV_Mein_Eiweiss_Ersatz_Vorderseite_2024-208x300.jpg 208w, https:\/\/www.biovegan.de\/wp-content\/uploads\/2022\/01\/BV_Mein_Eiweiss_Ersatz_Vorderseite_2024-710x1024.jpg 710w, https:\/\/www.biovegan.de\/wp-content\/uploads\/2022\/01\/BV_Mein_Eiweiss_Ersatz_Vorderseite_2024-768x1108.jpg 768w, https:\/\/www.biovegan.de\/wp-content\/uploads\/2022\/01\/BV_Mein_Eiweiss_Ersatz_Vorderseite_2024-156x225.jpg 156w, https:\/\/www.biovegan.de\/wp-content\/uploads\/2022\/01\/BV_Mein_Eiweiss_Ersatz_Vorderseite_2024-184x265.jpg 184w, https:\/\/www.biovegan.de\/wp-content\/uploads\/2022\/01\/BV_Mein_Eiweiss_Ersatz_Vorderseite_2024-173x250.jpg 173w\" sizes=\"(max-width: 1004px) 100vw, 1004px\" \/><\/div>    <div class=\"title\">My egg white alternative    <\/div><\/a><\/div><\/div>\t\t\t\t<\/div>\n\t\t\t\t<\/div>\n\t\t\t\t\t<\/div>\n\t\t<\/div>\n\t\t\t\t\t<\/div>\n\t\t<\/section>\n\t\t\t\t<section class=\"elementor-section elementor-top-section elementor-element elementor-element-60283d46 elementor-section-boxed elementor-section-height-default elementor-section-height-default\" data-id=\"60283d46\" data-element_type=\"section\" data-e-type=\"section\">\n\t\t\t\t\t\t<div class=\"elementor-container elementor-column-gap-default\">\n\t\t\t\t\t<div class=\"elementor-column elementor-col-100 elementor-top-column elementor-element elementor-element-5439649e\" data-id=\"5439649e\" data-element_type=\"column\" data-e-type=\"column\">\n\t\t\t<div class=\"elementor-widget-wrap elementor-element-populated\">\n\t\t\t\t\t\t<div class=\"elementor-element elementor-element-52108e23 elementor-widget elementor-widget-heading\" data-id=\"52108e23\" data-element_type=\"widget\" data-e-type=\"widget\" data-widget_type=\"heading.default\">\n\t\t\t\t<div class=\"elementor-widget-container\">\n\t\t\t\t\t<h2 class=\"elementor-heading-title elementor-size-default\">BIOVEGAN vegan alternative products<\/h2>\t\t\t\t<\/div>\n\t\t\t\t<\/div>\n\t\t\t\t<div class=\"elementor-element elementor-element-665f2d7 elementor-widget elementor-widget-text-editor\" data-id=\"665f2d7\" data-element_type=\"widget\" data-e-type=\"widget\" data-widget_type=\"text-editor.default\">\n\t\t\t\t<div class=\"elementor-widget-container\">\n\t\t\t\t\t\t\t\t\t<p>.<\/p>\n\t\t\t\t\t\t\t\t<\/div>\n\t\t\t\t<\/div>\n\t\t\t\t\t<\/div>\n\t\t<\/div>\n\t\t\t\t\t<\/div>\n\t\t<\/section>\n\t\t\t\t<\/div>\n\t\t","protected":false},"excerpt":{"rendered":"<p>Vegan alternative products Our plant-based and organic cheese and egg alternatives make vegan life not only easy, but delicious. Mein Ei-Ersatz, 20 g Mein Ei-Ersatz, 30 g Mein Eiwei\u00df-Ersatz Mein K\u00e4shew Pasta-Topping &#8211; Chili-Knoblauch Mein K\u00e4shew Pasta-Topping &#8211; klassik Mein Omelett-Ersatz Mein R\u00fchrei-Ersatz Mein veganer K\u00e4shew-Dip Meine vegane K\u00e4shew-Sauce BIOVEGAN vegan alternative products .<\/p>\n","protected":false},"author":1,"featured_media":0,"parent":9418,"menu_order":0,"comment_status":"closed","ping_status":"closed","template":"","meta":{"_acf_changed":false,"footnotes":""},"class_list":["post-10746","page","type-page","status-publish","hentry","wpbf-post"],"acf":[],"_links":{"self":[{"href":"https:\/\/www.biovegan.de\/en\/wp-json\/wp\/v2\/pages\/10746","targetHints":{"allow":["GET"]}}],"collection":[{"href":"https:\/\/www.biovegan.de\/en\/wp-json\/wp\/v2\/pages"}],"about":[{"href":"https:\/\/www.biovegan.de\/en\/wp-json\/wp\/v2\/types\/page"}],"author":[{"embeddable":true,"href":"https:\/\/www.biovegan.de\/en\/wp-json\/wp\/v2\/users\/1"}],"replies":[{"embeddable":true,"href":"https:\/\/www.biovegan.de\/en\/wp-json\/wp\/v2\/comments?post=10746"}],"version-history":[{"count":1,"href":"https:\/\/www.biovegan.de\/en\/wp-json\/wp\/v2\/pages\/10746\/revisions"}],"predecessor-version":[{"id":37164,"href":"https:\/\/www.biovegan.de\/en\/wp-json\/wp\/v2\/pages\/10746\/revisions\/37164"}],"up":[{"embeddable":true,"href":"https:\/\/www.biovegan.de\/en\/wp-json\/wp\/v2\/pages\/9418"}],"wp:attachment":[{"href":"https:\/\/www.biovegan.de\/en\/wp-json\/wp\/v2\/media?parent=10746"}],"curies":[{"name":"wp","href":"https:\/\/api.w.org\/{rel}","templated":true}]}}